{"id":73552,"date":"2023-03-20T13:45:39","date_gmt":"2023-03-20T12:45:39","guid":{"rendered":"https:\/\/watchdeluxe.it\/prodotto\/montbalnc-portefeuille-6-compartiments-extreme-3-0-ref-129981\/"},"modified":"2026-01-16T13:51:20","modified_gmt":"2026-01-16T12:51:20","slug":"montbalnc-portafoglio-6-scomparti-extreme-3-0-ref-129981","status":"publish","type":"product","link":"https:\/\/watchdeluxe.it\/fr\/prodotto\/montbalnc-portafoglio-6-scomparti-extreme-3-0-ref-129981\/","title":{"rendered":"Montbalnc Portefeuille 6 compartiments Extreme 3.0 ref. 129981"},"content":{"rendered":"<p>Montbalnc Portefeuille 6 compartiments Extreme 3.0 ref. 129981<\/p>\n<p>Le portefeuille <b>Montblanc Extreme<\/b> 3.0 dispose de 6 fentes pour cartes de cr\u00e9dit, d&#8217;un grand compartiment pour les notes, les re\u00e7us et le t\u00e9l\u00e9phone portable, ainsi que d&#8217;une poche zipp\u00e9e pratique pour les Apple AirPods Pro. Le cuir de vachette pleine fleur gaufr\u00e9 avec le motif Montblanc Extreme 3.0 et les d\u00e9tails en m\u00e9tal noir offrent un style incomparable. Gr\u00e2ce \u00e0 la dragonne amovible, il peut \u00eatre port\u00e9 au poignet pour un look branch\u00e9 ou \u00eatre rang\u00e9 dans un sac plus grand.<\/p>\n","protected":false},"excerpt":{"rendered":"<p>Montbalnc Portefeuille 6 compartiments Extreme 3.0 ref. 129981 Le portefeuille Montblanc Extreme 3.0 dispose de 6 fentes pour cartes de cr\u00e9dit, d&#8217;un grand compartiment pour les notes, les re\u00e7us et le t\u00e9l\u00e9phone portable, ainsi que d&#8217;une poche zipp\u00e9e pratique pour les Apple AirPods Pro. Le cuir de vachette pleine fleur gaufr\u00e9 avec le motif Montblanc [&hellip;]<\/p>\n","protected":false},"featured_media":148066,"template":"","meta":{"_crdt_document":"","advanced_seo_description":"","jetpack_seo_html_title":"","jetpack_seo_noindex":false},"product_brand":[],"product_cat":[2241],"product_tag":[3106],"berocket_brand":[],"woo-feed-brand":[],"class_list":{"0":"post-73552","1":"product","2":"type-product","3":"status-publish","4":"has-post-thumbnail","6":"product_cat-montblanc-fr","7":"product_tag-portefeuille-fr","9":"first","10":"instock","11":"sale","12":"taxable","13":"shipping-taxable","14":"purchasable","15":"product-type-simple"},"bundled_by":[],"bundle_stock_status":"instock","bundle_stock_quantity":1,"bundle_virtual":false,"bundle_layout":"","bundle_add_to_cart_form_location":"","bundle_editable_in_cart":false,"bundle_sold_individually_context":"","bundle_item_grouping":"","bundle_min_size":"","bundle_max_size":"","bundle_price":[],"bundled_items":[],"bundle_sell_ids":[],"group_of_quantity":0,"min_quantity":0,"max_quantity":"","exclude_order_quantity_value_rules":"no","exclude_category_quantity_rules":"no","combine_variations":"no","jetpack_sharing_enabled":true,"jetpack_likes_enabled":true,"_links":{"self":[{"href":"https:\/\/watchdeluxe.it\/fr\/wp-json\/wp\/v2\/product\/73552","targetHints":{"allow":["GET"]}}],"collection":[{"href":"https:\/\/watchdeluxe.it\/fr\/wp-json\/wp\/v2\/product"}],"about":[{"href":"https:\/\/watchdeluxe.it\/fr\/wp-json\/wp\/v2\/types\/product"}],"wp:featuredmedia":[{"embeddable":true,"href":"https:\/\/watchdeluxe.it\/fr\/wp-json\/wp\/v2\/media\/148066"}],"wp:attachment":[{"href":"https:\/\/watchdeluxe.it\/fr\/wp-json\/wp\/v2\/media?parent=73552"}],"wp:term":[{"taxonomy":"product_brand","embeddable":true,"href":"https:\/\/watchdeluxe.it\/fr\/wp-json\/wp\/v2\/product_brand?post=73552"},{"taxonomy":"product_cat","embeddable":true,"href":"https:\/\/watchdeluxe.it\/fr\/wp-json\/wp\/v2\/product_cat?post=73552"},{"taxonomy":"product_tag","embeddable":true,"href":"https:\/\/watchdeluxe.it\/fr\/wp-json\/wp\/v2\/product_tag?post=73552"},{"taxonomy":"berocket_brand","embeddable":true,"href":"https:\/\/watchdeluxe.it\/fr\/wp-json\/wp\/v2\/berocket_brand?post=73552"},{"taxonomy":"woo-feed-brand","embeddable":true,"href":"https:\/\/watchdeluxe.it\/fr\/wp-json\/wp\/v2\/woo-feed-brand?post=73552"}],"curies":[{"name":"wp","href":"https:\/\/api.w.org\/{rel}","templated":true}]}}