{"id":73550,"date":"2023-03-20T13:45:34","date_gmt":"2023-03-20T12:45:34","guid":{"rendered":"https:\/\/watchdeluxe.it\/prodotto\/montblanc-patron-of-art-stylo-plume-hommage-a-victoria-edition-limitee-4810-ref-127847\/"},"modified":"2026-04-06T05:50:06","modified_gmt":"2026-04-06T03:50:06","slug":"montblanc-patron-of-art-homage-to-victoria-limited-edition-4810-ref-127847","status":"publish","type":"product","link":"https:\/\/watchdeluxe.it\/fr\/prodotto\/montblanc-patron-of-art-homage-to-victoria-limited-edition-4810-ref-127847\/","title":{"rendered":"Montblanc Stylo-plume Patron of Art Homage to Victoria \u00c9dition Limit\u00e9e 4810 R\u00e9f. 127847"},"content":{"rendered":"<p>Montblanc Stylo-plume Patron of Art Homage to Victoria \u00c9dition Limit\u00e9e 4810 R\u00e9f. 127847<\/p>\n<div class=\"short-description\">En 2022, l&#8217;\u00e9dition Montblanc Patron of Art est d\u00e9di\u00e9e \u00e0 la Reine Victoria et au Prince Albert. L&#8217;\u00e9dition limit\u00e9e 4810 est une splendide \u00e9dition double : l&#8217;une rend hommage \u00e0 la reine Victoria, l&#8217;autre au prince consort Albert. Le Montblanc Patron of Art Homage to Victoria Limited Edition 4810 c\u00e9l\u00e8bre la jeune Victoria et pr\u00e9sente un corps en laque blanc perle et un capuchon en laque vert menthe translucide avec un motif victorien en dessous. Les finitions sont en or exclusif. La forme du clip est un hommage \u00e0 son sceptre, tandis que la pierre synth\u00e9tique vert fonc\u00e9 rend hommage \u00e0 sa bague de fian\u00e7ailles. Le sommet du capuchon s&#8217;inspire de la couronne royale et est orn\u00e9 de l&#8217;embl\u00e8me Montblanc en r\u00e9sine fine blanche. L&#8217;anneau du capuchon est grav\u00e9 des mots &#8220;Je serai bon&#8221;, tandis que le c\u00f4ne est d\u00e9cor\u00e9 d&#8217;une gravure sp\u00e9ciale. En hommage au surnom de Victoria &#8211; &#8220;la rose de l&#8217;Angleterre&#8221; &#8211; la plume en or 750 massif, travaill\u00e9e \u00e0 la main, porte le gaufrage d&#8217;une rose. Avec un rev\u00eatement exclusif en or et\/ou en or, Montblanc d\u00e9crit la nuance lumineuse de l&#8217;or jaune qui est devenue le symbole des instruments d&#8217;\u00e9criture de la Maison.<\/div>\n<p>&nbsp;<\/p>\n<p>&nbsp;<\/p>\n<div class=\"product-collateral\">\n<div class=\"product-specs-box\">\n<div class=\"title\"><strong>D\u00e9tails du produit<\/strong><\/div>\n<div class=\"table-wrapper\">\n<table class=\"data-table\">\n<colgroup>\n<col width=\"25%\">\n<col> <\/colgroup>\n<tbody>\n<tr class=\"odd\">\n<td class=\"spec-name\">Marque<\/td>\n<td class=\"spec-value\">Montblanc<\/td>\n<\/tr>\n<tr class=\"even\">\n<td class=\"spec-name\">Collection<\/td>\n<td class=\"spec-value\">Writers Edition<\/td>\n<\/tr>\n<tr class=\"odd\">\n<td class=\"spec-name\">Type<\/td>\n<td class=\"spec-value\">Stylo plume<\/td>\n<\/tr>\n<tr class=\"even\">\n<td class=\"spec-name\">COULEUR<\/td>\n<td class=\"spec-value\">BLANC<\/td>\n<\/tr>\n<\/tbody>\n<\/table>\n<\/div>\n<\/div>\n<\/div>\n","protected":false},"excerpt":{"rendered":"<p>Montblanc Stylo-plume Patron of Art Homage to Victoria \u00c9dition Limit\u00e9e 4810 R\u00e9f. 127847 En 2022, l&#8217;\u00e9dition Montblanc Patron of Art est d\u00e9di\u00e9e \u00e0 la Reine Victoria et au Prince Albert. L&#8217;\u00e9dition limit\u00e9e 4810 est une splendide \u00e9dition double : l&#8217;une rend hommage \u00e0 la reine Victoria, l&#8217;autre au prince consort Albert. Le Montblanc Patron of [&hellip;]<\/p>\n","protected":false},"featured_media":164354,"template":"","meta":{"_crdt_document":"","advanced_seo_description":"","jetpack_seo_html_title":"","jetpack_seo_noindex":false},"product_brand":[],"product_cat":[2241],"product_tag":[2493,2252],"berocket_brand":[],"woo-feed-brand":[],"class_list":{"0":"post-73550","1":"product","2":"type-product","3":"status-publish","4":"has-post-thumbnail","6":"product_cat-montblanc-fr","7":"product_tag-stylo","8":"product_tag-stylos","10":"first","11":"instock","12":"sale","13":"taxable","14":"shipping-taxable","15":"purchasable","16":"product-type-simple"},"bundled_by":[],"bundle_stock_status":"instock","bundle_stock_quantity":1,"bundle_virtual":false,"bundle_layout":"","bundle_add_to_cart_form_location":"","bundle_editable_in_cart":false,"bundle_sold_individually_context":"","bundle_item_grouping":"","bundle_min_size":"","bundle_max_size":"","bundle_price":[],"bundled_items":[],"bundle_sell_ids":[],"group_of_quantity":0,"min_quantity":0,"max_quantity":"","exclude_order_quantity_value_rules":"no","exclude_category_quantity_rules":"no","combine_variations":"no","jetpack_sharing_enabled":true,"jetpack_likes_enabled":true,"_links":{"self":[{"href":"https:\/\/watchdeluxe.it\/fr\/wp-json\/wp\/v2\/product\/73550","targetHints":{"allow":["GET"]}}],"collection":[{"href":"https:\/\/watchdeluxe.it\/fr\/wp-json\/wp\/v2\/product"}],"about":[{"href":"https:\/\/watchdeluxe.it\/fr\/wp-json\/wp\/v2\/types\/product"}],"wp:featuredmedia":[{"embeddable":true,"href":"https:\/\/watchdeluxe.it\/fr\/wp-json\/wp\/v2\/media\/164354"}],"wp:attachment":[{"href":"https:\/\/watchdeluxe.it\/fr\/wp-json\/wp\/v2\/media?parent=73550"}],"wp:term":[{"taxonomy":"product_brand","embeddable":true,"href":"https:\/\/watchdeluxe.it\/fr\/wp-json\/wp\/v2\/product_brand?post=73550"},{"taxonomy":"product_cat","embeddable":true,"href":"https:\/\/watchdeluxe.it\/fr\/wp-json\/wp\/v2\/product_cat?post=73550"},{"taxonomy":"product_tag","embeddable":true,"href":"https:\/\/watchdeluxe.it\/fr\/wp-json\/wp\/v2\/product_tag?post=73550"},{"taxonomy":"berocket_brand","embeddable":true,"href":"https:\/\/watchdeluxe.it\/fr\/wp-json\/wp\/v2\/berocket_brand?post=73550"},{"taxonomy":"woo-feed-brand","embeddable":true,"href":"https:\/\/watchdeluxe.it\/fr\/wp-json\/wp\/v2\/woo-feed-brand?post=73550"}],"curies":[{"name":"wp","href":"https:\/\/api.w.org\/{rel}","templated":true}]}}