{"id":73470,"date":"2023-03-20T13:45:15","date_gmt":"2023-03-20T12:45:15","guid":{"rendered":"https:\/\/watchdeluxe.it\/prodotto\/montblanc-porte-cartes-6-compartiments-meisterstuck-ref-129910\/"},"modified":"2026-04-03T10:42:45","modified_gmt":"2026-04-03T08:42:45","slug":"montblanc-card-holder-6-compartments-meisterstuck-ref-129910","status":"publish","type":"product","link":"https:\/\/watchdeluxe.it\/fr\/prodotto\/montblanc-card-holder-6-compartments-meisterstuck-ref-129910\/","title":{"rendered":"MONTBLANC Porte-cartes 6 compartiments Meisterst\u00fcck R\u00c9F. 129910"},"content":{"rendered":"<p>MONTBLANC Porte-cartes 6 compartiments Meisterst\u00fcck REF. 129910nn<span class=\"value\">Gr\u00e2ce \u00e0 son design compact qui lui permet de se glisser facilement dans les poches et les sacs, ce porte-billets Meisterst\u00fcck est un compagnon pratique de tous les jours. Con\u00e7u pour contenir jusqu&#8217;\u00e0 six cartes de cr\u00e9dit, il est dot\u00e9 d&#8217;un compartiment zipp\u00e9 pour les billets de banque et autres petits objets essentiels. L&#8217;embl\u00e8me Montblanc ajoute une touche d&#8217;\u00e9l\u00e9gance \u00e0 l&#8217;ext\u00e9rieur.<\/span>nn<span class=\"value\"> <span class=\"materials\"> <span class=\"key\">Mati\u00e8re<\/span> Cuir de veau <\/span> <span class=\"leather\"> <span class=\"key\">Cuir de<\/span> veau pleine fleur, tannage au chrome, semi-aniline, teint\u00e9 dans la masse <\/span> <span class=\"brand_colour\"> <span class=\"key\">Couleur<\/span> Bleu <\/span> <span class=\"lining\"> <span class=\"key\">Doublure<\/span> Tissu recycl\u00e9<\/span><\/span>nn<span class=\"value\"><span class=\"lining\"> <span class=\"length first\"> <span class=\"key\">Dimensions<\/span> 150X <\/span> <span class=\"width\"> 5 <\/span> <span class=\"height last\"> X100 <span class=\"unit\">mm<\/span> <\/span> <span class=\"emblem\"> <span class=\"key\">Finitions \/ Embl\u00e8me<\/span><\/span><\/span><\/span><\/p>\n","protected":false},"excerpt":{"rendered":"<p>MONTBLANC Porte-cartes 6 compartiments Meisterst\u00fcck REF. 129910nnGr\u00e2ce \u00e0 son design compact qui lui permet de se glisser facilement dans les poches et les sacs, ce porte-billets Meisterst\u00fcck est un compagnon pratique de tous les jours. Con\u00e7u pour contenir jusqu&#8217;\u00e0 six cartes de cr\u00e9dit, il est dot\u00e9 d&#8217;un compartiment zipp\u00e9 pour les billets de banque et [&hellip;]<\/p>\n","protected":false},"featured_media":25174,"template":"","meta":{"_crdt_document":"","advanced_seo_description":"","jetpack_seo_html_title":"","jetpack_seo_noindex":false,"jetpack_post_was_ever_published":false},"product_brand":[],"product_cat":[2241],"product_tag":[2500,2493],"berocket_brand":[],"woo-feed-brand":[],"class_list":{"0":"post-73470","1":"product","2":"type-product","3":"status-publish","4":"has-post-thumbnail","6":"product_cat-montblanc-fr","7":"product_tag-porte-cartes","8":"product_tag-stylo","10":"first","11":"instock","12":"sale","13":"taxable","14":"shipping-taxable","15":"purchasable","16":"product-type-simple"},"bundled_by":[],"bundle_stock_status":"instock","bundle_stock_quantity":1,"bundle_virtual":false,"bundle_layout":"","bundle_add_to_cart_form_location":"","bundle_editable_in_cart":false,"bundle_sold_individually_context":"","bundle_item_grouping":"","bundle_min_size":"","bundle_max_size":"","bundle_price":[],"bundled_items":[],"bundle_sell_ids":[],"group_of_quantity":0,"min_quantity":0,"max_quantity":"","exclude_order_quantity_value_rules":"no","exclude_category_quantity_rules":"no","combine_variations":"no","exclude_global_add_ons":[],"addons":[],"jetpack_sharing_enabled":true,"jetpack_likes_enabled":true,"_links":{"self":[{"href":"https:\/\/watchdeluxe.it\/fr\/wp-json\/wp\/v2\/product\/73470","targetHints":{"allow":["GET"]}}],"collection":[{"href":"https:\/\/watchdeluxe.it\/fr\/wp-json\/wp\/v2\/product"}],"about":[{"href":"https:\/\/watchdeluxe.it\/fr\/wp-json\/wp\/v2\/types\/product"}],"wp:featuredmedia":[{"embeddable":true,"href":"https:\/\/watchdeluxe.it\/fr\/wp-json\/wp\/v2\/media\/25174"}],"wp:attachment":[{"href":"https:\/\/watchdeluxe.it\/fr\/wp-json\/wp\/v2\/media?parent=73470"}],"wp:term":[{"taxonomy":"product_brand","embeddable":true,"href":"https:\/\/watchdeluxe.it\/fr\/wp-json\/wp\/v2\/product_brand?post=73470"},{"taxonomy":"product_cat","embeddable":true,"href":"https:\/\/watchdeluxe.it\/fr\/wp-json\/wp\/v2\/product_cat?post=73470"},{"taxonomy":"product_tag","embeddable":true,"href":"https:\/\/watchdeluxe.it\/fr\/wp-json\/wp\/v2\/product_tag?post=73470"},{"taxonomy":"berocket_brand","embeddable":true,"href":"https:\/\/watchdeluxe.it\/fr\/wp-json\/wp\/v2\/berocket_brand?post=73470"},{"taxonomy":"woo-feed-brand","embeddable":true,"href":"https:\/\/watchdeluxe.it\/fr\/wp-json\/wp\/v2\/woo-feed-brand?post=73470"}],"curies":[{"name":"wp","href":"https:\/\/api.w.org\/{rel}","templated":true}]}}