{"id":73149,"date":"2023-03-20T13:45:48","date_gmt":"2023-03-20T12:45:48","guid":{"rendered":"https:\/\/watchdeluxe.it\/prodotto\/montblanc-compact-wallet-6-compartiments-extreme-3-0-ref-129975\/"},"modified":"2026-01-21T15:21:02","modified_gmt":"2026-01-21T14:21:02","slug":"montblanc-portefeuille-compact-6-compartiments-extreme-3-0-ref-129975","status":"publish","type":"product","link":"https:\/\/watchdeluxe.it\/fr\/prodotto\/montblanc-portefeuille-compact-6-compartiments-extreme-3-0-ref-129975\/","title":{"rendered":"Montblanc Compact Wallet 6 Compartiments Extreme 3.0 Ref. 129975"},"content":{"rendered":"<p>Montblanc Compact Wallet 6 Compartiments Extreme 3.0 Ref. 129975<\/p>\n<div class=\"short-description\">Le portefeuille compact Montblanc Extreme 3.0 dispose de 6 fentes pour cartes de cr\u00e9dit et de poches pour billets de banque et re\u00e7us. Le cuir de vachette pleine fleur gaufr\u00e9 avec le motif Montblanc Extreme 3.0 et les d\u00e9tails en m\u00e9tal noir offrent un style incomparable. Gr\u00e2ce \u00e0 l&#8217;anneau situ\u00e9 au dos, vous pouvez accrocher le portefeuille \u00e0 un crochet ou \u00e0 une lani\u00e8re de cou pour garder vos objets essentiels \u00e0 port\u00e9e de main. Courroie de cou vendue s\u00e9par\u00e9ment.<\/div>\n<p>&nbsp;<\/p>\n<p>&nbsp;<\/p>\n<div class=\"product-collateral\">\n<div class=\"product-specs-box\">\n<div class=\"title\"><strong>D\u00e9tails du produit<\/strong><\/div>\n<div class=\"table-wrapper\">\n<table class=\"data-table\">\n<colgroup>\n<col width=\"25%\">\n<col> <\/colgroup>\n<tbody>\n<tr class=\"odd\">\n<td class=\"spec-name\">Marque<\/td>\n<td class=\"spec-value\">Montblanc<\/td>\n<\/tr>\n<tr class=\"even\">\n<td class=\"spec-name\">Ligne<\/td>\n<td class=\"spec-value\">Extr\u00eame 3.0<\/td>\n<\/tr>\n<tr class=\"odd\">\n<td class=\"spec-name\">Type<\/td>\n<td class=\"spec-value\">Portefeuilles<\/td>\n<\/tr>\n<tr class=\"even\">\n<td class=\"spec-name\">Mat\u00e9riau<\/td>\n<td class=\"spec-value\">CUIR<\/td>\n<\/tr>\n<tr class=\"odd\">\n<td class=\"spec-name\">COULEUR<\/td>\n<td class=\"spec-value\">NOIR<\/td>\n<\/tr>\n<\/tbody>\n<\/table>\n<\/div>\n<\/div>\n<\/div>\n","protected":false},"excerpt":{"rendered":"<p>Montblanc Compact Wallet 6 Compartiments Extreme 3.0 Ref. 129975 Le portefeuille compact Montblanc Extreme 3.0 dispose de 6 fentes pour cartes de cr\u00e9dit et de poches pour billets de banque et re\u00e7us. Le cuir de vachette pleine fleur gaufr\u00e9 avec le motif Montblanc Extreme 3.0 et les d\u00e9tails en m\u00e9tal noir offrent un style incomparable. [&hellip;]<\/p>\n","protected":false},"featured_media":61544,"template":"","meta":{"_crdt_document":"","advanced_seo_description":"","jetpack_seo_html_title":"","jetpack_seo_noindex":false},"product_brand":[],"product_cat":[2244],"product_tag":[2347],"berocket_brand":[],"woo-feed-brand":[],"class_list":{"0":"post-73149","1":"product","2":"type-product","3":"status-publish","4":"has-post-thumbnail","6":"product_cat-montblanc-en","7":"product_tag-wallet","9":"first","10":"instock","11":"sale","12":"taxable","13":"shipping-taxable","14":"purchasable","15":"product-type-simple"},"bundled_by":[],"bundle_stock_status":"instock","bundle_stock_quantity":1,"bundle_virtual":false,"bundle_layout":"","bundle_add_to_cart_form_location":"","bundle_editable_in_cart":false,"bundle_sold_individually_context":"","bundle_item_grouping":"","bundle_min_size":"","bundle_max_size":"","bundle_price":[],"bundled_items":[],"bundle_sell_ids":[],"group_of_quantity":0,"min_quantity":0,"max_quantity":"","exclude_order_quantity_value_rules":"no","exclude_category_quantity_rules":"no","combine_variations":"no","jetpack_sharing_enabled":true,"jetpack_likes_enabled":true,"_links":{"self":[{"href":"https:\/\/watchdeluxe.it\/fr\/wp-json\/wp\/v2\/product\/73149","targetHints":{"allow":["GET"]}}],"collection":[{"href":"https:\/\/watchdeluxe.it\/fr\/wp-json\/wp\/v2\/product"}],"about":[{"href":"https:\/\/watchdeluxe.it\/fr\/wp-json\/wp\/v2\/types\/product"}],"wp:featuredmedia":[{"embeddable":true,"href":"https:\/\/watchdeluxe.it\/fr\/wp-json\/wp\/v2\/media\/61544"}],"wp:attachment":[{"href":"https:\/\/watchdeluxe.it\/fr\/wp-json\/wp\/v2\/media?parent=73149"}],"wp:term":[{"taxonomy":"product_brand","embeddable":true,"href":"https:\/\/watchdeluxe.it\/fr\/wp-json\/wp\/v2\/product_brand?post=73149"},{"taxonomy":"product_cat","embeddable":true,"href":"https:\/\/watchdeluxe.it\/fr\/wp-json\/wp\/v2\/product_cat?post=73149"},{"taxonomy":"product_tag","embeddable":true,"href":"https:\/\/watchdeluxe.it\/fr\/wp-json\/wp\/v2\/product_tag?post=73149"},{"taxonomy":"berocket_brand","embeddable":true,"href":"https:\/\/watchdeluxe.it\/fr\/wp-json\/wp\/v2\/berocket_brand?post=73149"},{"taxonomy":"woo-feed-brand","embeddable":true,"href":"https:\/\/watchdeluxe.it\/fr\/wp-json\/wp\/v2\/woo-feed-brand?post=73149"}],"curies":[{"name":"wp","href":"https:\/\/api.w.org\/{rel}","templated":true}]}}