{"id":72947,"date":"2023-03-20T13:46:00","date_gmt":"2023-03-20T12:46:00","guid":{"rendered":"https:\/\/watchdeluxe.it\/prodotto\/stylo-plume-montblanc-around-the-world-in-80-days-ref-126344\/"},"modified":"2026-04-14T14:27:03","modified_gmt":"2026-04-14T12:27:03","slug":"montblanc-stylo-plume-tour-du-monde-en-80-jours-ref-126344","status":"publish","type":"product","link":"https:\/\/watchdeluxe.it\/fr\/prodotto\/montblanc-stylo-plume-tour-du-monde-en-80-jours-ref-126344\/","title":{"rendered":"Montblanc stylo plume Le Tour du monde en 80 jours r\u00e9f. 126344"},"content":{"rendered":"<p>Stylo plume Montblanc Le Tour du Monde en 80 Jours R\u00c9F. 126344<\/p>\n<p>Sur le dessus de la casquette est grav\u00e9e la dur\u00e9e du voyage, soit 18 jours de Londres \u00e0 Bombay et 80 jours au total. L&#8217;instrument d&#8217;\u00e9criture est compl\u00e9t\u00e9 par une plume r\u00e9alis\u00e9e \u00e0 la main en or 14 carats finition rhodium, d\u00e9cor\u00e9e d&#8217;une montgolfi\u00e8re et des dates de d\u00e9but et de fin du voyage aventureux.<br \/>\nPlume M<\/p>\n","protected":false},"excerpt":{"rendered":"<p>Stylo plume Montblanc Le Tour du Monde en 80 Jours R\u00c9F. 126344 Sur le dessus de la casquette est grav\u00e9e la dur\u00e9e du voyage, soit 18 jours de Londres \u00e0 Bombay et 80 jours au total. L&#8217;instrument d&#8217;\u00e9criture est compl\u00e9t\u00e9 par une plume r\u00e9alis\u00e9e \u00e0 la main en or 14 carats finition rhodium, d\u00e9cor\u00e9e d&#8217;une [&hellip;]<\/p>\n","protected":false},"featured_media":174786,"template":"","meta":{"_crdt_document":"","advanced_seo_description":"","jetpack_seo_html_title":"","jetpack_seo_noindex":false},"product_brand":[],"product_cat":[2241],"product_tag":[2252],"berocket_brand":[],"woo-feed-brand":[],"class_list":{"0":"post-72947","1":"product","2":"type-product","3":"status-publish","4":"has-post-thumbnail","6":"product_cat-montblanc-fr","7":"product_tag-stylos","9":"first","10":"instock","11":"sale","12":"taxable","13":"shipping-taxable","14":"purchasable","15":"product-type-simple"},"bundled_by":[],"bundle_stock_status":"instock","bundle_stock_quantity":1,"bundle_virtual":false,"bundle_layout":"","bundle_add_to_cart_form_location":"","bundle_editable_in_cart":false,"bundle_sold_individually_context":"","bundle_item_grouping":"","bundle_min_size":"","bundle_max_size":"","bundle_price":[],"bundled_items":[],"bundle_sell_ids":[],"group_of_quantity":0,"min_quantity":0,"max_quantity":"","exclude_order_quantity_value_rules":"no","exclude_category_quantity_rules":"no","combine_variations":"no","jetpack_sharing_enabled":true,"jetpack_likes_enabled":true,"_links":{"self":[{"href":"https:\/\/watchdeluxe.it\/fr\/wp-json\/wp\/v2\/product\/72947","targetHints":{"allow":["GET"]}}],"collection":[{"href":"https:\/\/watchdeluxe.it\/fr\/wp-json\/wp\/v2\/product"}],"about":[{"href":"https:\/\/watchdeluxe.it\/fr\/wp-json\/wp\/v2\/types\/product"}],"wp:featuredmedia":[{"embeddable":true,"href":"https:\/\/watchdeluxe.it\/fr\/wp-json\/wp\/v2\/media\/174786"}],"wp:attachment":[{"href":"https:\/\/watchdeluxe.it\/fr\/wp-json\/wp\/v2\/media?parent=72947"}],"wp:term":[{"taxonomy":"product_brand","embeddable":true,"href":"https:\/\/watchdeluxe.it\/fr\/wp-json\/wp\/v2\/product_brand?post=72947"},{"taxonomy":"product_cat","embeddable":true,"href":"https:\/\/watchdeluxe.it\/fr\/wp-json\/wp\/v2\/product_cat?post=72947"},{"taxonomy":"product_tag","embeddable":true,"href":"https:\/\/watchdeluxe.it\/fr\/wp-json\/wp\/v2\/product_tag?post=72947"},{"taxonomy":"berocket_brand","embeddable":true,"href":"https:\/\/watchdeluxe.it\/fr\/wp-json\/wp\/v2\/berocket_brand?post=72947"},{"taxonomy":"woo-feed-brand","embeddable":true,"href":"https:\/\/watchdeluxe.it\/fr\/wp-json\/wp\/v2\/woo-feed-brand?post=72947"}],"curies":[{"name":"wp","href":"https:\/\/api.w.org\/{rel}","templated":true}]}}