{"id":72942,"date":"2023-03-20T13:46:02","date_gmt":"2023-03-20T12:46:02","guid":{"rendered":"https:\/\/watchdeluxe.it\/prodotto\/montblanc-solitaire-stylo-plume-legrand-meisterstuck-le-tour-du-monde-en-80-jours-ref-126353\/"},"modified":"2026-04-06T05:47:04","modified_gmt":"2026-04-06T03:47:04","slug":"montblanc-pen-solitaire-legrand-meisterstuck-autour-du-monde-en-80-jours-ref-126353","status":"publish","type":"product","link":"https:\/\/watchdeluxe.it\/fr\/prodotto\/montblanc-pen-solitaire-legrand-meisterstuck-autour-du-monde-en-80-jours-ref-126353\/","title":{"rendered":"Montblanc stylo-plume solitaire legrand MEISTERST\u00dcCK Around the World in 80 Days R\u00c9F. 126353"},"content":{"rendered":"<p>Montblanc stylo-plume solitaire legrand MEISTERST\u00dcCK Around the World in 80 Days R\u00c9F. 126353<\/p>\n<p>Le stylo-plume Solitaire LeGrand en laque bleue translucide avec finition d\u00e9grad\u00e9e repr\u00e9sente la premi\u00e8re partie du voyage. Les protagonistes voyagent sur un bateau \u00e0 vapeur de Londres \u00e0 Bombay, en traversant la mer M\u00e9diterran\u00e9e et le canal de Suez. Le capuchon et le corps reprennent des \u00e9l\u00e9ments embl\u00e9matiques du roman : des vagues, des cartes et un cartouche avec un dessin de bateau \u00e0 vapeur grav\u00e9 au laser. Sur le dessus de la casquette est grav\u00e9e la dur\u00e9e du voyage, soit 18 jours de Londres \u00e0 Bombay et 80 jours au total. L&#8217;instrument d&#8217;\u00e9criture est compl\u00e9t\u00e9 par une plume en or 18 K fabriqu\u00e9e \u00e0 la main, en finition bicolore rhodium et champagne, d\u00e9cor\u00e9e d&#8217;une montgolfi\u00e8re et des dates de d\u00e9but et de fin du voyage aventureux.<\/p>\n","protected":false},"excerpt":{"rendered":"<p>Montblanc stylo-plume solitaire legrand MEISTERST\u00dcCK Around the World in 80 Days R\u00c9F. 126353 Le stylo-plume Solitaire LeGrand en laque bleue translucide avec finition d\u00e9grad\u00e9e repr\u00e9sente la premi\u00e8re partie du voyage. Les protagonistes voyagent sur un bateau \u00e0 vapeur de Londres \u00e0 Bombay, en traversant la mer M\u00e9diterran\u00e9e et le canal de Suez. Le capuchon et [&hellip;]<\/p>\n","protected":false},"featured_media":165639,"template":"","meta":{"_crdt_document":"","advanced_seo_description":"","jetpack_seo_html_title":"","jetpack_seo_noindex":false},"product_brand":[],"product_cat":[2241],"product_tag":[2252],"berocket_brand":[],"woo-feed-brand":[],"class_list":{"0":"post-72942","1":"product","2":"type-product","3":"status-publish","4":"has-post-thumbnail","6":"product_cat-montblanc-fr","7":"product_tag-stylos","9":"first","10":"instock","11":"sale","12":"taxable","13":"shipping-taxable","14":"purchasable","15":"product-type-simple"},"bundled_by":[],"bundle_stock_status":"instock","bundle_stock_quantity":1,"bundle_virtual":false,"bundle_layout":"","bundle_add_to_cart_form_location":"","bundle_editable_in_cart":false,"bundle_sold_individually_context":"","bundle_item_grouping":"","bundle_min_size":"","bundle_max_size":"","bundle_price":[],"bundled_items":[],"bundle_sell_ids":[],"group_of_quantity":0,"min_quantity":0,"max_quantity":"","exclude_order_quantity_value_rules":"no","exclude_category_quantity_rules":"no","combine_variations":"no","jetpack_sharing_enabled":true,"jetpack_likes_enabled":true,"_links":{"self":[{"href":"https:\/\/watchdeluxe.it\/fr\/wp-json\/wp\/v2\/product\/72942","targetHints":{"allow":["GET"]}}],"collection":[{"href":"https:\/\/watchdeluxe.it\/fr\/wp-json\/wp\/v2\/product"}],"about":[{"href":"https:\/\/watchdeluxe.it\/fr\/wp-json\/wp\/v2\/types\/product"}],"wp:featuredmedia":[{"embeddable":true,"href":"https:\/\/watchdeluxe.it\/fr\/wp-json\/wp\/v2\/media\/165639"}],"wp:attachment":[{"href":"https:\/\/watchdeluxe.it\/fr\/wp-json\/wp\/v2\/media?parent=72942"}],"wp:term":[{"taxonomy":"product_brand","embeddable":true,"href":"https:\/\/watchdeluxe.it\/fr\/wp-json\/wp\/v2\/product_brand?post=72942"},{"taxonomy":"product_cat","embeddable":true,"href":"https:\/\/watchdeluxe.it\/fr\/wp-json\/wp\/v2\/product_cat?post=72942"},{"taxonomy":"product_tag","embeddable":true,"href":"https:\/\/watchdeluxe.it\/fr\/wp-json\/wp\/v2\/product_tag?post=72942"},{"taxonomy":"berocket_brand","embeddable":true,"href":"https:\/\/watchdeluxe.it\/fr\/wp-json\/wp\/v2\/berocket_brand?post=72942"},{"taxonomy":"woo-feed-brand","embeddable":true,"href":"https:\/\/watchdeluxe.it\/fr\/wp-json\/wp\/v2\/woo-feed-brand?post=72942"}],"curies":[{"name":"wp","href":"https:\/\/api.w.org\/{rel}","templated":true}]}}