{"id":72884,"date":"2023-03-20T13:46:05","date_gmt":"2023-03-20T12:46:05","guid":{"rendered":"https:\/\/watchdeluxe.it\/prodotto\/portefeuille-montblanc-m-gram-ref-128640\/"},"modified":"2026-04-06T05:43:36","modified_gmt":"2026-04-06T03:43:36","slug":"montblanc-wallet-m-gram-ref-128640","status":"publish","type":"product","link":"https:\/\/watchdeluxe.it\/fr\/prodotto\/montblanc-wallet-m-gram-ref-128640\/","title":{"rendered":"Portefeuille Montblanc M-Gram r\u00e9f. 128640"},"content":{"rendered":"<p>Portefeuille Montblanc M-Gram r\u00e9f. 128640<\/p>\n<p>Fabriqu\u00e9 en cuir gaufr\u00e9 noir avec un imprim\u00e9 M, cet accessoire de poche est une solution intelligente pour ranger les cartes de cr\u00e9dit en toute s\u00e9curit\u00e9. Une alternative compacte et contemporaine au portefeuille.<\/p>\n","protected":false},"excerpt":{"rendered":"<p>Portefeuille Montblanc M-Gram r\u00e9f. 128640 Fabriqu\u00e9 en cuir gaufr\u00e9 noir avec un imprim\u00e9 M, cet accessoire de poche est une solution intelligente pour ranger les cartes de cr\u00e9dit en toute s\u00e9curit\u00e9. Une alternative compacte et contemporaine au portefeuille.<\/p>\n","protected":false},"featured_media":147936,"template":"","meta":{"_crdt_document":"","advanced_seo_description":"","jetpack_seo_html_title":"","jetpack_seo_noindex":false,"jetpack_post_was_ever_published":false},"product_brand":[],"product_cat":[2241],"product_tag":[2345],"berocket_brand":[],"woo-feed-brand":[],"class_list":{"0":"post-72884","1":"product","2":"type-product","3":"status-publish","4":"has-post-thumbnail","6":"product_cat-montblanc-fr","7":"product_tag-portefeuille","9":"first","10":"instock","11":"sale","12":"taxable","13":"shipping-taxable","14":"purchasable","15":"product-type-simple"},"bundled_by":[],"bundle_stock_status":"instock","bundle_stock_quantity":1,"bundle_virtual":false,"bundle_layout":"","bundle_add_to_cart_form_location":"","bundle_editable_in_cart":false,"bundle_sold_individually_context":"","bundle_item_grouping":"","bundle_min_size":"","bundle_max_size":"","bundle_price":[],"bundled_items":[],"bundle_sell_ids":[],"group_of_quantity":0,"min_quantity":0,"max_quantity":"","exclude_order_quantity_value_rules":"no","exclude_category_quantity_rules":"no","combine_variations":"no","exclude_global_add_ons":[],"addons":[],"jetpack_sharing_enabled":true,"jetpack_likes_enabled":true,"_links":{"self":[{"href":"https:\/\/watchdeluxe.it\/fr\/wp-json\/wp\/v2\/product\/72884","targetHints":{"allow":["GET"]}}],"collection":[{"href":"https:\/\/watchdeluxe.it\/fr\/wp-json\/wp\/v2\/product"}],"about":[{"href":"https:\/\/watchdeluxe.it\/fr\/wp-json\/wp\/v2\/types\/product"}],"wp:featuredmedia":[{"embeddable":true,"href":"https:\/\/watchdeluxe.it\/fr\/wp-json\/wp\/v2\/media\/147936"}],"wp:attachment":[{"href":"https:\/\/watchdeluxe.it\/fr\/wp-json\/wp\/v2\/media?parent=72884"}],"wp:term":[{"taxonomy":"product_brand","embeddable":true,"href":"https:\/\/watchdeluxe.it\/fr\/wp-json\/wp\/v2\/product_brand?post=72884"},{"taxonomy":"product_cat","embeddable":true,"href":"https:\/\/watchdeluxe.it\/fr\/wp-json\/wp\/v2\/product_cat?post=72884"},{"taxonomy":"product_tag","embeddable":true,"href":"https:\/\/watchdeluxe.it\/fr\/wp-json\/wp\/v2\/product_tag?post=72884"},{"taxonomy":"berocket_brand","embeddable":true,"href":"https:\/\/watchdeluxe.it\/fr\/wp-json\/wp\/v2\/berocket_brand?post=72884"},{"taxonomy":"woo-feed-brand","embeddable":true,"href":"https:\/\/watchdeluxe.it\/fr\/wp-json\/wp\/v2\/woo-feed-brand?post=72884"}],"curies":[{"name":"wp","href":"https:\/\/api.w.org\/{rel}","templated":true}]}}