{"id":72763,"date":"2023-03-20T13:46:31","date_gmt":"2023-03-20T12:46:31","guid":{"rendered":"https:\/\/watchdeluxe.it\/prodotto\/montblanc-portefeuille-sartorial-8cc-denim-blue-ref-124185\/"},"modified":"2026-04-02T11:12:49","modified_gmt":"2026-04-02T09:12:49","slug":"montblanc-sartorial-wallet-8cc-denim-blue-ref-124185","status":"publish","type":"product","link":"https:\/\/watchdeluxe.it\/fr\/prodotto\/montblanc-sartorial-wallet-8cc-denim-blue-ref-124185\/","title":{"rendered":"Portefeuille Montblanc Sartorial 8 cc Bleu Denim r\u00e9f. 124185"},"content":{"rendered":"<h2 data-mce-fragment=\"1\">Description<\/h2>\n<p data-mce-fragment=\"1\">Portefeuille Montblanc Sartorial<\/p>\n<p data-mce-fragment=\"1\">Portefeuille Montblanc en cuir bleu denim avec 8 poches pour cartes de cr\u00e9dit, 2 compartiments pour billets de banque, 2 poches suppl\u00e9mentaires.<\/p>\n<p data-mce-fragment=\"1\"><strong data-mce-fragment=\"1\">D\u00c9TAILS :<\/strong><\/p>\n<p data-mce-fragment=\"1\">MATI\u00c8RE : Cuir de veau pleine fleur, tann\u00e9 au chrome, teint\u00e9 dans la masse, avec impression Saffiano.<\/p>\n<p data-mce-fragment=\"1\">CARACT\u00c9RISTIQUES : 8 poches pour cartes de cr\u00e9dit, 2 compartiments pour billets de banque, 2 poches suppl\u00e9mentaires. Couleur : bleu denim.<\/p>\n<p data-mce-fragment=\"1\">DIMENSIONS : 11,5 x 1,5 x 9,5 cm.<\/p>\n<p data-mce-fragment=\"1\">\n","protected":false},"excerpt":{"rendered":"<p>Description Portefeuille Montblanc Sartorial Portefeuille Montblanc en cuir bleu denim avec 8 poches pour cartes de cr\u00e9dit, 2 compartiments pour billets de banque, 2 poches suppl\u00e9mentaires. D\u00c9TAILS : MATI\u00c8RE : Cuir de veau pleine fleur, tann\u00e9 au chrome, teint\u00e9 dans la masse, avec impression Saffiano. CARACT\u00c9RISTIQUES : 8 poches pour cartes de cr\u00e9dit, 2 compartiments [&hellip;]<\/p>\n","protected":false},"featured_media":154927,"template":"","meta":{"_crdt_document":"","advanced_seo_description":"","jetpack_seo_html_title":"","jetpack_seo_noindex":false},"product_brand":[],"product_cat":[2241],"product_tag":[3134,2395,2345],"berocket_brand":[],"woo-feed-brand":[],"class_list":{"0":"post-72763","1":"product","2":"type-product","3":"status-publish","4":"has-post-thumbnail","6":"product_cat-montblanc-fr","7":"product_tag-detenteur-de-billet","8":"product_tag-porte-documents","9":"product_tag-portefeuille","11":"first","12":"instock","13":"sale","14":"taxable","15":"shipping-taxable","16":"purchasable","17":"product-type-simple"},"bundled_by":[],"bundle_stock_status":"instock","bundle_stock_quantity":1,"bundle_virtual":false,"bundle_layout":"","bundle_add_to_cart_form_location":"","bundle_editable_in_cart":false,"bundle_sold_individually_context":"","bundle_item_grouping":"","bundle_min_size":"","bundle_max_size":"","bundle_price":[],"bundled_items":[],"bundle_sell_ids":[],"group_of_quantity":0,"min_quantity":0,"max_quantity":"","exclude_order_quantity_value_rules":"no","exclude_category_quantity_rules":"no","combine_variations":"no","exclude_global_add_ons":[],"addons":[],"jetpack_sharing_enabled":true,"jetpack_likes_enabled":true,"_links":{"self":[{"href":"https:\/\/watchdeluxe.it\/fr\/wp-json\/wp\/v2\/product\/72763","targetHints":{"allow":["GET"]}}],"collection":[{"href":"https:\/\/watchdeluxe.it\/fr\/wp-json\/wp\/v2\/product"}],"about":[{"href":"https:\/\/watchdeluxe.it\/fr\/wp-json\/wp\/v2\/types\/product"}],"wp:featuredmedia":[{"embeddable":true,"href":"https:\/\/watchdeluxe.it\/fr\/wp-json\/wp\/v2\/media\/154927"}],"wp:attachment":[{"href":"https:\/\/watchdeluxe.it\/fr\/wp-json\/wp\/v2\/media?parent=72763"}],"wp:term":[{"taxonomy":"product_brand","embeddable":true,"href":"https:\/\/watchdeluxe.it\/fr\/wp-json\/wp\/v2\/product_brand?post=72763"},{"taxonomy":"product_cat","embeddable":true,"href":"https:\/\/watchdeluxe.it\/fr\/wp-json\/wp\/v2\/product_cat?post=72763"},{"taxonomy":"product_tag","embeddable":true,"href":"https:\/\/watchdeluxe.it\/fr\/wp-json\/wp\/v2\/product_tag?post=72763"},{"taxonomy":"berocket_brand","embeddable":true,"href":"https:\/\/watchdeluxe.it\/fr\/wp-json\/wp\/v2\/berocket_brand?post=72763"},{"taxonomy":"woo-feed-brand","embeddable":true,"href":"https:\/\/watchdeluxe.it\/fr\/wp-json\/wp\/v2\/woo-feed-brand?post=72763"}],"curies":[{"name":"wp","href":"https:\/\/api.w.org\/{rel}","templated":true}]}}