{"id":72743,"date":"2023-03-20T13:46:39","date_gmt":"2023-03-20T12:46:39","guid":{"rendered":"https:\/\/watchdeluxe.it\/prodotto\/montblanc-roller-heritage-egyptomania-special-edition-black-ref-125493\/"},"modified":"2026-04-02T11:10:11","modified_gmt":"2026-04-02T09:10:11","slug":"montblanc-roller-heritage-egyptomania-special-edition-noir-ref-125493","status":"publish","type":"product","link":"https:\/\/watchdeluxe.it\/fr\/prodotto\/montblanc-roller-heritage-egyptomania-special-edition-noir-ref-125493\/","title":{"rendered":"Montblanc Roller Heritage Egyptomania \u00c9dition Sp\u00e9ciale Noir r\u00e9f. 125493"},"content":{"rendered":"<p><span class=\"value\" data-mce-fragment=\"1\">La collection Montblanc Heritage Egyptomania c\u00e9l\u00e8bre l&#8217;esprit pionnier de Montblanc. Nouvelle interpr\u00e9tation de l&#8217;instrument d&#8217;\u00e9criture, il se caract\u00e9rise par une silhouette plus longue et plus effil\u00e9e et par un savoir-faire artisanal affin\u00e9 au fil du temps. Avec sa forme octogonale, cet instrument d&#8217;\u00e9criture rappelle les instruments d&#8217;\u00e9criture de m\u00eame forme cr\u00e9\u00e9s par Montblanc dans les ann\u00e9es 1920 et d\u00e9cor\u00e9s de gravures de style \u00e9gyptien : les &#8220;stylos \u00e9gyptiens&#8221;. R\u00e9alis\u00e9 en r\u00e9sine noire fine, il porte l&#8217;inscription &#8220;Montblanc&#8221; en hi\u00e9roglyphes \u00e9gyptiens sur le capuchon et un scarab\u00e9e sur l&#8217;agrafe.<\/span><\/p>\n<div id=\"info-panel-content\" class=\"mb-product__details__panel--columns__content columns_3 Category_1_MONTBLANC-2773\" data-percbadge=\"% OFF\" data-variant=\"19971654707127701\">\n<div class=\"column features\">\n<h3>Caract\u00e9ristiques<\/h3>\n<p class=\"barrel_description\"><strong class=\"key\">Corps<\/strong>R\u00e9sine noire de qualit\u00e9<\/p>\n<p class=\"brand_colour\"><strong class=\"key\">CouleurNoir<\/strong><\/p>\n<\/div>\n<div class=\"column writing_system\">\n<h3>Syst\u00e8me d&#8217;\u00e9criture<\/h3>\n<p class=\"writing_mode\"><strong class=\"key\">Syst\u00e8me d&#8217;\u00e9critureRouleau<\/strong><\/p>\n<\/div>\n<div class=\"column dimensions\">\n<h3>Dimensions<\/h3>\n<p class=\"length first\"><strong class=\"key\">Dimensions142<\/strong>.9<\/p>\n<p class=\"width\">13.8<\/p>\n<p class=\"physicalweight\"><strong class=\"key\">Poids36<\/strong>,5<span class=\"unit\"> g<\/span><\/p>\n<\/div>\n<\/div>\n","protected":false},"excerpt":{"rendered":"<p>La collection Montblanc Heritage Egyptomania c\u00e9l\u00e8bre l&#8217;esprit pionnier de Montblanc. Nouvelle interpr\u00e9tation de l&#8217;instrument d&#8217;\u00e9criture, il se caract\u00e9rise par une silhouette plus longue et plus effil\u00e9e et par un savoir-faire artisanal affin\u00e9 au fil du temps. Avec sa forme octogonale, cet instrument d&#8217;\u00e9criture rappelle les instruments d&#8217;\u00e9criture de m\u00eame forme cr\u00e9\u00e9s par Montblanc dans les [&hellip;]<\/p>\n","protected":false},"featured_media":169778,"template":"","meta":{"_crdt_document":"","advanced_seo_description":"","jetpack_seo_html_title":"","jetpack_seo_noindex":false},"product_brand":[],"product_cat":[2241],"product_tag":[2252],"berocket_brand":[],"woo-feed-brand":[],"class_list":{"0":"post-72743","1":"product","2":"type-product","3":"status-publish","4":"has-post-thumbnail","6":"product_cat-montblanc-fr","7":"product_tag-stylos","9":"first","10":"instock","11":"sale","12":"taxable","13":"shipping-taxable","14":"purchasable","15":"product-type-simple"},"bundled_by":[],"bundle_stock_status":"instock","bundle_stock_quantity":1,"bundle_virtual":false,"bundle_layout":"","bundle_add_to_cart_form_location":"","bundle_editable_in_cart":false,"bundle_sold_individually_context":"","bundle_item_grouping":"","bundle_min_size":"","bundle_max_size":"","bundle_price":[],"bundled_items":[],"bundle_sell_ids":[],"group_of_quantity":0,"min_quantity":0,"max_quantity":"","exclude_order_quantity_value_rules":"no","exclude_category_quantity_rules":"no","combine_variations":"no","jetpack_sharing_enabled":true,"jetpack_likes_enabled":true,"_links":{"self":[{"href":"https:\/\/watchdeluxe.it\/fr\/wp-json\/wp\/v2\/product\/72743","targetHints":{"allow":["GET"]}}],"collection":[{"href":"https:\/\/watchdeluxe.it\/fr\/wp-json\/wp\/v2\/product"}],"about":[{"href":"https:\/\/watchdeluxe.it\/fr\/wp-json\/wp\/v2\/types\/product"}],"wp:featuredmedia":[{"embeddable":true,"href":"https:\/\/watchdeluxe.it\/fr\/wp-json\/wp\/v2\/media\/169778"}],"wp:attachment":[{"href":"https:\/\/watchdeluxe.it\/fr\/wp-json\/wp\/v2\/media?parent=72743"}],"wp:term":[{"taxonomy":"product_brand","embeddable":true,"href":"https:\/\/watchdeluxe.it\/fr\/wp-json\/wp\/v2\/product_brand?post=72743"},{"taxonomy":"product_cat","embeddable":true,"href":"https:\/\/watchdeluxe.it\/fr\/wp-json\/wp\/v2\/product_cat?post=72743"},{"taxonomy":"product_tag","embeddable":true,"href":"https:\/\/watchdeluxe.it\/fr\/wp-json\/wp\/v2\/product_tag?post=72743"},{"taxonomy":"berocket_brand","embeddable":true,"href":"https:\/\/watchdeluxe.it\/fr\/wp-json\/wp\/v2\/berocket_brand?post=72743"},{"taxonomy":"woo-feed-brand","embeddable":true,"href":"https:\/\/watchdeluxe.it\/fr\/wp-json\/wp\/v2\/woo-feed-brand?post=72743"}],"curies":[{"name":"wp","href":"https:\/\/api.w.org\/{rel}","templated":true}]}}