{"id":72470,"date":"2023-03-22T10:36:56","date_gmt":"2023-03-22T09:36:56","guid":{"rendered":"https:\/\/watchdeluxe.it\/prodotto\/baume-mercier-clifton-club-ref-m0a10503\/"},"modified":"2026-03-27T13:53:39","modified_gmt":"2026-03-27T12:53:39","slug":"baume-mercier-clifton-club-ref-m0a10503","status":"publish","type":"product","link":"https:\/\/watchdeluxe.it\/fr\/prodotto\/baume-mercier-clifton-club-ref-m0a10503\/","title":{"rendered":"BAUME &amp; MERCIER CLIFTON CLUB REF. M0A10503"},"content":{"rendered":"<p>BAUME &amp; MERCIER CLIFTON CLUB REF. 10503<\/p>\n<p>Avec un cadran vert entour\u00e9 d&#8217;une lunette tournante grav\u00e9e en bronze et un bo\u00eetier en bronze avec une finition satin\u00e9e, la montre Clifton Club 10503 se caract\u00e9rise par son esth\u00e9tique sportive et \u00e9l\u00e9gante \u00e0 la fois. A remontage automatique, le mod\u00e8le est accompagn\u00e9 d&#8217;un bracelet en veau brun.<\/p>\n<div class=\"product-specifications__list\">\n<h4 id=\"technicalitem0\" class=\"open\">Caract\u00e9ristiques<\/h4>\n<ul>\n<li>Montre Automatique, \u00e0 remontage automatique<\/li>\n<li>R\u00e9serve de marche : 42 heure(s)<\/li>\n<li>R\u00e9sistance \u00e0 l&#8217;eau : 10 ATM (environ 100 m\u00e8tres)<\/li>\n<li>Date<\/li>\n<li>\n<div class=\"product-specifications__list\">\n<h4 id=\"technicalitem1\" class=\"open\">Mouvement<\/h4>\n<ul>\n<li>Fabriqu\u00e9 en Suisse<\/li>\n<li>\n    <\/li>\n<li> <label> Energy <\/label> Automatic, remontage automatique<\/li>\n<li> <label> Fr\u00e9quence <\/label> 28800.0vph\/4.0hz<\/li>\n<li> <label> Rubis <\/label> 21<\/li>\n<li>\n<div class=\"product-specifications__list\">\n<h4 id=\"technicalitem2\" class=\"open\">Cas<\/h4>\n<ul>\n<li> <label> Forme <\/label> ronde<\/li>\n<li>  Diam\u00e8tre <label>: <\/label> 42 mm<\/li>\n<li> <label> \u00c9paisseur <\/label> 10,3 mm<\/li>\n<li> <label> Mat\u00e9riau et finition <\/label> Bronze, poli satin\u00e9<\/li>\n<li> <label> Lunette <\/label> unidirectionnelle<\/li>\n<li> <label> Fond du <\/label> bo\u00eetier Fond ferm\u00e9, Avec vis<\/li>\n<li>\n<div class=\"product-specifications__list\">\n<h4 id=\"technicalitem3\" class=\"open\">Cadran<\/h4>\n<ul>\n<li> <label> Couleurs et finitions <\/label> Vert<\/li>\n<li>  Plaqu\u00e9 or, <label> indices <\/label> rivet\u00e9s<\/li>\n<li> <label> Aiguilles <\/label> en or, Superluminova C1, \u00e9mission blanche<\/li>\n<li>\n<div class=\"product-specifications__list\">\n<h4 id=\"technicalitem4\" class=\"open\">Courroie<\/h4>\n<ul>\n<li> <label> Mati\u00e8re <\/label>: veau, marron<\/li>\n<li> <label> Boucle <\/label> Boucle \u00e0 ardillon, finition polie<\/li>\n<\/ul>\n<ul>\n<li> <label> Mati\u00e8re <\/label> Veau, Gris Marron<\/li>\n<li> <label> Boucle <\/label> Boucle \u00e0 ardillon, finition polie<\/li>\n<\/ul>\n<\/div>\n<\/li>\n<\/ul>\n<\/div>\n<\/li>\n<\/ul>\n<\/div>\n<\/li>\n<\/ul>\n<\/div>\n<\/li>\n<\/ul>\n<\/div>\n","protected":false},"excerpt":{"rendered":"<p>BAUME &amp; MERCIER CLIFTON CLUB REF. 10503 Avec un cadran vert entour\u00e9 d&#8217;une lunette tournante grav\u00e9e en bronze et un bo\u00eetier en bronze avec une finition satin\u00e9e, la montre Clifton Club 10503 se caract\u00e9rise par son esth\u00e9tique sportive et \u00e9l\u00e9gante \u00e0 la fois. A remontage automatique, le mod\u00e8le est accompagn\u00e9 d&#8217;un bracelet en veau brun. [&hellip;]<\/p>\n","protected":false},"featured_media":62812,"template":"","meta":{"_crdt_document":"","advanced_seo_description":"","jetpack_seo_html_title":"","jetpack_seo_noindex":false},"product_brand":[],"product_cat":[5515],"product_tag":[2621],"berocket_brand":[],"woo-feed-brand":[],"class_list":{"0":"post-72470","1":"product","2":"type-product","3":"status-publish","4":"has-post-thumbnail","6":"product_cat-baume-mercier-fr2","7":"product_tag-clifton-fr","9":"first","10":"instock","11":"sale","12":"taxable","13":"shipping-taxable","14":"purchasable","15":"product-type-simple"},"bundled_by":[],"bundle_stock_status":"instock","bundle_stock_quantity":1,"bundle_virtual":false,"bundle_layout":"","bundle_add_to_cart_form_location":"","bundle_editable_in_cart":false,"bundle_sold_individually_context":"","bundle_item_grouping":"","bundle_min_size":"","bundle_max_size":"","bundle_price":[],"bundled_items":[],"bundle_sell_ids":[],"group_of_quantity":0,"min_quantity":0,"max_quantity":"","exclude_order_quantity_value_rules":"no","exclude_category_quantity_rules":"no","combine_variations":"no","jetpack_sharing_enabled":true,"jetpack_likes_enabled":true,"_links":{"self":[{"href":"https:\/\/watchdeluxe.it\/fr\/wp-json\/wp\/v2\/product\/72470","targetHints":{"allow":["GET"]}}],"collection":[{"href":"https:\/\/watchdeluxe.it\/fr\/wp-json\/wp\/v2\/product"}],"about":[{"href":"https:\/\/watchdeluxe.it\/fr\/wp-json\/wp\/v2\/types\/product"}],"wp:featuredmedia":[{"embeddable":true,"href":"https:\/\/watchdeluxe.it\/fr\/wp-json\/wp\/v2\/media\/62812"}],"wp:attachment":[{"href":"https:\/\/watchdeluxe.it\/fr\/wp-json\/wp\/v2\/media?parent=72470"}],"wp:term":[{"taxonomy":"product_brand","embeddable":true,"href":"https:\/\/watchdeluxe.it\/fr\/wp-json\/wp\/v2\/product_brand?post=72470"},{"taxonomy":"product_cat","embeddable":true,"href":"https:\/\/watchdeluxe.it\/fr\/wp-json\/wp\/v2\/product_cat?post=72470"},{"taxonomy":"product_tag","embeddable":true,"href":"https:\/\/watchdeluxe.it\/fr\/wp-json\/wp\/v2\/product_tag?post=72470"},{"taxonomy":"berocket_brand","embeddable":true,"href":"https:\/\/watchdeluxe.it\/fr\/wp-json\/wp\/v2\/berocket_brand?post=72470"},{"taxonomy":"woo-feed-brand","embeddable":true,"href":"https:\/\/watchdeluxe.it\/fr\/wp-json\/wp\/v2\/woo-feed-brand?post=72470"}],"curies":[{"name":"wp","href":"https:\/\/api.w.org\/{rel}","templated":true}]}}