{"id":72459,"date":"2023-03-22T10:36:56","date_gmt":"2023-03-22T09:36:56","guid":{"rendered":"https:\/\/watchdeluxe.it\/prodotto\/baume-mercier-riviera-ref-m0a10616\/"},"modified":"2026-03-27T14:07:33","modified_gmt":"2026-03-27T13:07:33","slug":"baume-mercier-riviera-ref-m0a10616","status":"publish","type":"product","link":"https:\/\/watchdeluxe.it\/fr\/prodotto\/baume-mercier-riviera-ref-m0a10616\/","title":{"rendered":"BAUME &amp; MERCIER RIVIERA REF. M0A10616"},"content":{"rendered":"<p>BAUME &amp; MERCIER RIVIERA REF. 10616<\/p>\n<p>Cr\u00e9\u00e9e en 1973, la montre Riviera revient cette ann\u00e9e pour faire revivre l&#8217;esprit d&#8217;une \u00e9poque illustre de l&#8217;horlogerie. La voici en 2021, revisit\u00e9e mais avec la m\u00eame authenticit\u00e9 : un bo\u00eetier en acier aux dimensions \u00e9quilibr\u00e9es, une lunette dod\u00e9cagonale munie de quatre vis ou de diamants, un mouvement \u00e0 quartz automatique ou &#8220;Swiss Made&#8221; et un bracelet int\u00e9gr\u00e9 interchangeable en acier ou en caoutchouc. La conception d&#8217;origine est toujours pr\u00e9sente, tout comme le d\u00e9sir d&#8217;adopter une approche contemporaine.<\/p>\n<div class=\"product-specifications__list\">\n<h4 id=\"technicalitem0\" class=\"open\">Caract\u00e9ristiques<\/h4>\n<ul>\n<li>Montre Automatique, \u00e0 remontage automatique<\/li>\n<li>R\u00e9serve de marche : 120 heure(s)<\/li>\n<li>R\u00e9sistance \u00e0 l&#8217;eau : 10 ATM (environ 100 m\u00e8tres)<\/li>\n<li>Date<\/li>\n<li>Fond en verre saphir<\/li>\n<li>\n<div class=\"product-specifications__list\">\n<h4 id=\"technicalitem1\" class=\"open\">Mouvement<\/h4>\n<ul>\n<li>Fabriqu\u00e9 en Suisse<\/li>\n<li>\n    <\/li>\n<li>Baumatic BM13-1975A<\/li>\n<li> <label> Energy <\/label> Automatic, remontage automatique<\/li>\n<li> <label> Fr\u00e9quence <\/label> 28800.0vph\/4.0hz<\/li>\n<li> <label> Rubis <\/label> 21<\/li>\n<li>\n<div class=\"product-specifications__list\">\n<h4 id=\"technicalitem2\" class=\"open\">Cas<\/h4>\n<ul>\n<li> <label> Forme dod\u00e9cagonale <\/label> <\/li>\n<li> <label> \u00c9paisseur <\/label> 10,66 mm<\/li>\n<li> <label> Mat\u00e9riau et finition <\/label> Acier, poli satin\u00e9<\/li>\n<li> <label> Fond <\/label> Fond en verre saphir, avec vis<\/li>\n<li>\n<div class=\"product-specifications__list\">\n<h4 id=\"technicalitem3\" class=\"open\">Cadran<\/h4>\n<ul>\n<li> <label> Couleurs et finitions <\/label> Bleu, saphir<\/li>\n<li> <label> Chiffres <\/label> romains, rivet\u00e9s<\/li>\n<li> <label> Index <\/label> rivet\u00e9s<\/li>\n<li> <label> Aiguilles <\/label> rhodi\u00e9es, Dauphine<\/li>\n<li>\n<div class=\"product-specifications__list\">\n<h4 id=\"technicalitem4\" class=\"open\">Courroie<\/h4>\n<ul>\n<li> <label> Mat\u00e9riau <\/label> Acier, (finition) Satin\u00e9\/poli<\/li>\n<li> <label> Boucle <\/label> d\u00e9ployante triple avec fermoir de s\u00e9curit\u00e9, Acier, Poli<\/li>\n<\/ul>\n<\/div>\n<\/li>\n<\/ul>\n<\/div>\n<\/li>\n<\/ul>\n<\/div>\n<\/li>\n<\/ul>\n<\/div>\n<\/li>\n<\/ul>\n<\/div>\n","protected":false},"excerpt":{"rendered":"<p>BAUME &amp; MERCIER RIVIERA REF. 10616 Cr\u00e9\u00e9e en 1973, la montre Riviera revient cette ann\u00e9e pour faire revivre l&#8217;esprit d&#8217;une \u00e9poque illustre de l&#8217;horlogerie. La voici en 2021, revisit\u00e9e mais avec la m\u00eame authenticit\u00e9 : un bo\u00eetier en acier aux dimensions \u00e9quilibr\u00e9es, une lunette dod\u00e9cagonale munie de quatre vis ou de diamants, un mouvement \u00e0 [&hellip;]<\/p>\n","protected":false},"featured_media":62824,"template":"","meta":{"_crdt_document":"","advanced_seo_description":"","jetpack_seo_html_title":"","jetpack_seo_noindex":false,"jetpack_post_was_ever_published":false},"product_brand":[],"product_cat":[2607],"product_tag":[2609],"berocket_brand":[],"woo-feed-brand":[],"class_list":{"0":"post-72459","1":"product","2":"type-product","3":"status-publish","4":"has-post-thumbnail","6":"product_cat-baume-fr","7":"product_tag-riviera-fr","9":"first","10":"instock","11":"sale","12":"taxable","13":"shipping-taxable","14":"purchasable","15":"product-type-simple"},"bundled_by":[],"bundle_stock_status":"instock","bundle_stock_quantity":1,"bundle_virtual":false,"bundle_layout":"","bundle_add_to_cart_form_location":"","bundle_editable_in_cart":false,"bundle_sold_individually_context":"","bundle_item_grouping":"","bundle_min_size":"","bundle_max_size":"","bundle_price":[],"bundled_items":[],"bundle_sell_ids":[],"group_of_quantity":0,"min_quantity":0,"max_quantity":"","exclude_order_quantity_value_rules":"no","exclude_category_quantity_rules":"no","combine_variations":"no","exclude_global_add_ons":[],"addons":[],"jetpack_sharing_enabled":true,"jetpack_likes_enabled":true,"_links":{"self":[{"href":"https:\/\/watchdeluxe.it\/fr\/wp-json\/wp\/v2\/product\/72459","targetHints":{"allow":["GET"]}}],"collection":[{"href":"https:\/\/watchdeluxe.it\/fr\/wp-json\/wp\/v2\/product"}],"about":[{"href":"https:\/\/watchdeluxe.it\/fr\/wp-json\/wp\/v2\/types\/product"}],"wp:featuredmedia":[{"embeddable":true,"href":"https:\/\/watchdeluxe.it\/fr\/wp-json\/wp\/v2\/media\/62824"}],"wp:attachment":[{"href":"https:\/\/watchdeluxe.it\/fr\/wp-json\/wp\/v2\/media?parent=72459"}],"wp:term":[{"taxonomy":"product_brand","embeddable":true,"href":"https:\/\/watchdeluxe.it\/fr\/wp-json\/wp\/v2\/product_brand?post=72459"},{"taxonomy":"product_cat","embeddable":true,"href":"https:\/\/watchdeluxe.it\/fr\/wp-json\/wp\/v2\/product_cat?post=72459"},{"taxonomy":"product_tag","embeddable":true,"href":"https:\/\/watchdeluxe.it\/fr\/wp-json\/wp\/v2\/product_tag?post=72459"},{"taxonomy":"berocket_brand","embeddable":true,"href":"https:\/\/watchdeluxe.it\/fr\/wp-json\/wp\/v2\/berocket_brand?post=72459"},{"taxonomy":"woo-feed-brand","embeddable":true,"href":"https:\/\/watchdeluxe.it\/fr\/wp-json\/wp\/v2\/woo-feed-brand?post=72459"}],"curies":[{"name":"wp","href":"https:\/\/api.w.org\/{rel}","templated":true}]}}