{"id":72187,"date":"2023-03-17T19:08:33","date_gmt":"2023-03-17T18:08:33","guid":{"rendered":"https:\/\/watchdeluxe.it\/prodotto\/tag-heuer-formula-1-quartz-date-ref-waz1110-ba0875\/"},"modified":"2026-04-10T17:06:43","modified_gmt":"2026-04-10T15:06:43","slug":"tag-heuer-formula-1-date-al-quarzo-ref-waz1110-ba0875","status":"publish","type":"product","link":"https:\/\/watchdeluxe.it\/fr\/prodotto\/tag-heuer-formula-1-date-al-quarzo-ref-waz1110-ba0875\/","title":{"rendered":"TAG Heuer Formula 1 quartz date ref. WAZ1110.BA0875"},"content":{"rendered":"<ul>\n<li style=\"list-style-type: none;\">\n<ul>TAG Heuer Formula 1 quartz date ref. WAZ1110.BA0875<\/ul>\n<\/li>\n<li style=\"list-style-type: none;\">\n<ul>\n<li>Marque : Tag Heuer<\/li>\n<li>Mod\u00e8le : Formule 1<\/li>\n<li>R\u00e9f\u00e9rence : WAZ1110.BA0875<\/li>\n<li>Mouvement : quartz<\/li>\n<li>Bo\u00eetier : acier inoxydable satin\u00e9<\/li>\n<li>Bracelet : acier inoxydable satin\u00e9<\/li>\n<li>Diam\u00e8tre : 41 mm<\/li>\n<li>Lunette : acier rotatif unidirectionnel avec rev\u00eatement en carbure de titane noir<\/li>\n<li>Verre : saphir<\/li>\n<li>Cadran : noir avec index luminescents<\/li>\n<li>Aiguilles : acier luminescent<\/li>\n<li>Date : \u00e0 3 heures<\/li>\n<li>Fonctions : heure seulement<\/li>\n<li>Dos : viss\u00e9<\/li>\n<li>Couronne : viss\u00e9e<\/li>\n<li>R\u00e9sistance \u00e0 l&#8217;eau : 20 bars (200m)<\/li>\n<li>Garantie : 2 ans au niveau international<\/li>\n<\/ul>\n<\/li>\n<\/ul>\n","protected":false},"excerpt":{"rendered":"<p>TAG Heuer Formula 1 quartz date ref. WAZ1110.BA0875 Marque : Tag Heuer Mod\u00e8le : Formule 1 R\u00e9f\u00e9rence : WAZ1110.BA0875 Mouvement : quartz Bo\u00eetier : acier inoxydable satin\u00e9 Bracelet : acier inoxydable satin\u00e9 Diam\u00e8tre : 41 mm Lunette : acier rotatif unidirectionnel avec rev\u00eatement en carbure de titane noir Verre : saphir Cadran : noir avec [&hellip;]<\/p>\n","protected":false},"featured_media":170237,"template":"","meta":{"_crdt_document":"","advanced_seo_description":"","jetpack_seo_html_title":"","jetpack_seo_noindex":false,"jetpack_post_was_ever_published":true},"product_brand":[],"product_cat":[2243],"product_tag":[2245],"berocket_brand":[],"woo-feed-brand":[],"class_list":{"0":"post-72187","1":"product","2":"type-product","3":"status-publish","4":"has-post-thumbnail","6":"product_cat-tag-heuer-fr","7":"product_tag-formule-1","9":"first","10":"instock","11":"sale","12":"taxable","13":"shipping-taxable","14":"purchasable","15":"product-type-simple"},"bundled_by":[],"bundle_stock_status":"instock","bundle_stock_quantity":1,"bundle_virtual":false,"bundle_layout":"","bundle_add_to_cart_form_location":"","bundle_editable_in_cart":false,"bundle_sold_individually_context":"","bundle_item_grouping":"","bundle_min_size":"","bundle_max_size":"","bundle_price":[],"bundled_items":[],"bundle_sell_ids":[],"group_of_quantity":0,"min_quantity":0,"max_quantity":"","exclude_order_quantity_value_rules":"no","exclude_category_quantity_rules":"no","combine_variations":"no","exclude_global_add_ons":[],"addons":[],"jetpack_sharing_enabled":true,"jetpack_likes_enabled":true,"_links":{"self":[{"href":"https:\/\/watchdeluxe.it\/fr\/wp-json\/wp\/v2\/product\/72187","targetHints":{"allow":["GET"]}}],"collection":[{"href":"https:\/\/watchdeluxe.it\/fr\/wp-json\/wp\/v2\/product"}],"about":[{"href":"https:\/\/watchdeluxe.it\/fr\/wp-json\/wp\/v2\/types\/product"}],"wp:featuredmedia":[{"embeddable":true,"href":"https:\/\/watchdeluxe.it\/fr\/wp-json\/wp\/v2\/media\/170237"}],"wp:attachment":[{"href":"https:\/\/watchdeluxe.it\/fr\/wp-json\/wp\/v2\/media?parent=72187"}],"wp:term":[{"taxonomy":"product_brand","embeddable":true,"href":"https:\/\/watchdeluxe.it\/fr\/wp-json\/wp\/v2\/product_brand?post=72187"},{"taxonomy":"product_cat","embeddable":true,"href":"https:\/\/watchdeluxe.it\/fr\/wp-json\/wp\/v2\/product_cat?post=72187"},{"taxonomy":"product_tag","embeddable":true,"href":"https:\/\/watchdeluxe.it\/fr\/wp-json\/wp\/v2\/product_tag?post=72187"},{"taxonomy":"berocket_brand","embeddable":true,"href":"https:\/\/watchdeluxe.it\/fr\/wp-json\/wp\/v2\/berocket_brand?post=72187"},{"taxonomy":"woo-feed-brand","embeddable":true,"href":"https:\/\/watchdeluxe.it\/fr\/wp-json\/wp\/v2\/woo-feed-brand?post=72187"}],"curies":[{"name":"wp","href":"https:\/\/api.w.org\/{rel}","templated":true}]}}