{"id":71715,"date":"2023-03-20T13:47:16","date_gmt":"2023-03-20T12:47:16","guid":{"rendered":"https:\/\/watchdeluxe.it\/prodotto\/elegante-ceinture-reversible-noir-bleu-ref-128140\/"},"modified":"2026-01-21T16:03:25","modified_gmt":"2026-01-21T15:03:25","slug":"ceinture-elegant-reversible-noir-bleu-ref-128140","status":"publish","type":"product","link":"https:\/\/watchdeluxe.it\/fr\/prodotto\/ceinture-elegant-reversible-noir-bleu-ref-128140\/","title":{"rendered":"El\u00e9gante ceinture r\u00e9versible noir\/bleu r\u00e9f. 128140"},"content":{"rendered":"<div class=\"column material\" data-mce-fragment=\"1\">\n<h3 data-mce-fragment=\"1\">Mat\u00e9riau<\/h3>\n<p class=\"materials\" data-mce-fragment=\"1\"><strong class=\"key\" data-mce-fragment=\"1\">Mati\u00e8reCuir bovin<\/strong><\/p>\n<p class=\"finishing_description\" data-mce-fragment=\"1\"><strong class=\"key\" data-mce-fragment=\"1\">FinitionBrillant<\/strong><\/p>\n<p class=\"strap_description\" data-mce-fragment=\"1\">BraceletBracelet <strong class=\"key\" data-mce-fragment=\"1\">r\u00e9versible<\/strong>en cuir grain\u00e9 et ombr\u00e9<\/p>\n<p class=\"buckle_mechanism\" data-mce-fragment=\"1\"><strong class=\"key\" data-mce-fragment=\"1\">M\u00e9canisme de boucleM\u00e9canisme de<\/strong>r\u00e9glage de la <strong class=\"key\" data-mce-fragment=\"1\">longueur<\/strong><\/p>\n<p class=\"buckle_shape\" data-mce-fragment=\"1\"><strong class=\"key\" data-mce-fragment=\"1\">FormeRectangulaire<\/strong><\/p>\n<p class=\"coating\" data-mce-fragment=\"1\"><strong class=\"key\" data-mce-fragment=\"1\">Rev\u00eatementFinition au palladium<\/strong><\/p>\n<p class=\"emblem_location\" data-mce-fragment=\"1\"><strong class=\"key\" data-mce-fragment=\"1\">Position de l&#8217;embl\u00e8meEmbl\u00e8me Montblanc<\/strong>sur la boucle m\u00e9tallique<\/p>\n<p class=\"brand_colour\" data-mce-fragment=\"1\"><strong class=\"key\" data-mce-fragment=\"1\">CouleurNoir<\/strong>| Bleu<\/p>\n<\/div>\n<div class=\"column dimensions\" data-mce-fragment=\"1\">\n<h3 data-mce-fragment=\"1\">Dimensions<\/h3>\n<p class=\"length first\" data-mce-fragment=\"1\"><strong class=\"key\" data-mce-fragment=\"1\">Dimensions1200<\/strong><\/p>\n<p class=\"width\" data-mce-fragment=\"1\">30<\/p>\n<p class=\"height\" data-mce-fragment=\"1\">5<\/p>\n<p class=\"emblem\" data-mce-fragment=\"1\"><strong class=\"key\" data-mce-fragment=\"1\">Finition \/ Embl\u00e8meLes<\/strong>embl\u00e8mes sont centr\u00e9s manuellement, un par un, par nos artisans. L&#8217;embl\u00e8me est positionn\u00e9 au centre, mais une pression manuelle sur l&#8217;embl\u00e8me \u00e0 l&#8217;aide d&#8217;une machine appropri\u00e9e pourrait le faire bouger ou tourner. Il s&#8217;agit d&#8217;une caract\u00e9ristique qui ne compromet pas l&#8217;esth\u00e9tique du produit et qui, conform\u00e9ment \u00e0 notre politique, ne peut donc pas \u00eatre accept\u00e9e comme une plainte.<\/p>\n<\/div>\n","protected":false},"excerpt":{"rendered":"<p>Mat\u00e9riau Mati\u00e8reCuir bovin FinitionBrillant BraceletBracelet r\u00e9versibleen cuir grain\u00e9 et ombr\u00e9 M\u00e9canisme de boucleM\u00e9canisme der\u00e9glage de la longueur FormeRectangulaire Rev\u00eatementFinition au palladium Position de l&#8217;embl\u00e8meEmbl\u00e8me Montblancsur la boucle m\u00e9tallique CouleurNoir| Bleu Dimensions Dimensions1200 30 5 Finition \/ Embl\u00e8meLesembl\u00e8mes sont centr\u00e9s manuellement, un par un, par nos artisans. L&#8217;embl\u00e8me est positionn\u00e9 au centre, mais une pression manuelle [&hellip;]<\/p>\n","protected":false},"featured_media":165513,"template":"","meta":{"_crdt_document":"","advanced_seo_description":"","jetpack_seo_html_title":"","jetpack_seo_noindex":false},"product_brand":[],"product_cat":[2241],"product_tag":[2270],"berocket_brand":[],"woo-feed-brand":[],"class_list":{"0":"post-71715","1":"product","2":"type-product","3":"status-publish","4":"has-post-thumbnail","6":"product_cat-montblanc-fr","7":"product_tag-ceintures","9":"first","10":"instock","11":"sale","12":"taxable","13":"shipping-taxable","14":"purchasable","15":"product-type-simple"},"bundled_by":[],"bundle_stock_status":"instock","bundle_stock_quantity":1,"bundle_virtual":false,"bundle_layout":"","bundle_add_to_cart_form_location":"","bundle_editable_in_cart":false,"bundle_sold_individually_context":"","bundle_item_grouping":"","bundle_min_size":"","bundle_max_size":"","bundle_price":[],"bundled_items":[],"bundle_sell_ids":[],"group_of_quantity":0,"min_quantity":0,"max_quantity":"","exclude_order_quantity_value_rules":"no","exclude_category_quantity_rules":"no","combine_variations":"no","exclude_global_add_ons":[],"addons":[],"jetpack_sharing_enabled":true,"jetpack_likes_enabled":true,"_links":{"self":[{"href":"https:\/\/watchdeluxe.it\/fr\/wp-json\/wp\/v2\/product\/71715","targetHints":{"allow":["GET"]}}],"collection":[{"href":"https:\/\/watchdeluxe.it\/fr\/wp-json\/wp\/v2\/product"}],"about":[{"href":"https:\/\/watchdeluxe.it\/fr\/wp-json\/wp\/v2\/types\/product"}],"wp:featuredmedia":[{"embeddable":true,"href":"https:\/\/watchdeluxe.it\/fr\/wp-json\/wp\/v2\/media\/165513"}],"wp:attachment":[{"href":"https:\/\/watchdeluxe.it\/fr\/wp-json\/wp\/v2\/media?parent=71715"}],"wp:term":[{"taxonomy":"product_brand","embeddable":true,"href":"https:\/\/watchdeluxe.it\/fr\/wp-json\/wp\/v2\/product_brand?post=71715"},{"taxonomy":"product_cat","embeddable":true,"href":"https:\/\/watchdeluxe.it\/fr\/wp-json\/wp\/v2\/product_cat?post=71715"},{"taxonomy":"product_tag","embeddable":true,"href":"https:\/\/watchdeluxe.it\/fr\/wp-json\/wp\/v2\/product_tag?post=71715"},{"taxonomy":"berocket_brand","embeddable":true,"href":"https:\/\/watchdeluxe.it\/fr\/wp-json\/wp\/v2\/berocket_brand?post=71715"},{"taxonomy":"woo-feed-brand","embeddable":true,"href":"https:\/\/watchdeluxe.it\/fr\/wp-json\/wp\/v2\/woo-feed-brand?post=71715"}],"curies":[{"name":"wp","href":"https:\/\/api.w.org\/{rel}","templated":true}]}}