{"id":71528,"date":"2023-03-20T13:49:13","date_gmt":"2023-03-20T12:49:13","guid":{"rendered":"https:\/\/watchdeluxe.it\/prodotto\/montre-montblanc-heritage-40mm-grey-alligator-ref-119943\/"},"modified":"2026-04-06T05:09:10","modified_gmt":"2026-04-06T03:09:10","slug":"montblanc-watch-heritage-40mm-alligator-gris-ref-119943","status":"publish","type":"product","link":"https:\/\/watchdeluxe.it\/fr\/prodotto\/montblanc-watch-heritage-40mm-alligator-gris-ref-119943\/","title":{"rendered":"Montblanc montre Heritage 40 mm Grey Alligator r\u00e9f. 119943"},"content":{"rendered":"<div>\nMontre Montblanc Heritage 40 mm Grey Alligator r\u00e9f. 119943<\/p>\n<p>119943 Montre Montblanc Mixte Diam\u00e8tre bo\u00eetier (mm) 40 \u00c9paisseur bo\u00eetier Poids (g) Alimentation\/Mouvement M\u00e9canique Affichage Analogique Fonctions Heures et minutes uniquement \u00c9tanch\u00e9it\u00e9 05 ATM water resistant Mat\u00e9riau bo\u00eetier Acier Couleur bo\u00eetier Acier Couleur cadran Blanc Mat\u00e9riau bracelet Cuir Couleur bracelet Gris\n<\/p><\/div>\n<ul><\/ul>\n","protected":false},"excerpt":{"rendered":"<p>Montre Montblanc Heritage 40 mm Grey Alligator r\u00e9f. 119943 119943 Montre Montblanc Mixte Diam\u00e8tre bo\u00eetier (mm) 40 \u00c9paisseur bo\u00eetier Poids (g) Alimentation\/Mouvement M\u00e9canique Affichage Analogique Fonctions Heures et minutes uniquement \u00c9tanch\u00e9it\u00e9 05 ATM water resistant Mat\u00e9riau bo\u00eetier Acier Couleur bo\u00eetier Acier Couleur cadran Blanc Mat\u00e9riau bracelet Cuir Couleur bracelet Gris<\/p>\n","protected":false},"featured_media":148839,"template":"","meta":{"_crdt_document":"","advanced_seo_description":"","jetpack_seo_html_title":"","jetpack_seo_noindex":false},"product_brand":[],"product_cat":[2241],"product_tag":[2463],"berocket_brand":[],"woo-feed-brand":[],"class_list":{"0":"post-71528","1":"product","2":"type-product","3":"status-publish","4":"has-post-thumbnail","6":"product_cat-montblanc-fr","7":"product_tag-patrimoine","9":"first","10":"instock","11":"sale","12":"taxable","13":"shipping-taxable","14":"purchasable","15":"product-type-simple"},"bundled_by":[],"bundle_stock_status":"instock","bundle_stock_quantity":1,"bundle_virtual":false,"bundle_layout":"","bundle_add_to_cart_form_location":"","bundle_editable_in_cart":false,"bundle_sold_individually_context":"","bundle_item_grouping":"","bundle_min_size":"","bundle_max_size":"","bundle_price":[],"bundled_items":[],"bundle_sell_ids":[],"group_of_quantity":0,"min_quantity":0,"max_quantity":"","exclude_order_quantity_value_rules":"no","exclude_category_quantity_rules":"no","combine_variations":"no","jetpack_sharing_enabled":true,"jetpack_likes_enabled":true,"_links":{"self":[{"href":"https:\/\/watchdeluxe.it\/fr\/wp-json\/wp\/v2\/product\/71528","targetHints":{"allow":["GET"]}}],"collection":[{"href":"https:\/\/watchdeluxe.it\/fr\/wp-json\/wp\/v2\/product"}],"about":[{"href":"https:\/\/watchdeluxe.it\/fr\/wp-json\/wp\/v2\/types\/product"}],"wp:featuredmedia":[{"embeddable":true,"href":"https:\/\/watchdeluxe.it\/fr\/wp-json\/wp\/v2\/media\/148839"}],"wp:attachment":[{"href":"https:\/\/watchdeluxe.it\/fr\/wp-json\/wp\/v2\/media?parent=71528"}],"wp:term":[{"taxonomy":"product_brand","embeddable":true,"href":"https:\/\/watchdeluxe.it\/fr\/wp-json\/wp\/v2\/product_brand?post=71528"},{"taxonomy":"product_cat","embeddable":true,"href":"https:\/\/watchdeluxe.it\/fr\/wp-json\/wp\/v2\/product_cat?post=71528"},{"taxonomy":"product_tag","embeddable":true,"href":"https:\/\/watchdeluxe.it\/fr\/wp-json\/wp\/v2\/product_tag?post=71528"},{"taxonomy":"berocket_brand","embeddable":true,"href":"https:\/\/watchdeluxe.it\/fr\/wp-json\/wp\/v2\/berocket_brand?post=71528"},{"taxonomy":"woo-feed-brand","embeddable":true,"href":"https:\/\/watchdeluxe.it\/fr\/wp-json\/wp\/v2\/woo-feed-brand?post=71528"}],"curies":[{"name":"wp","href":"https:\/\/api.w.org\/{rel}","templated":true}]}}