{"id":71312,"date":"2023-03-20T13:50:36","date_gmt":"2023-03-20T12:50:36","guid":{"rendered":"https:\/\/watchdeluxe.it\/prodotto\/etui-a-stylo-montblanc-ref-14309-noir\/"},"modified":"2026-04-08T18:47:06","modified_gmt":"2026-04-08T16:47:06","slug":"montblanc-box-pen-ref-14309-black","status":"publish","type":"product","link":"https:\/\/watchdeluxe.it\/fr\/prodotto\/montblanc-box-pen-ref-14309-black\/","title":{"rendered":"\u00c9tui \u00e0 stylo Montblanc ref. 14309 Noir"},"content":{"rendered":"<div>\n<p>\u00e9tui pour 1 instrument d&#8217;\u00e9criture en cuir de veau pleine fleur noir avec doublure en jacquard noir Veau europ\u00e9en pleine fleur, noir brillant exclusif Montblanc, tannage au chrome, teinture int\u00e9grale doublure jacquard avec logo montblanc. logo montblanc en finition palladium. dimensions : 3 x 16 cm<\/p>\n<\/div>\n<ul>\n<li>Mati\u00e8re : Cuir de veau italien pleine fleur<\/li>\n<li>Dimensions : 16,0 x 3,2 cm<\/li>\n<\/ul>\n","protected":false},"excerpt":{"rendered":"<p>\u00e9tui pour 1 instrument d&#8217;\u00e9criture en cuir de veau pleine fleur noir avec doublure en jacquard noir Veau europ\u00e9en pleine fleur, noir brillant exclusif Montblanc, tannage au chrome, teinture int\u00e9grale doublure jacquard avec logo montblanc. logo montblanc en finition palladium. dimensions : 3 x 16 cm Mati\u00e8re : Cuir de veau italien pleine fleur Dimensions [&hellip;]<\/p>\n","protected":false},"featured_media":165056,"template":"","meta":{"_crdt_document":"","advanced_seo_description":"","jetpack_seo_html_title":"","jetpack_seo_noindex":false},"product_brand":[],"product_cat":[2241],"product_tag":[2911],"berocket_brand":[],"woo-feed-brand":[],"class_list":{"0":"post-71312","1":"product","2":"type-product","3":"status-publish","4":"has-post-thumbnail","6":"product_cat-montblanc-fr","7":"product_tag-cas","9":"first","10":"instock","11":"sale","12":"taxable","13":"shipping-taxable","14":"purchasable","15":"product-type-simple"},"bundled_by":[],"bundle_stock_status":"instock","bundle_stock_quantity":1,"bundle_virtual":false,"bundle_layout":"","bundle_add_to_cart_form_location":"","bundle_editable_in_cart":false,"bundle_sold_individually_context":"","bundle_item_grouping":"","bundle_min_size":"","bundle_max_size":"","bundle_price":[],"bundled_items":[],"bundle_sell_ids":[],"group_of_quantity":0,"min_quantity":0,"max_quantity":"","exclude_order_quantity_value_rules":"no","exclude_category_quantity_rules":"no","combine_variations":"no","jetpack_sharing_enabled":true,"jetpack_likes_enabled":true,"_links":{"self":[{"href":"https:\/\/watchdeluxe.it\/fr\/wp-json\/wp\/v2\/product\/71312","targetHints":{"allow":["GET"]}}],"collection":[{"href":"https:\/\/watchdeluxe.it\/fr\/wp-json\/wp\/v2\/product"}],"about":[{"href":"https:\/\/watchdeluxe.it\/fr\/wp-json\/wp\/v2\/types\/product"}],"wp:featuredmedia":[{"embeddable":true,"href":"https:\/\/watchdeluxe.it\/fr\/wp-json\/wp\/v2\/media\/165056"}],"wp:attachment":[{"href":"https:\/\/watchdeluxe.it\/fr\/wp-json\/wp\/v2\/media?parent=71312"}],"wp:term":[{"taxonomy":"product_brand","embeddable":true,"href":"https:\/\/watchdeluxe.it\/fr\/wp-json\/wp\/v2\/product_brand?post=71312"},{"taxonomy":"product_cat","embeddable":true,"href":"https:\/\/watchdeluxe.it\/fr\/wp-json\/wp\/v2\/product_cat?post=71312"},{"taxonomy":"product_tag","embeddable":true,"href":"https:\/\/watchdeluxe.it\/fr\/wp-json\/wp\/v2\/product_tag?post=71312"},{"taxonomy":"berocket_brand","embeddable":true,"href":"https:\/\/watchdeluxe.it\/fr\/wp-json\/wp\/v2\/berocket_brand?post=71312"},{"taxonomy":"woo-feed-brand","embeddable":true,"href":"https:\/\/watchdeluxe.it\/fr\/wp-json\/wp\/v2\/woo-feed-brand?post=71312"}],"curies":[{"name":"wp","href":"https:\/\/api.w.org\/{rel}","templated":true}]}}