{"id":71286,"date":"2023-03-20T13:50:41","date_gmt":"2023-03-20T12:50:41","guid":{"rendered":"https:\/\/watchdeluxe.it\/prodotto\/montblanc-sartorial-wallet-6-cc-porte-cartes-de-credit-ref-113218\/"},"modified":"2026-04-08T18:37:07","modified_gmt":"2026-04-08T16:37:07","slug":"montblanc-sartorial-wallet-6-cc-credit-card-carrier-ref-113218","status":"publish","type":"product","link":"https:\/\/watchdeluxe.it\/fr\/prodotto\/montblanc-sartorial-wallet-6-cc-credit-card-carrier-ref-113218\/","title":{"rendered":"Portefeuille Montblanc Sartorial 6 cc Porte-cartes de cr\u00e9dit, r\u00e9f. 113218"},"content":{"rendered":"<div>\n<p>Couleur : <strong>Gris<\/strong><\/p>\n<p>Portefeuille Montblanc Sartorial 6 compartiments, 6 fentes pour cartes de cr\u00e9dit, 2 compartiments pour billets, 4 poches suppl\u00e9mentaires<\/p>\n<\/div>\n<ul>\n<li>Couleur : gris<\/li>\n<li>Fonctions : 6 compartiments pour cartes de cr\u00e9dit, 2 compartiments pour billets de banque, 2 compartiments suppl\u00e9mentaires<\/li>\n<li>Taille : 11,5 x 9,2 cm<\/li>\n<li>Rev\u00eatement\/Logo : Embl\u00e8me Montblanc avec anneau palladiertem<\/li>\n<\/ul>\n","protected":false},"excerpt":{"rendered":"<p>Couleur : Gris Portefeuille Montblanc Sartorial 6 compartiments, 6 fentes pour cartes de cr\u00e9dit, 2 compartiments pour billets, 4 poches suppl\u00e9mentaires Couleur : gris Fonctions : 6 compartiments pour cartes de cr\u00e9dit, 2 compartiments pour billets de banque, 2 compartiments suppl\u00e9mentaires Taille : 11,5 x 9,2 cm Rev\u00eatement\/Logo : Embl\u00e8me Montblanc avec anneau palladiertem<\/p>\n","protected":false},"featured_media":163289,"template":"","meta":{"_crdt_document":"","advanced_seo_description":"","jetpack_seo_html_title":"","jetpack_seo_noindex":false},"product_brand":[],"product_cat":[2241],"product_tag":[2345],"berocket_brand":[],"woo-feed-brand":[],"class_list":{"0":"post-71286","1":"product","2":"type-product","3":"status-publish","4":"has-post-thumbnail","6":"product_cat-montblanc-fr","7":"product_tag-portefeuille","9":"first","10":"instock","11":"sale","12":"taxable","13":"shipping-taxable","14":"purchasable","15":"product-type-simple"},"bundled_by":[],"bundle_stock_status":"instock","bundle_stock_quantity":1,"bundle_virtual":false,"bundle_layout":"","bundle_add_to_cart_form_location":"","bundle_editable_in_cart":false,"bundle_sold_individually_context":"","bundle_item_grouping":"","bundle_min_size":"","bundle_max_size":"","bundle_price":[],"bundled_items":[],"bundle_sell_ids":[],"group_of_quantity":0,"min_quantity":0,"max_quantity":"","exclude_order_quantity_value_rules":"no","exclude_category_quantity_rules":"no","combine_variations":"no","jetpack_sharing_enabled":true,"jetpack_likes_enabled":true,"_links":{"self":[{"href":"https:\/\/watchdeluxe.it\/fr\/wp-json\/wp\/v2\/product\/71286","targetHints":{"allow":["GET"]}}],"collection":[{"href":"https:\/\/watchdeluxe.it\/fr\/wp-json\/wp\/v2\/product"}],"about":[{"href":"https:\/\/watchdeluxe.it\/fr\/wp-json\/wp\/v2\/types\/product"}],"wp:featuredmedia":[{"embeddable":true,"href":"https:\/\/watchdeluxe.it\/fr\/wp-json\/wp\/v2\/media\/163289"}],"wp:attachment":[{"href":"https:\/\/watchdeluxe.it\/fr\/wp-json\/wp\/v2\/media?parent=71286"}],"wp:term":[{"taxonomy":"product_brand","embeddable":true,"href":"https:\/\/watchdeluxe.it\/fr\/wp-json\/wp\/v2\/product_brand?post=71286"},{"taxonomy":"product_cat","embeddable":true,"href":"https:\/\/watchdeluxe.it\/fr\/wp-json\/wp\/v2\/product_cat?post=71286"},{"taxonomy":"product_tag","embeddable":true,"href":"https:\/\/watchdeluxe.it\/fr\/wp-json\/wp\/v2\/product_tag?post=71286"},{"taxonomy":"berocket_brand","embeddable":true,"href":"https:\/\/watchdeluxe.it\/fr\/wp-json\/wp\/v2\/berocket_brand?post=71286"},{"taxonomy":"woo-feed-brand","embeddable":true,"href":"https:\/\/watchdeluxe.it\/fr\/wp-json\/wp\/v2\/woo-feed-brand?post=71286"}],"curies":[{"name":"wp","href":"https:\/\/api.w.org\/{rel}","templated":true}]}}