{"id":71064,"date":"2023-03-20T13:51:38","date_gmt":"2023-03-20T12:51:38","guid":{"rendered":"https:\/\/watchdeluxe.it\/prodotto\/montblanc-platine-stylo-a-bille-avec-mecanisme-twist-ref-2866\/"},"modified":"2026-01-16T11:12:35","modified_gmt":"2026-01-16T10:12:35","slug":"montblanc-platine-stylo-sphere-avec-mecanisme-de-rotation-ref-2866","status":"publish","type":"product","link":"https:\/\/watchdeluxe.it\/fr\/prodotto\/montblanc-platine-stylo-sphere-avec-mecanisme-de-rotation-ref-2866\/","title":{"rendered":"Montblanc &#8211; platine Stylo \u00e0 bille avec m\u00e9canisme twist ref. 2866"},"content":{"rendered":"<p>Ce brillant stylo Montblanc en r\u00e9sine noire, con\u00e7u pour unisexe, platine, Meisterstueck Classique 02866<\/p>\n<p>Tambour : r\u00e9sine noire de haute qualit\u00e9<br \/>\nClip : Clip platin\u00e9 avec num\u00e9ro de s\u00e9rie individuel<br \/>\nCapuchon : r\u00e9sine noire fine incrust\u00e9e de l&#8217;embl\u00e8me Montblanc<\/p>\n","protected":false},"excerpt":{"rendered":"<p>Ce brillant stylo Montblanc en r\u00e9sine noire, con\u00e7u pour unisexe, platine, Meisterstueck Classique 02866 Tambour : r\u00e9sine noire de haute qualit\u00e9 Clip : Clip platin\u00e9 avec num\u00e9ro de s\u00e9rie individuel Capuchon : r\u00e9sine noire fine incrust\u00e9e de l&#8217;embl\u00e8me Montblanc<\/p>\n","protected":false},"featured_media":165000,"template":"","meta":{"_crdt_document":"","advanced_seo_description":"","jetpack_seo_html_title":"","jetpack_seo_noindex":false},"product_brand":[],"product_cat":[2241,2331],"product_tag":[2252],"berocket_brand":[],"woo-feed-brand":[],"class_list":{"0":"post-71064","1":"product","2":"type-product","3":"status-publish","4":"has-post-thumbnail","6":"product_cat-montblanc-fr","7":"product_cat-vitrine","8":"product_tag-stylos","10":"first","11":"instock","12":"sale","13":"taxable","14":"shipping-taxable","15":"purchasable","16":"product-type-simple"},"bundled_by":[],"bundle_stock_status":"instock","bundle_stock_quantity":1,"bundle_virtual":false,"bundle_layout":"","bundle_add_to_cart_form_location":"","bundle_editable_in_cart":false,"bundle_sold_individually_context":"","bundle_item_grouping":"","bundle_min_size":"","bundle_max_size":"","bundle_price":[],"bundled_items":[],"bundle_sell_ids":[],"group_of_quantity":0,"min_quantity":0,"max_quantity":"","exclude_order_quantity_value_rules":"no","exclude_category_quantity_rules":"no","combine_variations":"no","jetpack_sharing_enabled":true,"jetpack_likes_enabled":true,"_links":{"self":[{"href":"https:\/\/watchdeluxe.it\/fr\/wp-json\/wp\/v2\/product\/71064","targetHints":{"allow":["GET"]}}],"collection":[{"href":"https:\/\/watchdeluxe.it\/fr\/wp-json\/wp\/v2\/product"}],"about":[{"href":"https:\/\/watchdeluxe.it\/fr\/wp-json\/wp\/v2\/types\/product"}],"wp:featuredmedia":[{"embeddable":true,"href":"https:\/\/watchdeluxe.it\/fr\/wp-json\/wp\/v2\/media\/165000"}],"wp:attachment":[{"href":"https:\/\/watchdeluxe.it\/fr\/wp-json\/wp\/v2\/media?parent=71064"}],"wp:term":[{"taxonomy":"product_brand","embeddable":true,"href":"https:\/\/watchdeluxe.it\/fr\/wp-json\/wp\/v2\/product_brand?post=71064"},{"taxonomy":"product_cat","embeddable":true,"href":"https:\/\/watchdeluxe.it\/fr\/wp-json\/wp\/v2\/product_cat?post=71064"},{"taxonomy":"product_tag","embeddable":true,"href":"https:\/\/watchdeluxe.it\/fr\/wp-json\/wp\/v2\/product_tag?post=71064"},{"taxonomy":"berocket_brand","embeddable":true,"href":"https:\/\/watchdeluxe.it\/fr\/wp-json\/wp\/v2\/berocket_brand?post=71064"},{"taxonomy":"woo-feed-brand","embeddable":true,"href":"https:\/\/watchdeluxe.it\/fr\/wp-json\/wp\/v2\/woo-feed-brand?post=71064"}],"curies":[{"name":"wp","href":"https:\/\/api.w.org\/{rel}","templated":true}]}}