{"id":71005,"date":"2023-03-20T13:51:47","date_gmt":"2023-03-20T12:51:47","guid":{"rendered":"https:\/\/watchdeluxe.it\/prodotto\/montblanc-116099-montre-mecanique-automatique-pour-hommes\/"},"modified":"2026-04-06T05:07:40","modified_gmt":"2026-04-06T03:07:40","slug":"montblanc-116099-montre-montre-homme-mecanique-automatique","status":"publish","type":"product","link":"https:\/\/watchdeluxe.it\/fr\/prodotto\/montblanc-116099-montre-montre-homme-mecanique-automatique\/","title":{"rendered":"Montblanc 116099 montre m\u00e9canique automatique pour hommes"},"content":{"rendered":"<div>\n<p>Montblanc montre-bracelet chronographe 116099 de luxe pour homme avec mouvement m\u00e9canique \u00e0 remontage automatique, bo\u00eetier en acier inoxydable de 43 mm de diam\u00e8tre, cadran multicolore, verre saphir et bracelet en acier inoxydable de couleur argent\u00e9e.<\/p>\n<p>Sexe : masculin<br \/>\nStyle : Luxe<br \/>\nType de mouvement : M\u00e9canique<br \/>\nType d&#8217;alimentation : Automatique<br \/>\nFabrication du mouvement : suisse<br \/>\nMoteur du mouvement : Calibre Montblanc MB 25.07<br \/>\nR\u00e9serve de marche : 46 heures<br \/>\nType de calendrier : Date<br \/>\nR\u00e9sistance \u00e0 l&#8217;eau : 100m | 10 ATM<br \/>\nType d&#8217;affichage : Chronographe<br \/>\nMat\u00e9riau du bo\u00eetier : acier inoxydable<br \/>\nCouleur du bo\u00eetier : argent<br \/>\nForme du bo\u00eetier : ronde<br \/>\nDiam\u00e8tre du bo\u00eetier : 43 mm<br \/>\nType de verre : verre saphir antireflet<br \/>\nForme du cadran : Rond<br \/>\nCouleur du cadran : Multicolore<br \/>\nType d&#8217;indice : mixte<br \/>\nCouleur des indices : Noir<br \/>\nMat\u00e9riau de la virole : acier inoxydable<br \/>\nFonction de la lunette : unidirectionnelle<br \/>\nMat\u00e9riau du bracelet : acier inoxydable<br \/>\nCouleur du bracelet : argent<\/p>\n<\/div>\n<ul>\n<li>Sexe : masculin<\/li>\n<li>Type de mouvement : M\u00e9canique<\/li>\n<li>Type d&#8217;affichage : Chronographe<\/li>\n<li>Diam\u00e8tre du bo\u00eetier : 43 mm<\/li>\n<li>Couleur du cadran : Multicolore<\/li>\n<\/ul>\n","protected":false},"excerpt":{"rendered":"<p>Montblanc montre-bracelet chronographe 116099 de luxe pour homme avec mouvement m\u00e9canique \u00e0 remontage automatique, bo\u00eetier en acier inoxydable de 43 mm de diam\u00e8tre, cadran multicolore, verre saphir et bracelet en acier inoxydable de couleur argent\u00e9e. Sexe : masculin Style : Luxe Type de mouvement : M\u00e9canique Type d&#8217;alimentation : Automatique Fabrication du mouvement : suisse [&hellip;]<\/p>\n","protected":false},"featured_media":155029,"template":"","meta":{"_crdt_document":"","advanced_seo_description":"","jetpack_seo_html_title":"","jetpack_seo_noindex":false},"product_brand":[],"product_cat":[2241],"product_tag":[2959],"berocket_brand":[],"woo-feed-brand":[],"class_list":{"0":"post-71005","1":"product","2":"type-product","3":"status-publish","4":"has-post-thumbnail","6":"product_cat-montblanc-fr","7":"product_tag-le-marcheur-du-temps","9":"first","10":"instock","11":"sale","12":"taxable","13":"shipping-taxable","14":"purchasable","15":"product-type-simple"},"bundled_by":[],"bundle_stock_status":"instock","bundle_stock_quantity":1,"bundle_virtual":false,"bundle_layout":"","bundle_add_to_cart_form_location":"","bundle_editable_in_cart":false,"bundle_sold_individually_context":"","bundle_item_grouping":"","bundle_min_size":"","bundle_max_size":"","bundle_price":[],"bundled_items":[],"bundle_sell_ids":[],"group_of_quantity":0,"min_quantity":0,"max_quantity":"","exclude_order_quantity_value_rules":"no","exclude_category_quantity_rules":"no","combine_variations":"no","jetpack_sharing_enabled":true,"jetpack_likes_enabled":true,"_links":{"self":[{"href":"https:\/\/watchdeluxe.it\/fr\/wp-json\/wp\/v2\/product\/71005","targetHints":{"allow":["GET"]}}],"collection":[{"href":"https:\/\/watchdeluxe.it\/fr\/wp-json\/wp\/v2\/product"}],"about":[{"href":"https:\/\/watchdeluxe.it\/fr\/wp-json\/wp\/v2\/types\/product"}],"wp:featuredmedia":[{"embeddable":true,"href":"https:\/\/watchdeluxe.it\/fr\/wp-json\/wp\/v2\/media\/155029"}],"wp:attachment":[{"href":"https:\/\/watchdeluxe.it\/fr\/wp-json\/wp\/v2\/media?parent=71005"}],"wp:term":[{"taxonomy":"product_brand","embeddable":true,"href":"https:\/\/watchdeluxe.it\/fr\/wp-json\/wp\/v2\/product_brand?post=71005"},{"taxonomy":"product_cat","embeddable":true,"href":"https:\/\/watchdeluxe.it\/fr\/wp-json\/wp\/v2\/product_cat?post=71005"},{"taxonomy":"product_tag","embeddable":true,"href":"https:\/\/watchdeluxe.it\/fr\/wp-json\/wp\/v2\/product_tag?post=71005"},{"taxonomy":"berocket_brand","embeddable":true,"href":"https:\/\/watchdeluxe.it\/fr\/wp-json\/wp\/v2\/berocket_brand?post=71005"},{"taxonomy":"woo-feed-brand","embeddable":true,"href":"https:\/\/watchdeluxe.it\/fr\/wp-json\/wp\/v2\/woo-feed-brand?post=71005"}],"curies":[{"name":"wp","href":"https:\/\/api.w.org\/{rel}","templated":true}]}}