{"id":70783,"date":"2023-03-20T13:53:00","date_gmt":"2023-03-20T12:53:00","guid":{"rendered":"https:\/\/watchdeluxe.it\/prodotto\/montblanc-meisterstuck-porte-cartes-de-visite-14108\/"},"modified":"2026-01-16T13:05:17","modified_gmt":"2026-01-16T12:05:17","slug":"montblanc-meisterstuck-porte-cartes-daffaires-14108-by-montblanc","status":"publish","type":"product","link":"https:\/\/watchdeluxe.it\/fr\/prodotto\/montblanc-meisterstuck-porte-cartes-daffaires-14108-by-montblanc\/","title":{"rendered":"Montblanc Meisterstuck Porte-cartes de visite 14108"},"content":{"rendered":"<p>En cuir pleine fleur noir. En cuir de vachette ; Embl\u00e8me Montblanc avec anneau recouvert de palladium ; Doublure Jacquard avec le nom de la marque Montblanc ; Compartiment pour cartes de visite ; 2 poches pour cartes de cr\u00e9dit avec une poche suppl\u00e9mentaire. Livr\u00e9 dans une bo\u00eete et un sac \u00e0 poussi\u00e8re ;.Dimensions : 2 3\/4 pouces X 4 1\/3 pouces<\/p>\n<p>Montblanc Meisterstuck Porte-cartes de visite 14108<br \/>\nTaille unique<br \/>\nNoir<\/p>\n","protected":false},"excerpt":{"rendered":"<p>En cuir pleine fleur noir. En cuir de vachette ; Embl\u00e8me Montblanc avec anneau recouvert de palladium ; Doublure Jacquard avec le nom de la marque Montblanc ; Compartiment pour cartes de visite ; 2 poches pour cartes de cr\u00e9dit avec une poche suppl\u00e9mentaire. Livr\u00e9 dans une bo\u00eete et un sac \u00e0 poussi\u00e8re ;.Dimensions : [&hellip;]<\/p>\n","protected":false},"featured_media":165062,"template":"","meta":{"_crdt_document":"","advanced_seo_description":"","jetpack_seo_html_title":"","jetpack_seo_noindex":false},"product_brand":[],"product_cat":[2241,2331],"product_tag":[2345],"berocket_brand":[],"woo-feed-brand":[],"class_list":{"0":"post-70783","1":"product","2":"type-product","3":"status-publish","4":"has-post-thumbnail","6":"product_cat-montblanc-fr","7":"product_cat-vitrine","8":"product_tag-portefeuille","10":"first","11":"instock","12":"sale","13":"taxable","14":"shipping-taxable","15":"purchasable","16":"product-type-simple"},"bundled_by":[],"bundle_stock_status":"instock","bundle_stock_quantity":1,"bundle_virtual":false,"bundle_layout":"","bundle_add_to_cart_form_location":"","bundle_editable_in_cart":false,"bundle_sold_individually_context":"","bundle_item_grouping":"","bundle_min_size":"","bundle_max_size":"","bundle_price":[],"bundled_items":[],"bundle_sell_ids":[],"group_of_quantity":0,"min_quantity":0,"max_quantity":"","exclude_order_quantity_value_rules":"no","exclude_category_quantity_rules":"no","combine_variations":"no","jetpack_sharing_enabled":true,"jetpack_likes_enabled":true,"_links":{"self":[{"href":"https:\/\/watchdeluxe.it\/fr\/wp-json\/wp\/v2\/product\/70783","targetHints":{"allow":["GET"]}}],"collection":[{"href":"https:\/\/watchdeluxe.it\/fr\/wp-json\/wp\/v2\/product"}],"about":[{"href":"https:\/\/watchdeluxe.it\/fr\/wp-json\/wp\/v2\/types\/product"}],"wp:featuredmedia":[{"embeddable":true,"href":"https:\/\/watchdeluxe.it\/fr\/wp-json\/wp\/v2\/media\/165062"}],"wp:attachment":[{"href":"https:\/\/watchdeluxe.it\/fr\/wp-json\/wp\/v2\/media?parent=70783"}],"wp:term":[{"taxonomy":"product_brand","embeddable":true,"href":"https:\/\/watchdeluxe.it\/fr\/wp-json\/wp\/v2\/product_brand?post=70783"},{"taxonomy":"product_cat","embeddable":true,"href":"https:\/\/watchdeluxe.it\/fr\/wp-json\/wp\/v2\/product_cat?post=70783"},{"taxonomy":"product_tag","embeddable":true,"href":"https:\/\/watchdeluxe.it\/fr\/wp-json\/wp\/v2\/product_tag?post=70783"},{"taxonomy":"berocket_brand","embeddable":true,"href":"https:\/\/watchdeluxe.it\/fr\/wp-json\/wp\/v2\/berocket_brand?post=70783"},{"taxonomy":"woo-feed-brand","embeddable":true,"href":"https:\/\/watchdeluxe.it\/fr\/wp-json\/wp\/v2\/woo-feed-brand?post=70783"}],"curies":[{"name":"wp","href":"https:\/\/api.w.org\/{rel}","templated":true}]}}