{"id":70552,"date":"2023-03-20T13:53:57","date_gmt":"2023-03-20T12:53:57","guid":{"rendered":"https:\/\/watchdeluxe.it\/prodotto\/stylo-montblanc-starwalker-stylus-f-ref-8481\/"},"modified":"2026-04-07T11:11:27","modified_gmt":"2026-04-07T09:11:27","slug":"montblanc-pen-starwalker-stilo-f-ref-8481","status":"publish","type":"product","link":"https:\/\/watchdeluxe.it\/fr\/prodotto\/montblanc-pen-starwalker-stilo-f-ref-8481\/","title":{"rendered":"Stylo Montblanc starwalker stylus F ref. 8481"},"content":{"rendered":"<p>Stylo Montblanc starwalker stylus F ref. 8481<\/p>\n<p>Le design du stylo Starwalker s&#8217;inspire de l&#8217;exploration spatiale, avec un corps noir brillant rappelant l&#8217;obscurit\u00e9 du cosmos et un clip en forme de vaisseau spatial rappelant la vision futuriste. Ce design unique se distingue des autres et attire l&#8217;attention.<\/p>\n<p>Le stylo Starwalker est \u00e9quip\u00e9 d&#8217;une pointe F, qui garantit une \u00e9criture douce et pr\u00e9cise. Le stylo est dot\u00e9 de d\u00e9tails en m\u00e9tal platin\u00e9, qui ajoutent une touche d&#8217;\u00e9l\u00e9gance et de sophistication. La signature &#8220;Montblanc&#8221; est grav\u00e9e sur le capuchon, symbole de prestige et de qualit\u00e9.<\/p>\n<p>&nbsp;<\/p>\n<p>&nbsp;<\/p>\n","protected":false},"excerpt":{"rendered":"<p>Stylo Montblanc starwalker stylus F ref. 8481 Le design du stylo Starwalker s&#8217;inspire de l&#8217;exploration spatiale, avec un corps noir brillant rappelant l&#8217;obscurit\u00e9 du cosmos et un clip en forme de vaisseau spatial rappelant la vision futuriste. Ce design unique se distingue des autres et attire l&#8217;attention. Le stylo Starwalker est \u00e9quip\u00e9 d&#8217;une pointe F, [&hellip;]<\/p>\n","protected":false},"featured_media":164920,"template":"","meta":{"_crdt_document":"","advanced_seo_description":"","jetpack_seo_html_title":"","jetpack_seo_noindex":false},"product_brand":[],"product_cat":[1929],"product_tag":[2252],"berocket_brand":[],"woo-feed-brand":[],"class_list":{"0":"post-70552","1":"product","2":"type-product","3":"status-publish","4":"has-post-thumbnail","6":"product_cat-montblanc","7":"product_tag-stylos","9":"first","10":"instock","11":"sale","12":"taxable","13":"shipping-taxable","14":"purchasable","15":"product-type-simple"},"bundled_by":[],"bundle_stock_status":"instock","bundle_stock_quantity":1,"bundle_virtual":false,"bundle_layout":"","bundle_add_to_cart_form_location":"","bundle_editable_in_cart":false,"bundle_sold_individually_context":"","bundle_item_grouping":"","bundle_min_size":"","bundle_max_size":"","bundle_price":[],"bundled_items":[],"bundle_sell_ids":[],"group_of_quantity":0,"min_quantity":0,"max_quantity":"","exclude_order_quantity_value_rules":"no","exclude_category_quantity_rules":"no","combine_variations":"no","jetpack_sharing_enabled":true,"jetpack_likes_enabled":true,"_links":{"self":[{"href":"https:\/\/watchdeluxe.it\/fr\/wp-json\/wp\/v2\/product\/70552","targetHints":{"allow":["GET"]}}],"collection":[{"href":"https:\/\/watchdeluxe.it\/fr\/wp-json\/wp\/v2\/product"}],"about":[{"href":"https:\/\/watchdeluxe.it\/fr\/wp-json\/wp\/v2\/types\/product"}],"wp:featuredmedia":[{"embeddable":true,"href":"https:\/\/watchdeluxe.it\/fr\/wp-json\/wp\/v2\/media\/164920"}],"wp:attachment":[{"href":"https:\/\/watchdeluxe.it\/fr\/wp-json\/wp\/v2\/media?parent=70552"}],"wp:term":[{"taxonomy":"product_brand","embeddable":true,"href":"https:\/\/watchdeluxe.it\/fr\/wp-json\/wp\/v2\/product_brand?post=70552"},{"taxonomy":"product_cat","embeddable":true,"href":"https:\/\/watchdeluxe.it\/fr\/wp-json\/wp\/v2\/product_cat?post=70552"},{"taxonomy":"product_tag","embeddable":true,"href":"https:\/\/watchdeluxe.it\/fr\/wp-json\/wp\/v2\/product_tag?post=70552"},{"taxonomy":"berocket_brand","embeddable":true,"href":"https:\/\/watchdeluxe.it\/fr\/wp-json\/wp\/v2\/berocket_brand?post=70552"},{"taxonomy":"woo-feed-brand","embeddable":true,"href":"https:\/\/watchdeluxe.it\/fr\/wp-json\/wp\/v2\/woo-feed-brand?post=70552"}],"curies":[{"name":"wp","href":"https:\/\/api.w.org\/{rel}","templated":true}]}}