{"id":70534,"date":"2023-03-17T16:23:27","date_gmt":"2023-03-17T15:23:27","guid":{"rendered":"https:\/\/watchdeluxe.it\/prodotto\/iwc-portugieser-chronographe-ref-iw371611\/"},"modified":"2026-04-10T17:28:01","modified_gmt":"2026-04-10T15:28:01","slug":"iwc-portugieser-chronograph-ref-iw371611","status":"publish","type":"product","link":"https:\/\/watchdeluxe.it\/fr\/prodotto\/iwc-portugieser-chronograph-ref-iw371611\/","title":{"rendered":"IWC Portugieser Chronograph r\u00e9f. IW371611"},"content":{"rendered":"<p><span id=\"watchNotes\" data-mce-fragment=\"1\">Le chronographe Portugieser est l&#8217;un des mod\u00e8les les plus embl\u00e9matiques d&#8217;IWC Schaffhausen. Avec son diam\u00e8tre de 41 millim\u00e8tres, elle s&#8217;adapte \u00e0 tous les poignets, mais sa fine lunette donne l&#8217;impression de porter une montre beaucoup plus grande. Le cadran clair et fonctionnel pr\u00e9sente des chiffres arabes appliqu\u00e9s et d&#8217;\u00e9l\u00e9gantes aiguilles en forme de feuille. Dot\u00e9 d&#8217;une \u00e9chelle des quarts de seconde imprim\u00e9e, le r\u00e9haut permet non seulement une lecture pr\u00e9cise des temps du chronographe, mais rappelle \u00e9galement les origines de la Portugieser, qui \u00e9tait \u00e0 l&#8217;origine un instrument de pr\u00e9cision nautique. Ce mod\u00e8le pr\u00e9sente un bo\u00eetier en or rouge 18 carats, un cadran argent\u00e9, des aiguilles en or appliqu\u00e9es et est compl\u00e9t\u00e9 par un bracelet en cuir d&#8217;alligator marron. Cet \u00e9l\u00e9gant chronographe sportif est \u00e9quip\u00e9 du calibre 69355 fabriqu\u00e9 par IWC. Pr\u00e9cis et r\u00e9sistant, le mouvement chronographe avec son design classique de roue \u00e0 colonnes est visible \u00e0 travers le fond du bo\u00eetier en verre saphir. <br data-mce-fragment=\"1\">Marque IWC SCHAFFHAUSEN <br data-mce-fragment=\"1\">Ligne PORTUGIESER <br data-mce-fragment=\"1\">Complication CHRONOGRAPHE <br data-mce-fragment=\"1\">Mouvement AUTOMATIQUE <br data-mce-fragment=\"1\">Forme RONDE <br data-mce-fragment=\"1\">Taille 41 MM <br data-mce-fragment=\"1\">Mati\u00e8re Or Rouge <br data-mce-fragment=\"1\">Cadran ARGENT <br data-mce-fragment=\"1\">Bracelet ALLIGATOR <br data-mce-fragment=\"1\">Etanche \u00e0 30 M<\/span><\/p>\n","protected":false},"excerpt":{"rendered":"<p>Le chronographe Portugieser est l&#8217;un des mod\u00e8les les plus embl\u00e9matiques d&#8217;IWC Schaffhausen. Avec son diam\u00e8tre de 41 millim\u00e8tres, elle s&#8217;adapte \u00e0 tous les poignets, mais sa fine lunette donne l&#8217;impression de porter une montre beaucoup plus grande. Le cadran clair et fonctionnel pr\u00e9sente des chiffres arabes appliqu\u00e9s et d&#8217;\u00e9l\u00e9gantes aiguilles en forme de feuille. Dot\u00e9 [&hellip;]<\/p>\n","protected":false},"featured_media":171323,"template":"","meta":{"_crdt_document":"","advanced_seo_description":"","jetpack_seo_html_title":"","jetpack_seo_noindex":false},"product_brand":[],"product_cat":[2229],"product_tag":[2908],"berocket_brand":[],"woo-feed-brand":[],"class_list":{"0":"post-70534","1":"product","2":"type-product","3":"status-publish","4":"has-post-thumbnail","6":"product_cat-iwc-fr","7":"product_tag-portugais-fr","9":"first","10":"instock","11":"sale","12":"taxable","13":"shipping-taxable","14":"purchasable","15":"product-type-simple"},"bundled_by":[],"bundle_stock_status":"instock","bundle_stock_quantity":1,"bundle_virtual":false,"bundle_layout":"","bundle_add_to_cart_form_location":"","bundle_editable_in_cart":false,"bundle_sold_individually_context":"","bundle_item_grouping":"","bundle_min_size":"","bundle_max_size":"","bundle_price":[],"bundled_items":[],"bundle_sell_ids":[],"group_of_quantity":0,"min_quantity":0,"max_quantity":"","exclude_order_quantity_value_rules":"no","exclude_category_quantity_rules":"no","combine_variations":"no","jetpack_sharing_enabled":true,"jetpack_likes_enabled":true,"_links":{"self":[{"href":"https:\/\/watchdeluxe.it\/fr\/wp-json\/wp\/v2\/product\/70534","targetHints":{"allow":["GET"]}}],"collection":[{"href":"https:\/\/watchdeluxe.it\/fr\/wp-json\/wp\/v2\/product"}],"about":[{"href":"https:\/\/watchdeluxe.it\/fr\/wp-json\/wp\/v2\/types\/product"}],"wp:featuredmedia":[{"embeddable":true,"href":"https:\/\/watchdeluxe.it\/fr\/wp-json\/wp\/v2\/media\/171323"}],"wp:attachment":[{"href":"https:\/\/watchdeluxe.it\/fr\/wp-json\/wp\/v2\/media?parent=70534"}],"wp:term":[{"taxonomy":"product_brand","embeddable":true,"href":"https:\/\/watchdeluxe.it\/fr\/wp-json\/wp\/v2\/product_brand?post=70534"},{"taxonomy":"product_cat","embeddable":true,"href":"https:\/\/watchdeluxe.it\/fr\/wp-json\/wp\/v2\/product_cat?post=70534"},{"taxonomy":"product_tag","embeddable":true,"href":"https:\/\/watchdeluxe.it\/fr\/wp-json\/wp\/v2\/product_tag?post=70534"},{"taxonomy":"berocket_brand","embeddable":true,"href":"https:\/\/watchdeluxe.it\/fr\/wp-json\/wp\/v2\/berocket_brand?post=70534"},{"taxonomy":"woo-feed-brand","embeddable":true,"href":"https:\/\/watchdeluxe.it\/fr\/wp-json\/wp\/v2\/woo-feed-brand?post=70534"}],"curies":[{"name":"wp","href":"https:\/\/api.w.org\/{rel}","templated":true}]}}