{"id":70325,"date":"2023-03-17T16:23:25","date_gmt":"2023-03-17T15:23:25","guid":{"rendered":"https:\/\/watchdeluxe.it\/prodotto\/iwc-portofino-automatic-40-mm-ref-iw356502\/"},"modified":"2026-04-03T09:58:58","modified_gmt":"2026-04-03T07:58:58","slug":"iwc-portofino-automatic-40-mm-ref-iw356502","status":"publish","type":"product","link":"https:\/\/watchdeluxe.it\/fr\/prodotto\/iwc-portofino-automatic-40-mm-ref-iw356502\/","title":{"rendered":"IWC PORTOFINO AUTOMATIC 40 MM R\u00c9F. IW356502"},"content":{"rendered":"<p>IWC PORTOFINO AUTOMATIC 40 MM R\u00c9F. IW356502nn<\/p>\n<table class=\"data-table\">n<\/p>\n<tbody>n<\/p>\n<tr class=\"odd\">n<\/p>\n<td class=\"spec-name\">Marque<\/td>\n<p>n<\/p>\n<td class=\"spec-value\">IWC SCHAFFHAUSEN<\/td>\n<p>n<\/tr>\n<p>n<\/p>\n<tr class=\"even\">n<\/p>\n<td class=\"spec-name\">Ligne<\/td>\n<p>n<\/p>\n<td class=\"spec-value\">PORTOFINO<\/td>\n<p>n<\/tr>\n<p>n<\/p>\n<tr class=\"odd\">n<\/p>\n<td class=\"spec-name\">Complication<\/td>\n<p>n<\/p>\n<td class=\"spec-value\">HEURE SEULE<\/td>\n<p>n<\/tr>\n<p>n<\/p>\n<tr class=\"even\">n<\/p>\n<td class=\"spec-name\">Mouvement<\/td>\n<p>n<\/p>\n<td class=\"spec-value\">AUTOMATIQUE<\/td>\n<p>n<\/tr>\n<p>n<\/p>\n<tr class=\"odd\">n<\/p>\n<td class=\"spec-name\">Quanti\u00e8me<\/td>\n<p>n<\/p>\n<td class=\"spec-value\">DATE<\/td>\n<p>n<\/tr>\n<p>n<\/p>\n<tr class=\"even\">n<\/p>\n<td class=\"spec-name\">Forme<\/td>\n<p>n<\/p>\n<td class=\"spec-value\">RONDE<\/td>\n<p>n<\/tr>\n<p>n<\/p>\n<tr class=\"odd\">n<\/p>\n<td class=\"spec-name\">Taille<\/td>\n<p>n<\/p>\n<td class=\"spec-value\">40 mm<\/td>\n<p>n<\/tr>\n<p>n<\/p>\n<tr class=\"even\">n<\/p>\n<td class=\"spec-name\">Mat\u00e9riau<\/td>\n<p>n<\/p>\n<td class=\"spec-value\">Acier<\/td>\n<p>n<\/tr>\n<p>n<\/p>\n<tr class=\"odd\">n<\/p>\n<td class=\"spec-name\">Cadran<\/td>\n<p>n<\/p>\n<td class=\"spec-value\">NOIR<\/td>\n<p>n<\/tr>\n<p>n<\/p>\n<tr class=\"even\">n<\/p>\n<td class=\"spec-name\">Bracelet<\/td>\n<p>n<\/p>\n<td class=\"spec-value\">ALLIGATOR<\/td>\n<p>n<\/tr>\n<p>n<\/p>\n<tr class=\"odd\">n<\/p>\n<td class=\"spec-name\">\u00c9tanch\u00e9it\u00e9<\/td>\n<p>n<\/p>\n<td class=\"spec-value\">30 m<\/td>\n<p>n<\/tr>\n<p>n<\/tbody>\n<p>n<\/table>\n","protected":false},"excerpt":{"rendered":"<p>IWC PORTOFINO AUTOMATIC 40 MM R\u00c9F. IW356502nn n n n Marque n IWC SCHAFFHAUSEN n n n Ligne n PORTOFINO n n n Complication n HEURE SEULE n n n Mouvement n AUTOMATIQUE n n n Quanti\u00e8me n DATE n n n Forme n RONDE n n n Taille n 40 mm n n n [&hellip;]<\/p>\n","protected":false},"featured_media":19683,"template":"","meta":{"_crdt_document":"","advanced_seo_description":"","jetpack_seo_html_title":"","jetpack_seo_noindex":false,"jetpack_post_was_ever_published":false},"product_brand":[],"product_cat":[2229],"product_tag":[2265],"berocket_brand":[],"woo-feed-brand":[],"class_list":{"0":"post-70325","1":"product","2":"type-product","3":"status-publish","4":"has-post-thumbnail","6":"product_cat-iwc-fr","7":"product_tag-portofino-fr","9":"first","10":"instock","11":"sale","12":"taxable","13":"shipping-taxable","14":"purchasable","15":"product-type-simple"},"bundled_by":[],"bundle_stock_status":"instock","bundle_stock_quantity":1,"bundle_virtual":false,"bundle_layout":"","bundle_add_to_cart_form_location":"","bundle_editable_in_cart":false,"bundle_sold_individually_context":"","bundle_item_grouping":"","bundle_min_size":"","bundle_max_size":"","bundle_price":[],"bundled_items":[],"bundle_sell_ids":[],"group_of_quantity":0,"min_quantity":0,"max_quantity":"","exclude_order_quantity_value_rules":"no","exclude_category_quantity_rules":"no","combine_variations":"no","exclude_global_add_ons":[],"addons":[],"jetpack_sharing_enabled":true,"jetpack_likes_enabled":true,"_links":{"self":[{"href":"https:\/\/watchdeluxe.it\/fr\/wp-json\/wp\/v2\/product\/70325","targetHints":{"allow":["GET"]}}],"collection":[{"href":"https:\/\/watchdeluxe.it\/fr\/wp-json\/wp\/v2\/product"}],"about":[{"href":"https:\/\/watchdeluxe.it\/fr\/wp-json\/wp\/v2\/types\/product"}],"wp:featuredmedia":[{"embeddable":true,"href":"https:\/\/watchdeluxe.it\/fr\/wp-json\/wp\/v2\/media\/19683"}],"wp:attachment":[{"href":"https:\/\/watchdeluxe.it\/fr\/wp-json\/wp\/v2\/media?parent=70325"}],"wp:term":[{"taxonomy":"product_brand","embeddable":true,"href":"https:\/\/watchdeluxe.it\/fr\/wp-json\/wp\/v2\/product_brand?post=70325"},{"taxonomy":"product_cat","embeddable":true,"href":"https:\/\/watchdeluxe.it\/fr\/wp-json\/wp\/v2\/product_cat?post=70325"},{"taxonomy":"product_tag","embeddable":true,"href":"https:\/\/watchdeluxe.it\/fr\/wp-json\/wp\/v2\/product_tag?post=70325"},{"taxonomy":"berocket_brand","embeddable":true,"href":"https:\/\/watchdeluxe.it\/fr\/wp-json\/wp\/v2\/berocket_brand?post=70325"},{"taxonomy":"woo-feed-brand","embeddable":true,"href":"https:\/\/watchdeluxe.it\/fr\/wp-json\/wp\/v2\/woo-feed-brand?post=70325"}],"curies":[{"name":"wp","href":"https:\/\/api.w.org\/{rel}","templated":true}]}}