{"id":69836,"date":"2023-03-17T09:56:38","date_gmt":"2023-03-17T08:56:38","guid":{"rendered":"https:\/\/watchdeluxe.it\/prodotto\/hamilton-jazzmaster-lady-ref-h32315131\/"},"modified":"2026-04-06T04:30:19","modified_gmt":"2026-04-06T02:30:19","slug":"hamilton-jazzmaster-lady-ref-h32315131","status":"publish","type":"product","link":"https:\/\/watchdeluxe.it\/fr\/prodotto\/hamilton-jazzmaster-lady-ref-h32315131\/","title":{"rendered":"Hamilton Jazzmaster lady r\u00e9f. H32315131"},"content":{"rendered":"<p>Hamilton Jazzmaster lady r\u00e9f. H32315131<\/p>\n<ul>\n<li class=\"col col-1-2-m watch\">\n<h4>Horloge<\/h4>\n<p>R\u00e9f\u00e9rence : H32315131<br \/>\nCalibre : 2671<br \/>\nCollection : Jazzmaster<br \/>\nMouvement : Remontage automatique<br \/>\nDimensions du bo\u00eetier : 34 mm<br \/>\nCouleur du cadran : Noir<br \/>\nMat\u00e9riau du bo\u00eetier : acier<br \/>\nVerre : Saphir<br \/>\nLargeur de la boucle : 18 mm<br \/>\nR\u00e9serve de marche : R\u00e9serve de marche de 43 heures<br \/>\nR\u00e9sistance \u00e0 l&#8217;eau : 5 bars (50m)<br \/>\nDos visible : Oui<\/li>\n<li class=\"col col-1-2-m strap\">\n<h4>Bracelet\/Strap<\/h4>\n<p>Accessoire REF : H605.323.110<br \/>\nType de bracelet : Acier<br \/>\nType de boucle : Boucle d\u00e9ployante<\/li>\n<\/ul>\n<p>&nbsp;<\/p>\n","protected":false},"excerpt":{"rendered":"<p>Hamilton Jazzmaster lady r\u00e9f. H32315131 Horloge R\u00e9f\u00e9rence : H32315131 Calibre : 2671 Collection : Jazzmaster Mouvement : Remontage automatique Dimensions du bo\u00eetier : 34 mm Couleur du cadran : Noir Mat\u00e9riau du bo\u00eetier : acier Verre : Saphir Largeur de la boucle : 18 mm R\u00e9serve de marche : R\u00e9serve de marche de 43 heures [&hellip;]<\/p>\n","protected":false},"featured_media":171734,"template":"","meta":{"_crdt_document":"","advanced_seo_description":"","jetpack_seo_html_title":"","jetpack_seo_noindex":false},"product_brand":[],"product_cat":[2292],"product_tag":[2599],"berocket_brand":[],"woo-feed-brand":[],"class_list":{"0":"post-69836","1":"product","2":"type-product","3":"status-publish","4":"has-post-thumbnail","6":"product_cat-hamilton-fr","7":"product_tag-jazzmaster-fr","9":"first","10":"instock","11":"sale","12":"taxable","13":"shipping-taxable","14":"purchasable","15":"product-type-simple"},"bundled_by":[],"bundle_stock_status":"instock","bundle_stock_quantity":1,"bundle_virtual":false,"bundle_layout":"","bundle_add_to_cart_form_location":"","bundle_editable_in_cart":false,"bundle_sold_individually_context":"","bundle_item_grouping":"","bundle_min_size":"","bundle_max_size":"","bundle_price":[],"bundled_items":[],"bundle_sell_ids":[],"group_of_quantity":0,"min_quantity":0,"max_quantity":"","exclude_order_quantity_value_rules":"no","exclude_category_quantity_rules":"no","combine_variations":"no","jetpack_sharing_enabled":true,"jetpack_likes_enabled":true,"_links":{"self":[{"href":"https:\/\/watchdeluxe.it\/fr\/wp-json\/wp\/v2\/product\/69836","targetHints":{"allow":["GET"]}}],"collection":[{"href":"https:\/\/watchdeluxe.it\/fr\/wp-json\/wp\/v2\/product"}],"about":[{"href":"https:\/\/watchdeluxe.it\/fr\/wp-json\/wp\/v2\/types\/product"}],"wp:featuredmedia":[{"embeddable":true,"href":"https:\/\/watchdeluxe.it\/fr\/wp-json\/wp\/v2\/media\/171734"}],"wp:attachment":[{"href":"https:\/\/watchdeluxe.it\/fr\/wp-json\/wp\/v2\/media?parent=69836"}],"wp:term":[{"taxonomy":"product_brand","embeddable":true,"href":"https:\/\/watchdeluxe.it\/fr\/wp-json\/wp\/v2\/product_brand?post=69836"},{"taxonomy":"product_cat","embeddable":true,"href":"https:\/\/watchdeluxe.it\/fr\/wp-json\/wp\/v2\/product_cat?post=69836"},{"taxonomy":"product_tag","embeddable":true,"href":"https:\/\/watchdeluxe.it\/fr\/wp-json\/wp\/v2\/product_tag?post=69836"},{"taxonomy":"berocket_brand","embeddable":true,"href":"https:\/\/watchdeluxe.it\/fr\/wp-json\/wp\/v2\/berocket_brand?post=69836"},{"taxonomy":"woo-feed-brand","embeddable":true,"href":"https:\/\/watchdeluxe.it\/fr\/wp-json\/wp\/v2\/woo-feed-brand?post=69836"}],"curies":[{"name":"wp","href":"https:\/\/api.w.org\/{rel}","templated":true}]}}