{"id":69671,"date":"2023-03-17T09:56:33","date_gmt":"2023-03-17T08:56:33","guid":{"rendered":"https:\/\/watchdeluxe.it\/prodotto\/hamilton-jazzmaster-gent-quartz-ref-h32451141\/"},"modified":"2026-04-02T18:34:32","modified_gmt":"2026-04-02T16:34:32","slug":"hamilton-jazzmaster-gent-quartz-ref-h32451141","status":"publish","type":"product","link":"https:\/\/watchdeluxe.it\/fr\/prodotto\/hamilton-jazzmaster-gent-quartz-ref-h32451141\/","title":{"rendered":"Hamilton Jazzmaster Gent Quartz r\u00e9f. H32451141"},"content":{"rendered":"<p>Hamilton Jazzmaster Gent Quartz ref. H32451141<\/p>\n<ul>\n<li class=\"col col-1-2-m watch\">\n<h4 aria-level=\"2\">Horloge<\/h4>\n<p>R\u00e9f\u00e9rence : H32451141<br \/>\nCalibre : F06.111<br \/>\nCollection : Jazzmaster<br \/>\nMouvement : Quartz<br \/>\nDimensions du bo\u00eetier : 40 mm<br \/>\nCouleur du cadran : Bleu<br \/>\nMat\u00e9riau du bo\u00eetier : acier<br \/>\nVerre : Saphir<br \/>\nLargeur de la boucle : 20 mm<br \/>\nBronzage de la doublure : Min\u00e9ral<br \/>\nR\u00e9sistance \u00e0 l&#8217;eau : 5 bars (50m)<\/li>\n<li class=\"col col-1-2-m strap\">\n<h4 aria-level=\"2\">Bracelet\/Strap<\/h4>\n<p>Accessoire REF : H605.324.108<br \/>\nType de bracelet : Acier<br \/>\nType de boucle : Boucle d\u00e9ployante<br \/>\nLargeur de la boucle : 18mm<br \/>\nD\u00e9nomination sup\u00e9rieure : Cuir<br \/>\nEsp\u00e8ces sup\u00e9rieures : Vache<br \/>\nTop Tanning : Min\u00e9ral<br \/>\nImitation sup\u00e9rieure : Imitation crocodile grain\u00e9<br \/>\nEsp\u00e8ce de doublure : vache<\/li>\n<\/ul>\n","protected":false},"excerpt":{"rendered":"<p>Hamilton Jazzmaster Gent Quartz ref. H32451141 Horloge R\u00e9f\u00e9rence : H32451141 Calibre : F06.111 Collection : Jazzmaster Mouvement : Quartz Dimensions du bo\u00eetier : 40 mm Couleur du cadran : Bleu Mat\u00e9riau du bo\u00eetier : acier Verre : Saphir Largeur de la boucle : 20 mm Bronzage de la doublure : Min\u00e9ral R\u00e9sistance \u00e0 l&#8217;eau : [&hellip;]<\/p>\n","protected":false},"featured_media":151895,"template":"","meta":{"_crdt_document":"","advanced_seo_description":"","jetpack_seo_html_title":"","jetpack_seo_noindex":false,"jetpack_post_was_ever_published":false},"product_brand":[],"product_cat":[2292],"product_tag":[2599],"berocket_brand":[],"woo-feed-brand":[],"class_list":{"0":"post-69671","1":"product","2":"type-product","3":"status-publish","4":"has-post-thumbnail","6":"product_cat-hamilton-fr","7":"product_tag-jazzmaster-fr","9":"first","10":"outofstock","11":"taxable","12":"shipping-taxable","13":"product-type-simple"},"bundled_by":[],"bundle_stock_status":"outofstock","bundle_stock_quantity":0,"bundle_virtual":false,"bundle_layout":"","bundle_add_to_cart_form_location":"","bundle_editable_in_cart":false,"bundle_sold_individually_context":"","bundle_item_grouping":"","bundle_min_size":"","bundle_max_size":"","bundle_price":[],"bundled_items":[],"bundle_sell_ids":[],"group_of_quantity":0,"min_quantity":0,"max_quantity":"","exclude_order_quantity_value_rules":"no","exclude_category_quantity_rules":"no","combine_variations":"no","exclude_global_add_ons":[],"addons":[],"jetpack_sharing_enabled":true,"jetpack_likes_enabled":true,"_links":{"self":[{"href":"https:\/\/watchdeluxe.it\/fr\/wp-json\/wp\/v2\/product\/69671","targetHints":{"allow":["GET"]}}],"collection":[{"href":"https:\/\/watchdeluxe.it\/fr\/wp-json\/wp\/v2\/product"}],"about":[{"href":"https:\/\/watchdeluxe.it\/fr\/wp-json\/wp\/v2\/types\/product"}],"wp:featuredmedia":[{"embeddable":true,"href":"https:\/\/watchdeluxe.it\/fr\/wp-json\/wp\/v2\/media\/151895"}],"wp:attachment":[{"href":"https:\/\/watchdeluxe.it\/fr\/wp-json\/wp\/v2\/media?parent=69671"}],"wp:term":[{"taxonomy":"product_brand","embeddable":true,"href":"https:\/\/watchdeluxe.it\/fr\/wp-json\/wp\/v2\/product_brand?post=69671"},{"taxonomy":"product_cat","embeddable":true,"href":"https:\/\/watchdeluxe.it\/fr\/wp-json\/wp\/v2\/product_cat?post=69671"},{"taxonomy":"product_tag","embeddable":true,"href":"https:\/\/watchdeluxe.it\/fr\/wp-json\/wp\/v2\/product_tag?post=69671"},{"taxonomy":"berocket_brand","embeddable":true,"href":"https:\/\/watchdeluxe.it\/fr\/wp-json\/wp\/v2\/berocket_brand?post=69671"},{"taxonomy":"woo-feed-brand","embeddable":true,"href":"https:\/\/watchdeluxe.it\/fr\/wp-json\/wp\/v2\/woo-feed-brand?post=69671"}],"curies":[{"name":"wp","href":"https:\/\/api.w.org\/{rel}","templated":true}]}}