{"id":69416,"date":"2023-03-16T11:37:08","date_gmt":"2023-03-16T10:37:08","guid":{"rendered":"https:\/\/watchdeluxe.it\/prodotto\/montre-hamilton-jazzmaster-automatic-day-date-h32505141\/"},"modified":"2026-04-03T10:06:01","modified_gmt":"2026-04-03T08:06:01","slug":"hamilton-watch-jazzmaster-automatic-day-date-h32505141","status":"publish","type":"product","link":"https:\/\/watchdeluxe.it\/fr\/prodotto\/hamilton-watch-jazzmaster-automatic-day-date-h32505141\/","title":{"rendered":"Montre Hamilton Jazzmaster Automatic Day Date &#8211; H32505141"},"content":{"rendered":"<li class=\"col col-1-2-m watch\">Montre Hamilton Jazzmaster Automatic Day Date &#8211; H32505141<\/li>\n<li class=\"col col-1-2-m watch\">\n<\/li>\n<li class=\"col col-1-2-m watch\">\n<h4 aria-level=\"2\">Horloge<\/h4>\n<p>R\u00e9f\u00e9rence : H32505141<br \/>  Calibre : H-40<br \/>  Collection : Jazzmaster<br \/>  Mouvement : Remontage automatique<br \/>  Dimensions du bo\u00eetier : 40 mm<br \/>  Couleur du cadran : Bleu<br \/>  Mat\u00e9riau du bo\u00eetier : acier<br \/>  Verre : Saphir<br \/>  Largeur de la boucle : 20 mm<br \/>  R\u00e9serve de marche : r\u00e9serve de marche de 80 heures<br \/>  R\u00e9sistance \u00e0 l&#8217;eau : 5 bars (50m)<br \/>  Anti-reflet : Oui<br \/>  Dos visible : Oui\n<\/li>\n<li class=\"col col-1-2-m strap\">\n<h4 aria-level=\"2\">Bracelet\/Strap<\/h4>\n<p>Accessoire REF : H605.326.107<br \/>  Type de bracelet : Acier<br \/>  Type de boucle : Boucle d\u00e9ployante<\/li>\n","protected":false},"excerpt":{"rendered":"<p>Montre Hamilton Jazzmaster Automatic Day Date &#8211; H32505141 Horloge R\u00e9f\u00e9rence : H32505141 Calibre : H-40 Collection : Jazzmaster Mouvement : Remontage automatique Dimensions du bo\u00eetier : 40 mm Couleur du cadran : Bleu Mat\u00e9riau du bo\u00eetier : acier Verre : Saphir Largeur de la boucle : 20 mm R\u00e9serve de marche : r\u00e9serve de marche [&hellip;]<\/p>\n","protected":false},"featured_media":152642,"template":"","meta":{"_crdt_document":"","advanced_seo_description":"","jetpack_seo_html_title":"","jetpack_seo_noindex":false},"product_brand":[],"product_cat":[2292],"product_tag":[2599],"berocket_brand":[],"woo-feed-brand":[],"class_list":{"0":"post-69416","1":"product","2":"type-product","3":"status-publish","4":"has-post-thumbnail","6":"product_cat-hamilton-fr","7":"product_tag-jazzmaster-fr","9":"first","10":"instock","11":"taxable","12":"shipping-taxable","13":"purchasable","14":"product-type-simple"},"bundled_by":[],"bundle_stock_status":"instock","bundle_stock_quantity":1,"bundle_virtual":false,"bundle_layout":"","bundle_add_to_cart_form_location":"","bundle_editable_in_cart":false,"bundle_sold_individually_context":"","bundle_item_grouping":"","bundle_min_size":"","bundle_max_size":"","bundle_price":[],"bundled_items":[],"bundle_sell_ids":[],"group_of_quantity":0,"min_quantity":0,"max_quantity":"","exclude_order_quantity_value_rules":"no","exclude_category_quantity_rules":"no","combine_variations":"no","jetpack_sharing_enabled":true,"jetpack_likes_enabled":true,"_links":{"self":[{"href":"https:\/\/watchdeluxe.it\/fr\/wp-json\/wp\/v2\/product\/69416","targetHints":{"allow":["GET"]}}],"collection":[{"href":"https:\/\/watchdeluxe.it\/fr\/wp-json\/wp\/v2\/product"}],"about":[{"href":"https:\/\/watchdeluxe.it\/fr\/wp-json\/wp\/v2\/types\/product"}],"wp:featuredmedia":[{"embeddable":true,"href":"https:\/\/watchdeluxe.it\/fr\/wp-json\/wp\/v2\/media\/152642"}],"wp:attachment":[{"href":"https:\/\/watchdeluxe.it\/fr\/wp-json\/wp\/v2\/media?parent=69416"}],"wp:term":[{"taxonomy":"product_brand","embeddable":true,"href":"https:\/\/watchdeluxe.it\/fr\/wp-json\/wp\/v2\/product_brand?post=69416"},{"taxonomy":"product_cat","embeddable":true,"href":"https:\/\/watchdeluxe.it\/fr\/wp-json\/wp\/v2\/product_cat?post=69416"},{"taxonomy":"product_tag","embeddable":true,"href":"https:\/\/watchdeluxe.it\/fr\/wp-json\/wp\/v2\/product_tag?post=69416"},{"taxonomy":"berocket_brand","embeddable":true,"href":"https:\/\/watchdeluxe.it\/fr\/wp-json\/wp\/v2\/berocket_brand?post=69416"},{"taxonomy":"woo-feed-brand","embeddable":true,"href":"https:\/\/watchdeluxe.it\/fr\/wp-json\/wp\/v2\/woo-feed-brand?post=69416"}],"curies":[{"name":"wp","href":"https:\/\/api.w.org\/{rel}","templated":true}]}}