{"id":69371,"date":"2023-03-16T11:37:00","date_gmt":"2023-03-16T10:37:00","guid":{"rendered":"https:\/\/watchdeluxe.it\/prodotto\/hamilton-jazzmaster-chronographe-automatique-h32616133\/"},"modified":"2026-04-03T10:02:28","modified_gmt":"2026-04-03T08:02:28","slug":"hamilton-jazzmaster-automatic-chronograph-h32616133","status":"publish","type":"product","link":"https:\/\/watchdeluxe.it\/fr\/prodotto\/hamilton-jazzmaster-automatic-chronograph-h32616133\/","title":{"rendered":"Hamilton Jazzmaster chronographe automatique H32616133"},"content":{"rendered":"<table width=\"117\">\n<tbody>\n<tr>\n<td width=\"117\">\n<div class=\"col-md-12\">\n<div class=\"m-b-0\">\n<table>\n<tbody>\n<tr>\n<td>\n<li class=\"col col-1-2-m watch\">R\u00e9f\u00e9rence : H32616133<br \/>  Calibre : H-21<br \/>  Collection : Jazzmaster<br \/>  Mouvement : Remontage automatique<br \/>  Dimensions du bo\u00eetier : 42 mm<br \/>  Couleur du cadran : Noir<br \/>  Mat\u00e9riau du bo\u00eetier : acier<br \/>  Verre : Saphir<br \/>  Largeur de la boucle : 22 mm<br \/>  R\u00e9serve de marche : r\u00e9serve de marche de 60 heures<br \/>  R\u00e9sistance \u00e0 l&#8217;eau : 10 bars (100m)<br \/>  Dos visible : Oui\n<\/li>\n<li class=\"col col-1-2-m strap\">\n<h4 aria-level=\"2\">Bracelet\/Strap<\/h4>\n<p>Accessoire REF : H605.326.110<br \/>  Type de bracelet : Acier<br \/>  Type de boucle : Boucle d\u00e9ployante<\/li>\n<div><span id=\"watchNotes\"><br \/><\/span><\/div>\n<\/td>\n<\/tr>\n<\/tbody>\n<\/table>\n<\/div>\n<div class=\"full-xs m-t-3\"><\/div>\n<\/div>\n<\/td>\n<\/tr>\n<\/tbody>\n<\/table>\n<table data-mce-fragment=\"1\" width=\"117\">\n<tbody data-mce-fragment=\"1\">\n<tr data-mce-fragment=\"1\">\n<td data-mce-fragment=\"1\" width=\"117\"><\/td>\n<\/tr>\n<\/tbody>\n<\/table>\n","protected":false},"excerpt":{"rendered":"<p>R\u00e9f\u00e9rence : H32616133 Calibre : H-21 Collection : Jazzmaster Mouvement : Remontage automatique Dimensions du bo\u00eetier : 42 mm Couleur du cadran : Noir Mat\u00e9riau du bo\u00eetier : acier Verre : Saphir Largeur de la boucle : 22 mm R\u00e9serve de marche : r\u00e9serve de marche de 60 heures R\u00e9sistance \u00e0 l&#8217;eau : 10 bars [&hellip;]<\/p>\n","protected":false},"featured_media":4996,"template":"","meta":{"_crdt_document":"","advanced_seo_description":"","jetpack_seo_html_title":"","jetpack_seo_noindex":false,"jetpack_post_was_ever_published":false},"product_brand":[],"product_cat":[2292],"product_tag":[2599],"berocket_brand":[],"woo-feed-brand":[],"class_list":{"0":"post-69371","1":"product","2":"type-product","3":"status-publish","4":"has-post-thumbnail","6":"product_cat-hamilton-fr","7":"product_tag-jazzmaster-fr","9":"first","10":"instock","11":"taxable","12":"shipping-taxable","13":"product-type-simple"},"bundled_by":[],"bundle_stock_status":"instock","bundle_stock_quantity":1,"bundle_virtual":false,"bundle_layout":"","bundle_add_to_cart_form_location":"","bundle_editable_in_cart":false,"bundle_sold_individually_context":"","bundle_item_grouping":"","bundle_min_size":"","bundle_max_size":"","bundle_price":[],"bundled_items":[],"bundle_sell_ids":[],"group_of_quantity":0,"min_quantity":0,"max_quantity":"","exclude_order_quantity_value_rules":"no","exclude_category_quantity_rules":"no","combine_variations":"no","exclude_global_add_ons":[],"addons":[],"jetpack_sharing_enabled":true,"jetpack_likes_enabled":true,"_links":{"self":[{"href":"https:\/\/watchdeluxe.it\/fr\/wp-json\/wp\/v2\/product\/69371","targetHints":{"allow":["GET"]}}],"collection":[{"href":"https:\/\/watchdeluxe.it\/fr\/wp-json\/wp\/v2\/product"}],"about":[{"href":"https:\/\/watchdeluxe.it\/fr\/wp-json\/wp\/v2\/types\/product"}],"wp:featuredmedia":[{"embeddable":true,"href":"https:\/\/watchdeluxe.it\/fr\/wp-json\/wp\/v2\/media\/4996"}],"wp:attachment":[{"href":"https:\/\/watchdeluxe.it\/fr\/wp-json\/wp\/v2\/media?parent=69371"}],"wp:term":[{"taxonomy":"product_brand","embeddable":true,"href":"https:\/\/watchdeluxe.it\/fr\/wp-json\/wp\/v2\/product_brand?post=69371"},{"taxonomy":"product_cat","embeddable":true,"href":"https:\/\/watchdeluxe.it\/fr\/wp-json\/wp\/v2\/product_cat?post=69371"},{"taxonomy":"product_tag","embeddable":true,"href":"https:\/\/watchdeluxe.it\/fr\/wp-json\/wp\/v2\/product_tag?post=69371"},{"taxonomy":"berocket_brand","embeddable":true,"href":"https:\/\/watchdeluxe.it\/fr\/wp-json\/wp\/v2\/berocket_brand?post=69371"},{"taxonomy":"woo-feed-brand","embeddable":true,"href":"https:\/\/watchdeluxe.it\/fr\/wp-json\/wp\/v2\/woo-feed-brand?post=69371"}],"curies":[{"name":"wp","href":"https:\/\/api.w.org\/{rel}","templated":true}]}}