{"id":68763,"date":"2023-03-22T10:36:36","date_gmt":"2023-03-22T09:36:36","guid":{"rendered":"https:\/\/watchdeluxe.it\/prodotto\/baume-mercier-clifton-lady-quartz-30-mm-m0a10175\/"},"modified":"2026-03-27T13:53:05","modified_gmt":"2026-03-27T12:53:05","slug":"baume-mercier-clifton-lady-quarzo-30-mm-m0a10175","status":"publish","type":"product","link":"https:\/\/watchdeluxe.it\/fr\/prodotto\/baume-mercier-clifton-lady-quarzo-30-mm-m0a10175\/","title":{"rendered":"Baume &amp; Mercier Clifton Lady Quartz 30 mm &#8211; M0A10175"},"content":{"rendered":"<p>Baume &amp; Mercier Clifton Lady Quartz 30 mm &#8211; M0A10175<\/p>\n<p><strong>D\u00c9TAILS :<\/strong><\/p>\n<p>MOUVEMENT : Fabriqu\u00e9 en Suisse. Ronda 784. Quartz.<\/p>\n<p>Caract\u00e9ristiques : \u00c9tanch\u00e9it\u00e9 : 5 ATM (environ 50 m\u00e8tres). Date. Verre sup\u00e9rieur : saphir, bomb\u00e9, antireflet sur une face. Dos : ferm\u00e9, avec vis.<\/p>\n<p>CASE : Forme : ronde. Diam\u00e8tre : 30,0 mm. \u00c9paisseur : 7,65 mm. Mat\u00e9riau : Acier poli et satin\u00e9.<\/p>\n<p>QUADRANT : Plaqu\u00e9 argent avec finition satin\u00e9e &#8220;soleil&#8221;. Chiffres arabes dor\u00e9s, appliqu\u00e9s. Index plaqu\u00e9s or. Mains : or, Dauphine.<\/p>\n<p>BRACELET : Acier satin\u00e9\/poli. Triple boucle d\u00e9ployante avec fermoir de s\u00e9curit\u00e9 en acier poli.<\/p>\n","protected":false},"excerpt":{"rendered":"<p>Baume &amp; Mercier Clifton Lady Quartz 30 mm &#8211; M0A10175 D\u00c9TAILS : MOUVEMENT : Fabriqu\u00e9 en Suisse. Ronda 784. Quartz. Caract\u00e9ristiques : \u00c9tanch\u00e9it\u00e9 : 5 ATM (environ 50 m\u00e8tres). Date. Verre sup\u00e9rieur : saphir, bomb\u00e9, antireflet sur une face. Dos : ferm\u00e9, avec vis. CASE : Forme : ronde. Diam\u00e8tre : 30,0 mm. \u00c9paisseur : [&hellip;]<\/p>\n","protected":false},"featured_media":63264,"template":"","meta":{"_crdt_document":"","advanced_seo_description":"","jetpack_seo_html_title":"","jetpack_seo_noindex":false},"product_brand":[],"product_cat":[5515],"product_tag":[2621],"berocket_brand":[],"woo-feed-brand":[],"class_list":{"0":"post-68763","1":"product","2":"type-product","3":"status-publish","4":"has-post-thumbnail","6":"product_cat-baume-mercier-fr2","7":"product_tag-clifton-fr","9":"first","10":"instock","11":"sale","12":"taxable","13":"shipping-taxable","14":"purchasable","15":"product-type-simple"},"bundled_by":[],"bundle_stock_status":"instock","bundle_stock_quantity":1,"bundle_virtual":false,"bundle_layout":"","bundle_add_to_cart_form_location":"","bundle_editable_in_cart":false,"bundle_sold_individually_context":"","bundle_item_grouping":"","bundle_min_size":"","bundle_max_size":"","bundle_price":[],"bundled_items":[],"bundle_sell_ids":[],"group_of_quantity":0,"min_quantity":0,"max_quantity":"","exclude_order_quantity_value_rules":"no","exclude_category_quantity_rules":"no","combine_variations":"no","jetpack_sharing_enabled":true,"jetpack_likes_enabled":true,"_links":{"self":[{"href":"https:\/\/watchdeluxe.it\/fr\/wp-json\/wp\/v2\/product\/68763","targetHints":{"allow":["GET"]}}],"collection":[{"href":"https:\/\/watchdeluxe.it\/fr\/wp-json\/wp\/v2\/product"}],"about":[{"href":"https:\/\/watchdeluxe.it\/fr\/wp-json\/wp\/v2\/types\/product"}],"wp:featuredmedia":[{"embeddable":true,"href":"https:\/\/watchdeluxe.it\/fr\/wp-json\/wp\/v2\/media\/63264"}],"wp:attachment":[{"href":"https:\/\/watchdeluxe.it\/fr\/wp-json\/wp\/v2\/media?parent=68763"}],"wp:term":[{"taxonomy":"product_brand","embeddable":true,"href":"https:\/\/watchdeluxe.it\/fr\/wp-json\/wp\/v2\/product_brand?post=68763"},{"taxonomy":"product_cat","embeddable":true,"href":"https:\/\/watchdeluxe.it\/fr\/wp-json\/wp\/v2\/product_cat?post=68763"},{"taxonomy":"product_tag","embeddable":true,"href":"https:\/\/watchdeluxe.it\/fr\/wp-json\/wp\/v2\/product_tag?post=68763"},{"taxonomy":"berocket_brand","embeddable":true,"href":"https:\/\/watchdeluxe.it\/fr\/wp-json\/wp\/v2\/berocket_brand?post=68763"},{"taxonomy":"woo-feed-brand","embeddable":true,"href":"https:\/\/watchdeluxe.it\/fr\/wp-json\/wp\/v2\/woo-feed-brand?post=68763"}],"curies":[{"name":"wp","href":"https:\/\/api.w.org\/{rel}","templated":true}]}}