{"id":68702,"date":"2023-03-22T10:36:38","date_gmt":"2023-03-22T09:36:38","guid":{"rendered":"https:\/\/watchdeluxe.it\/prodotto\/baume-mercier-classima-ref-m0a10492\/"},"modified":"2026-03-27T13:47:00","modified_gmt":"2026-03-27T12:47:00","slug":"baume-mercier-classima-ref-m0a10492","status":"publish","type":"product","link":"https:\/\/watchdeluxe.it\/fr\/prodotto\/baume-mercier-classima-ref-m0a10492\/","title":{"rendered":"BAUME &amp; MERCIER CLASSIMA REF. M0A10492"},"content":{"rendered":"<p>BAUME &amp; MERCIER CLASSIMA REF. M0A10492<\/p>\n<h1 class=\"h1-title\">Classima 10492<\/h1>\n<h2>Montre automatique avec affichage de la date &#8211; 27 mm<\/h2>\n<p>Mod\u00e8le automatique raffin\u00e9 pour femmes, la Classima Lady 10492 se caract\u00e9rise par une esth\u00e9tique sobre et \u00e9pur\u00e9e : chiffres romains, cadran argent\u00e9 et bracelet en acier inoxydable avec finition polie. Fond en verre saphir.<\/p>\n<div class=\"product-specifications__list\">\n<h4 id=\"technicalitem0\" class=\"open\">Caract\u00e9ristiques<\/h4>\n<ul>\n<li>Montre Automatique, \u00e0 remontage automatique<\/li>\n<li>R\u00e9serve de marche : 38 heure(s)<\/li>\n<li>R\u00e9sistance \u00e0 l&#8217;eau : 5 ATM (environ 50 m\u00e8tres)<\/li>\n<li>Date<\/li>\n<li>Fond en verre saphir<\/li>\n<li>\n<div class=\"product-specifications__list\">\n<h4 id=\"technicalitem1\" class=\"open\">Mouvement<\/h4>\n<ul>\n<li>Fabriqu\u00e9 en Suisse<\/li>\n<li>\n    <\/li>\n<li> <label> Energy <\/label> Automatic, remontage automatique<\/li>\n<li> <label> Fr\u00e9quence <\/label> 28800.0vph\/4.0hz<\/li>\n<li>\n<div class=\"product-specifications__list\">\n<h4 id=\"technicalitem2\" class=\"open\">Cas<\/h4>\n<ul>\n<li> <label> Forme <\/label> ronde<\/li>\n<li>  Diam\u00e8tre <label>: <\/label> 27 mm<\/li>\n<li> <label> \u00c9paisseur <\/label> 9,0 mm<\/li>\n<li> <label> Mat\u00e9riau et finition <\/label> Acier, poli<\/li>\n<li>  Fond de <label> bo\u00eetier <\/label> Fond de bo\u00eetier en verre saphir<\/li>\n<li>\n<div class=\"product-specifications__list\">\n<h4 id=\"technicalitem3\" class=\"open\">Cadran<\/h4>\n<ul>\n<li> <label> Couleurs et finitions <\/label> argent\u00e9es<\/li>\n<li> <label> Figures <\/label> romaines<\/li>\n<li> <label> Aiguilles <\/label> rhodi\u00e9es, Feuille<\/li>\n<li>\n<div class=\"product-specifications__list\">\n<h4 id=\"technicalitem4\" class=\"open\">Courroie<\/h4>\n<ul>\n<li> <label> Mat\u00e9riau <\/label> Acier, poli<\/li>\n<li> <label> Fermeture <\/label> en acier poli<\/li>\n<\/ul>\n<\/div>\n<\/li>\n<\/ul>\n<\/div>\n<\/li>\n<\/ul>\n<\/div>\n<\/li>\n<\/ul>\n<\/div>\n<\/li>\n<\/ul>\n<\/div>\n","protected":false},"excerpt":{"rendered":"<p>BAUME &amp; MERCIER CLASSIMA REF. M0A10492 Classima 10492 Montre automatique avec affichage de la date &#8211; 27 mm Mod\u00e8le automatique raffin\u00e9 pour femmes, la Classima Lady 10492 se caract\u00e9rise par une esth\u00e9tique sobre et \u00e9pur\u00e9e : chiffres romains, cadran argent\u00e9 et bracelet en acier inoxydable avec finition polie. Fond en verre saphir. Caract\u00e9ristiques Montre Automatique, [&hellip;]<\/p>\n","protected":false},"featured_media":63204,"template":"","meta":{"_crdt_document":"","advanced_seo_description":"","jetpack_seo_html_title":"","jetpack_seo_noindex":false},"product_brand":[],"product_cat":[5515],"product_tag":[2623],"berocket_brand":[],"woo-feed-brand":[],"class_list":{"0":"post-68702","1":"product","2":"type-product","3":"status-publish","4":"has-post-thumbnail","6":"product_cat-baume-mercier-fr2","7":"product_tag-classima-fr","9":"first","10":"instock","11":"sale","12":"taxable","13":"shipping-taxable","14":"purchasable","15":"product-type-simple"},"bundled_by":[],"bundle_stock_status":"instock","bundle_stock_quantity":1,"bundle_virtual":false,"bundle_layout":"","bundle_add_to_cart_form_location":"","bundle_editable_in_cart":false,"bundle_sold_individually_context":"","bundle_item_grouping":"","bundle_min_size":"","bundle_max_size":"","bundle_price":[],"bundled_items":[],"bundle_sell_ids":[],"group_of_quantity":0,"min_quantity":0,"max_quantity":"","exclude_order_quantity_value_rules":"no","exclude_category_quantity_rules":"no","combine_variations":"no","jetpack_sharing_enabled":true,"jetpack_likes_enabled":true,"_links":{"self":[{"href":"https:\/\/watchdeluxe.it\/fr\/wp-json\/wp\/v2\/product\/68702","targetHints":{"allow":["GET"]}}],"collection":[{"href":"https:\/\/watchdeluxe.it\/fr\/wp-json\/wp\/v2\/product"}],"about":[{"href":"https:\/\/watchdeluxe.it\/fr\/wp-json\/wp\/v2\/types\/product"}],"wp:featuredmedia":[{"embeddable":true,"href":"https:\/\/watchdeluxe.it\/fr\/wp-json\/wp\/v2\/media\/63204"}],"wp:attachment":[{"href":"https:\/\/watchdeluxe.it\/fr\/wp-json\/wp\/v2\/media?parent=68702"}],"wp:term":[{"taxonomy":"product_brand","embeddable":true,"href":"https:\/\/watchdeluxe.it\/fr\/wp-json\/wp\/v2\/product_brand?post=68702"},{"taxonomy":"product_cat","embeddable":true,"href":"https:\/\/watchdeluxe.it\/fr\/wp-json\/wp\/v2\/product_cat?post=68702"},{"taxonomy":"product_tag","embeddable":true,"href":"https:\/\/watchdeluxe.it\/fr\/wp-json\/wp\/v2\/product_tag?post=68702"},{"taxonomy":"berocket_brand","embeddable":true,"href":"https:\/\/watchdeluxe.it\/fr\/wp-json\/wp\/v2\/berocket_brand?post=68702"},{"taxonomy":"woo-feed-brand","embeddable":true,"href":"https:\/\/watchdeluxe.it\/fr\/wp-json\/wp\/v2\/woo-feed-brand?post=68702"}],"curies":[{"name":"wp","href":"https:\/\/api.w.org\/{rel}","templated":true}]}}