{"id":68593,"date":"2023-03-22T10:36:46","date_gmt":"2023-03-22T09:36:46","guid":{"rendered":"https:\/\/watchdeluxe.it\/prodotto\/baume-mercier-classima-ref-m0a10607\/"},"modified":"2026-04-06T02:11:39","modified_gmt":"2026-04-06T00:11:39","slug":"baume-mercier-classima-ref-10607","status":"publish","type":"product","link":"https:\/\/watchdeluxe.it\/fr\/prodotto\/baume-mercier-classima-ref-10607\/","title":{"rendered":"BAUME &amp; MERCIER CLASSIMA REF. M0A10607"},"content":{"rendered":"<p>BAUME &amp; MERCIER CLASSIMA REF. 10607<\/p>\n<h3 class=\"h1-title\">Description<\/h3>\n<p class=\"product-detail__description--desktop\">Classima est un garde-temps classique, rond, aux proportions parfaitement \u00e9quilibr\u00e9es et agr\u00e9able \u00e0 porter. Baume &amp; Mercier apporte une touche de modernit\u00e9 \u00e0 cette collection tr\u00e8s appr\u00e9ci\u00e9e en proposant une large gamme de mat\u00e9riaux, des plus traditionnels aux plus innovants. Une palette de couleurs in\u00e9dite pour un \u00e9lan de cr\u00e9ativit\u00e9 inattendu.<\/p>\n<div class=\"product-specifications__list\">\n<h4 id=\"technicalitem0\" class=\"open\">Caract\u00e9ristiques<\/h4>\n<ul>\n<li>Horloge \u00e0 quartz<\/li>\n<li>R\u00e9sistance \u00e0 l&#8217;eau : 5 ATM (environ 50 m\u00e8tres)<\/li>\n<li>Date<\/li>\n<li>\n<h4 id=\"technicalitem1\" class=\"open\">Mouvement<\/h4>\n<ul>\n<li>Fabriqu\u00e9 en Suisse<\/li>\n<li><label>  L&#8217;\u00e9nergie  <\/label><\/li>\n<li>\n<div class=\"product-specifications__list\">\n<h4 id=\"technicalitem2\" class=\"open\">Cas<\/h4>\n<ul>\n<li> <label> Forme <\/label> ronde<\/li>\n<li>  Diam\u00e8tre <label>: <\/label> 42 mm<\/li>\n<li> <label> \u00c9paisseur <\/label> 6,1 mm<\/li>\n<li> <label> Mat\u00e9riau et finition <\/label> Acier<\/li>\n<li>\n<div class=\"product-specifications__list\">\n<h4 id=\"technicalitem3\" class=\"open\">Cadran<\/h4>\n<ul>\n<li> <label> Couleurs et <\/label> finitions Vert, finition &#8220;soleil&#8221; satin\u00e9<\/li>\n<li> <label> Figures <\/label> romaines<\/li>\n<li> <label> Aiguilles <\/label> rhodi\u00e9es, Feuille<\/li>\n<li>\n<div class=\"product-specifications__list\">\n<h4 id=\"technicalitem4\" class=\"open\">Courroie<\/h4>\n<ul>\n<li> <label> Mati\u00e8re <\/label> Veau, Gris Marron<\/li>\n<li> <label> Boucle <\/label> Boucle \u00e0 ardillon, finition polie<\/li>\n<\/ul>\n<\/div>\n<\/li>\n<\/ul>\n<\/div>\n<\/li>\n<\/ul>\n<\/div>\n<\/li>\n<\/ul>\n<\/li>\n<\/ul>\n<\/div>\n<p class=\"product-detail__description--desktop\">\n","protected":false},"excerpt":{"rendered":"<p>BAUME &amp; MERCIER CLASSIMA REF. 10607 Description Classima est un garde-temps classique, rond, aux proportions parfaitement \u00e9quilibr\u00e9es et agr\u00e9able \u00e0 porter. Baume &amp; Mercier apporte une touche de modernit\u00e9 \u00e0 cette collection tr\u00e8s appr\u00e9ci\u00e9e en proposant une large gamme de mat\u00e9riaux, des plus traditionnels aux plus innovants. Une palette de couleurs in\u00e9dite pour un \u00e9lan [&hellip;]<\/p>\n","protected":false},"featured_media":169004,"template":"","meta":{"_crdt_document":"","advanced_seo_description":"","jetpack_seo_html_title":"","jetpack_seo_noindex":false},"product_brand":[],"product_cat":[5515],"product_tag":[2623],"berocket_brand":[],"woo-feed-brand":[],"class_list":{"0":"post-68593","1":"product","2":"type-product","3":"status-publish","4":"has-post-thumbnail","6":"product_cat-baume-mercier-fr2","7":"product_tag-classima-fr","9":"first","10":"instock","11":"sale","12":"taxable","13":"shipping-taxable","14":"purchasable","15":"product-type-simple"},"bundled_by":[],"bundle_stock_status":"instock","bundle_stock_quantity":1,"bundle_virtual":false,"bundle_layout":"","bundle_add_to_cart_form_location":"","bundle_editable_in_cart":false,"bundle_sold_individually_context":"","bundle_item_grouping":"","bundle_min_size":"","bundle_max_size":"","bundle_price":[],"bundled_items":[],"bundle_sell_ids":[],"group_of_quantity":0,"min_quantity":0,"max_quantity":"","exclude_order_quantity_value_rules":"no","exclude_category_quantity_rules":"no","combine_variations":"no","jetpack_sharing_enabled":true,"jetpack_likes_enabled":true,"_links":{"self":[{"href":"https:\/\/watchdeluxe.it\/fr\/wp-json\/wp\/v2\/product\/68593","targetHints":{"allow":["GET"]}}],"collection":[{"href":"https:\/\/watchdeluxe.it\/fr\/wp-json\/wp\/v2\/product"}],"about":[{"href":"https:\/\/watchdeluxe.it\/fr\/wp-json\/wp\/v2\/types\/product"}],"wp:featuredmedia":[{"embeddable":true,"href":"https:\/\/watchdeluxe.it\/fr\/wp-json\/wp\/v2\/media\/169004"}],"wp:attachment":[{"href":"https:\/\/watchdeluxe.it\/fr\/wp-json\/wp\/v2\/media?parent=68593"}],"wp:term":[{"taxonomy":"product_brand","embeddable":true,"href":"https:\/\/watchdeluxe.it\/fr\/wp-json\/wp\/v2\/product_brand?post=68593"},{"taxonomy":"product_cat","embeddable":true,"href":"https:\/\/watchdeluxe.it\/fr\/wp-json\/wp\/v2\/product_cat?post=68593"},{"taxonomy":"product_tag","embeddable":true,"href":"https:\/\/watchdeluxe.it\/fr\/wp-json\/wp\/v2\/product_tag?post=68593"},{"taxonomy":"berocket_brand","embeddable":true,"href":"https:\/\/watchdeluxe.it\/fr\/wp-json\/wp\/v2\/berocket_brand?post=68593"},{"taxonomy":"woo-feed-brand","embeddable":true,"href":"https:\/\/watchdeluxe.it\/fr\/wp-json\/wp\/v2\/woo-feed-brand?post=68593"}],"curies":[{"name":"wp","href":"https:\/\/api.w.org\/{rel}","templated":true}]}}