{"id":68589,"date":"2023-03-22T10:36:49","date_gmt":"2023-03-22T09:36:49","guid":{"rendered":"https:\/\/watchdeluxe.it\/prodotto\/baume-mercier-classima-ref-m0a10489\/"},"modified":"2026-03-27T13:47:00","modified_gmt":"2026-03-27T12:47:00","slug":"baume-mercier-classima-ref-10489","status":"publish","type":"product","link":"https:\/\/watchdeluxe.it\/fr\/prodotto\/baume-mercier-classima-ref-10489\/","title":{"rendered":"BAUME &amp; MERCIER CLASSIMA REF. M0A10489"},"content":{"rendered":"<p>BAUME &amp; MERCIER CLASSIMA REF. 10489<\/p>\n<h3 class=\"h1-title\">Description<\/h3>\n<p class=\"product-detail__description--desktop\">Cadran blanc aux lignes \u00e9pur\u00e9es, chiffres romains \u00e0 6 et 12 heures, guichet de date embl\u00e9matique \u00e0 3 heures : cette montre \u00e0 quartz est une d\u00e9claration d&#8217;\u00e9l\u00e9gance discr\u00e8te. Un bracelet en acier inoxydable compl\u00e8te l&#8217;esth\u00e9tique \u00e9quilibr\u00e9e de ce luxueux garde-temps.<\/p>\n<div class=\"product-specifications__list\">\n<h4 id=\"technicalitem0\" class=\"open\">Caract\u00e9ristiques<\/h4>\n<ul>\n<li>Horloge \u00e0 quartz<\/li>\n<li>R\u00e9sistance \u00e0 l&#8217;eau : 5 ATM (environ 50 m\u00e8tres)<\/li>\n<li>Date<\/li>\n<li>\n<div class=\"product-specifications__list\">\n<h4 id=\"technicalitem1\" class=\"open\">Mouvement<\/h4>\n<ul>\n<li>Fabriqu\u00e9 en Suisse<\/li>\n<li>\n    <\/li>\n<li>  Quartz <label> Energy <\/label> <\/li>\n<li>\n<div class=\"product-specifications__list\">\n<h4 id=\"technicalitem2\" class=\"open\">Cas<\/h4>\n<ul>\n<li> <label> Forme <\/label> ronde<\/li>\n<li>  Diam\u00e8tre <label>: <\/label> 27 mm<\/li>\n<li> <label> \u00c9paisseur <\/label> 7,05 mm<\/li>\n<li> <label> Mat\u00e9riau et finition <\/label> Acier, poli<\/li>\n<li> <label> Fond du <\/label> bo\u00eetier Fond ferm\u00e9 du bo\u00eetier<\/li>\n<\/ul>\n<\/div>\n<\/li>\n<li>\n<div class=\"product-specifications__list\" data-mce-fragment=\"1\">\n<h4 id=\"technicalitem3\" class=\"open\" data-mce-fragment=\"1\">Cadran<\/h4>\n<ul data-mce-fragment=\"1\">\n<li data-mce-fragment=\"1\"> <label data-mce-fragment=\"1\"> Couleurs et finitions <\/label> <span data-mce-fragment=\"1\"> Blanc, Non <\/span> <\/li>\n<li data-mce-fragment=\"1\"> <label data-mce-fragment=\"1\"> Chiffres <\/label> <span data-mce-fragment=\"1\"> Chiffres romains <\/span> <\/li>\n<li data-mce-fragment=\"1\"> <label data-mce-fragment=\"1\"> Mains <\/label> <span data-mce-fragment=\"1\"> Rhodi\u00e9es, Feuille <\/span> <\/li>\n<li data-mce-fragment=\"1\">\n<div class=\"product-specifications__list\">\n<h4 id=\"technicalitem4\" class=\"open\">Courroie<\/h4>\n<ul>\n<li> <label> Mat\u00e9riau <\/label> Acier, poli<\/li>\n<li> <label> Fermeture <\/label> en acier poli<\/li>\n<\/ul>\n<\/div>\n<\/li>\n<\/ul>\n<\/div>\n<\/li>\n<\/ul>\n<\/div>\n<\/li>\n<\/ul>\n<\/div>\n","protected":false},"excerpt":{"rendered":"<p>BAUME &amp; MERCIER CLASSIMA REF. 10489 Description Cadran blanc aux lignes \u00e9pur\u00e9es, chiffres romains \u00e0 6 et 12 heures, guichet de date embl\u00e9matique \u00e0 3 heures : cette montre \u00e0 quartz est une d\u00e9claration d&#8217;\u00e9l\u00e9gance discr\u00e8te. Un bracelet en acier inoxydable compl\u00e8te l&#8217;esth\u00e9tique \u00e9quilibr\u00e9e de ce luxueux garde-temps. Caract\u00e9ristiques Horloge \u00e0 quartz R\u00e9sistance \u00e0 l&#8217;eau [&hellip;]<\/p>\n","protected":false},"featured_media":63980,"template":"","meta":{"_crdt_document":"","advanced_seo_description":"","jetpack_seo_html_title":"","jetpack_seo_noindex":false},"product_brand":[],"product_cat":[5515],"product_tag":[2623],"berocket_brand":[],"woo-feed-brand":[],"class_list":{"0":"post-68589","1":"product","2":"type-product","3":"status-publish","4":"has-post-thumbnail","6":"product_cat-baume-mercier-fr2","7":"product_tag-classima-fr","9":"first","10":"instock","11":"sale","12":"taxable","13":"shipping-taxable","14":"purchasable","15":"product-type-simple"},"bundled_by":[],"bundle_stock_status":"instock","bundle_stock_quantity":2,"bundle_virtual":false,"bundle_layout":"","bundle_add_to_cart_form_location":"","bundle_editable_in_cart":false,"bundle_sold_individually_context":"","bundle_item_grouping":"","bundle_min_size":"","bundle_max_size":"","bundle_price":[],"bundled_items":[],"bundle_sell_ids":[],"group_of_quantity":0,"min_quantity":0,"max_quantity":"","exclude_order_quantity_value_rules":"no","exclude_category_quantity_rules":"no","combine_variations":"no","jetpack_sharing_enabled":true,"jetpack_likes_enabled":true,"_links":{"self":[{"href":"https:\/\/watchdeluxe.it\/fr\/wp-json\/wp\/v2\/product\/68589","targetHints":{"allow":["GET"]}}],"collection":[{"href":"https:\/\/watchdeluxe.it\/fr\/wp-json\/wp\/v2\/product"}],"about":[{"href":"https:\/\/watchdeluxe.it\/fr\/wp-json\/wp\/v2\/types\/product"}],"wp:featuredmedia":[{"embeddable":true,"href":"https:\/\/watchdeluxe.it\/fr\/wp-json\/wp\/v2\/media\/63980"}],"wp:attachment":[{"href":"https:\/\/watchdeluxe.it\/fr\/wp-json\/wp\/v2\/media?parent=68589"}],"wp:term":[{"taxonomy":"product_brand","embeddable":true,"href":"https:\/\/watchdeluxe.it\/fr\/wp-json\/wp\/v2\/product_brand?post=68589"},{"taxonomy":"product_cat","embeddable":true,"href":"https:\/\/watchdeluxe.it\/fr\/wp-json\/wp\/v2\/product_cat?post=68589"},{"taxonomy":"product_tag","embeddable":true,"href":"https:\/\/watchdeluxe.it\/fr\/wp-json\/wp\/v2\/product_tag?post=68589"},{"taxonomy":"berocket_brand","embeddable":true,"href":"https:\/\/watchdeluxe.it\/fr\/wp-json\/wp\/v2\/berocket_brand?post=68589"},{"taxonomy":"woo-feed-brand","embeddable":true,"href":"https:\/\/watchdeluxe.it\/fr\/wp-json\/wp\/v2\/woo-feed-brand?post=68589"}],"curies":[{"name":"wp","href":"https:\/\/api.w.org\/{rel}","templated":true}]}}