{"id":68541,"date":"2023-03-22T10:36:49","date_gmt":"2023-03-22T09:36:49","guid":{"rendered":"https:\/\/watchdeluxe.it\/prodotto\/baume-mercier-hampton-ref-m0a10522\/"},"modified":"2026-04-06T02:13:24","modified_gmt":"2026-04-06T00:13:24","slug":"baume-mercier-hampton-ref-m0a10522","status":"publish","type":"product","link":"https:\/\/watchdeluxe.it\/fr\/prodotto\/baume-mercier-hampton-ref-m0a10522\/","title":{"rendered":"BAUME &amp; MERCIER HAMPTON REF. M0A10522"},"content":{"rendered":"<p>BAUME &amp; MERCIER HAMPTON REF. 10522<\/p>\n<h3 class=\"h1-title\">Description<\/h3>\n<p class=\"product-detail__description--desktop\">Moderne et raffin\u00e9e, la montre Hampton est dot\u00e9e d&#8217;un bracelet en alligator noir \u00e0 \u00e9cailles carr\u00e9es et surpiq\u00fbres grises et d&#8217;un bo\u00eetier en acier aux finitions polies. Le cadran opalin avec finition perl\u00e9e, visible \u00e0 travers le verre saphir bomb\u00e9, arbore des index et des chiffres arabes en ruth\u00e9nium noir.<\/p>\n<h4 id=\"technicalitem0\" class=\"open\">Caract\u00e9ristiques<\/h4>\n<ul>\n<li>Montre Automatique, \u00e0 remontage automatique<\/li>\n<li>R\u00e9serve de marche : 38 heure(s)<\/li>\n<li>R\u00e9sistance \u00e0 l&#8217;eau : 5 ATM (environ 50 m\u00e8tres)<\/li>\n<li>\n<div class=\"product-specifications__list\">\n<h4 id=\"technicalitem1\" class=\"open\">Mouvement<\/h4>\n<ul>\n<li>Fabriqu\u00e9 en Suisse<\/li>\n<li>\n<\/li>\n<li> <label> Energy <\/label> Automatic, remontage automatique<\/li>\n<li> <label> Fr\u00e9quence <\/label> 28800.0vph\/4.0hz<\/li>\n<li> <label> Rubis <\/label> 21<\/li>\n<li>\n<div class=\"product-specifications__list\">\n<h4 id=\"technicalitem2\" class=\"open\">Cas<\/h4>\n<ul>\n<li> <label> Forme <\/label> rectangulaire<\/li>\n<li> <label> Mesure <\/label> Largeur : 27,5 mm x Longueur : 43,0 mm<\/li>\n<li> <label> \u00c9paisseur <\/label> 9,95 mm<\/li>\n<li> <label> Mat\u00e9riau et finition <\/label> Acier, poli<\/li>\n<li> <label> Fond <\/label> Fond en verre saphir, avec vis<\/li>\n<li>\n<div class=\"product-specifications__list\">\n<h4 id=\"technicalitem3\" class=\"open\">Cadran<\/h4>\n<ul>\n<li> <label> Couleurs et finitions <\/label> argent\u00e9, opalin<\/li>\n<li> <label> Chiffres <\/label> arabes, rivet\u00e9s<\/li>\n<li> <label> Index <\/label> rivet\u00e9s<\/li>\n<li> <label> Mains <\/label> noires, Gladio<\/li>\n<li>\n<div class=\"product-specifications__list\">\n<h4 id=\"technicalitem4\" class=\"open\">Courroie<\/h4>\n<ul>\n<li> <label> Mati\u00e8re <\/label> Cuir d&#8217;alligator, noir<\/li>\n<li> <label> Boucle Bou <\/label> cle triple pliante r\u00e9glable avec cran de s\u00e9curit\u00e9, finition polie<\/li>\n<\/ul>\n<\/div>\n<\/li>\n<\/ul>\n<\/div>\n<\/li>\n<\/ul>\n<\/div>\n<\/li>\n<\/ul>\n<\/div>\n<\/li>\n<\/ul>\n","protected":false},"excerpt":{"rendered":"<p>BAUME &amp; MERCIER HAMPTON REF. 10522 Description Moderne et raffin\u00e9e, la montre Hampton est dot\u00e9e d&#8217;un bracelet en alligator noir \u00e0 \u00e9cailles carr\u00e9es et surpiq\u00fbres grises et d&#8217;un bo\u00eetier en acier aux finitions polies. Le cadran opalin avec finition perl\u00e9e, visible \u00e0 travers le verre saphir bomb\u00e9, arbore des index et des chiffres arabes en [&hellip;]<\/p>\n","protected":false},"featured_media":168956,"template":"","meta":{"_crdt_document":"","advanced_seo_description":"","jetpack_seo_html_title":"","jetpack_seo_noindex":false},"product_brand":[],"product_cat":[2607],"product_tag":[4436],"berocket_brand":[],"woo-feed-brand":[],"class_list":{"0":"post-68541","1":"product","2":"type-product","3":"status-publish","4":"has-post-thumbnail","6":"product_cat-baume-fr","7":"product_tag-hampton-nl","9":"first","10":"instock","11":"sale","12":"taxable","13":"shipping-taxable","14":"purchasable","15":"product-type-simple"},"bundled_by":[],"bundle_stock_status":"instock","bundle_stock_quantity":1,"bundle_virtual":false,"bundle_layout":"","bundle_add_to_cart_form_location":"","bundle_editable_in_cart":false,"bundle_sold_individually_context":"","bundle_item_grouping":"","bundle_min_size":"","bundle_max_size":"","bundle_price":[],"bundled_items":[],"bundle_sell_ids":[],"group_of_quantity":0,"min_quantity":0,"max_quantity":"","exclude_order_quantity_value_rules":"no","exclude_category_quantity_rules":"no","combine_variations":"no","jetpack_sharing_enabled":true,"jetpack_likes_enabled":true,"_links":{"self":[{"href":"https:\/\/watchdeluxe.it\/fr\/wp-json\/wp\/v2\/product\/68541","targetHints":{"allow":["GET"]}}],"collection":[{"href":"https:\/\/watchdeluxe.it\/fr\/wp-json\/wp\/v2\/product"}],"about":[{"href":"https:\/\/watchdeluxe.it\/fr\/wp-json\/wp\/v2\/types\/product"}],"wp:featuredmedia":[{"embeddable":true,"href":"https:\/\/watchdeluxe.it\/fr\/wp-json\/wp\/v2\/media\/168956"}],"wp:attachment":[{"href":"https:\/\/watchdeluxe.it\/fr\/wp-json\/wp\/v2\/media?parent=68541"}],"wp:term":[{"taxonomy":"product_brand","embeddable":true,"href":"https:\/\/watchdeluxe.it\/fr\/wp-json\/wp\/v2\/product_brand?post=68541"},{"taxonomy":"product_cat","embeddable":true,"href":"https:\/\/watchdeluxe.it\/fr\/wp-json\/wp\/v2\/product_cat?post=68541"},{"taxonomy":"product_tag","embeddable":true,"href":"https:\/\/watchdeluxe.it\/fr\/wp-json\/wp\/v2\/product_tag?post=68541"},{"taxonomy":"berocket_brand","embeddable":true,"href":"https:\/\/watchdeluxe.it\/fr\/wp-json\/wp\/v2\/berocket_brand?post=68541"},{"taxonomy":"woo-feed-brand","embeddable":true,"href":"https:\/\/watchdeluxe.it\/fr\/wp-json\/wp\/v2\/woo-feed-brand?post=68541"}],"curies":[{"name":"wp","href":"https:\/\/api.w.org\/{rel}","templated":true}]}}