{"id":68527,"date":"2023-03-22T10:36:50","date_gmt":"2023-03-22T09:36:50","guid":{"rendered":"https:\/\/watchdeluxe.it\/prodotto\/baume-mercier-clifton-club-ref-m0a10487\/"},"modified":"2026-03-27T13:54:53","modified_gmt":"2026-03-27T12:54:53","slug":"baume-mercier-clifton-club-ref-m0a10487","status":"publish","type":"product","link":"https:\/\/watchdeluxe.it\/fr\/prodotto\/baume-mercier-clifton-club-ref-m0a10487\/","title":{"rendered":"BAUME &amp; MERCIER CLIFTON CLUB REF. M0A10487"},"content":{"rendered":"<p>BAUME &amp; MERCIER CLIFTON CLUB REF. 10487<\/p>\n<h3 class=\"h1-title\">Description<\/h3>\n<p class=\"product-detail__description--desktop\">Montre GMT automatique avec cadran noir opalin, lunette bleue et aiguilles luminescentes avec Superluminova\u00ae, la Clifton Club 10487 est un garde-temps extraordinaire, parfait pour le gentleman dynamique d&#8217;aujourd&#8217;hui. Ce mod\u00e8le suisse est propos\u00e9 avec un bo\u00eetier et un bracelet en acier inoxydable.<\/p>\n<p class=\"product-detail__description--desktop\">Caract\u00e9ristiques<\/p>\n<p>Montre Automatique, \u00e0 remontage automatique<br \/>\nR\u00e9serve de marche : 42 heures<br \/>\nEtanch\u00e9it\u00e9 : 10 ATM (environ 100 m\u00e8tres)<\/p>\n<div class=\"product-specifications__list\">\n<h4 id=\"technicalitem1\" class=\"open\">Mouvement<\/h4>\n<ul>\n<li>Fabriqu\u00e9 en Suisse<\/li>\n<li>\n    <\/li>\n<li> <label> Energy <\/label> Automatic, remontage automatique<\/li>\n<li> <label> Fr\u00e9quence <\/label> 28800.0vph\/4.0hz<\/li>\n<li> <label> Rubis <\/label> 21<\/li>\n<li>\n<div class=\"product-specifications__list\">\n<h4 id=\"technicalitem2\" class=\"open\">Cas<\/h4>\n<ul>\n<li> <label> Forme <\/label> ronde<\/li>\n<li>  Diam\u00e8tre <label>: <\/label> 42 mm<\/li>\n<li> <label> \u00c9paisseur <\/label> 10,6 mm<\/li>\n<li> <label> Mat\u00e9riau et finition <\/label> Acier, poli satin\u00e9<\/li>\n<li> <label> Fond du <\/label> bo\u00eetier Fond ferm\u00e9, Avec vis<\/li>\n<li>\n<div class=\"product-specifications__list\">\n<h4 id=\"technicalitem3\" class=\"open\">Cadran<\/h4>\n<ul>\n<li> <label> Couleurs et finitions <\/label> Noir, opalin<\/li>\n<li> <label> Index <\/label> rivet\u00e9s<\/li>\n<li> <label> Aiguilles <\/label> rhodi\u00e9es, Superluminova C1, \u00e9mission bleue<\/li>\n<li>\n<div class=\"product-specifications__list\">\n<h4 id=\"technicalitem4\" class=\"open\">Courroie<\/h4>\n<ul>\n<li> <label> Mat\u00e9riau <\/label> Acier, (finition) Satin\u00e9\/poli<\/li>\n<li> <label> Boucle <\/label> d\u00e9ployante triple avec fermoir de s\u00e9curit\u00e9, Acier, Poli<\/li>\n<\/ul>\n<\/div>\n<\/li>\n<\/ul>\n<\/div>\n<\/li>\n<\/ul>\n<\/div>\n<\/li>\n<\/ul>\n<\/div>\n<p class=\"product-detail__description--desktop\">\n","protected":false},"excerpt":{"rendered":"<p>BAUME &amp; MERCIER CLIFTON CLUB REF. 10487 Description Montre GMT automatique avec cadran noir opalin, lunette bleue et aiguilles luminescentes avec Superluminova\u00ae, la Clifton Club 10487 est un garde-temps extraordinaire, parfait pour le gentleman dynamique d&#8217;aujourd&#8217;hui. Ce mod\u00e8le suisse est propos\u00e9 avec un bo\u00eetier et un bracelet en acier inoxydable. Caract\u00e9ristiques Montre Automatique, \u00e0 remontage [&hellip;]<\/p>\n","protected":false},"featured_media":62984,"template":"","meta":{"_crdt_document":"","advanced_seo_description":"","jetpack_seo_html_title":"","jetpack_seo_noindex":false},"product_brand":[],"product_cat":[5515],"product_tag":[2621],"berocket_brand":[],"woo-feed-brand":[],"class_list":{"0":"post-68527","1":"product","2":"type-product","3":"status-publish","4":"has-post-thumbnail","6":"product_cat-baume-mercier-fr2","7":"product_tag-clifton-fr","9":"first","10":"instock","11":"sale","12":"taxable","13":"shipping-taxable","14":"purchasable","15":"product-type-simple"},"bundled_by":[],"bundle_stock_status":"instock","bundle_stock_quantity":1,"bundle_virtual":false,"bundle_layout":"","bundle_add_to_cart_form_location":"","bundle_editable_in_cart":false,"bundle_sold_individually_context":"","bundle_item_grouping":"","bundle_min_size":"","bundle_max_size":"","bundle_price":[],"bundled_items":[],"bundle_sell_ids":[],"group_of_quantity":0,"min_quantity":0,"max_quantity":"","exclude_order_quantity_value_rules":"no","exclude_category_quantity_rules":"no","combine_variations":"no","jetpack_sharing_enabled":true,"jetpack_likes_enabled":true,"_links":{"self":[{"href":"https:\/\/watchdeluxe.it\/fr\/wp-json\/wp\/v2\/product\/68527","targetHints":{"allow":["GET"]}}],"collection":[{"href":"https:\/\/watchdeluxe.it\/fr\/wp-json\/wp\/v2\/product"}],"about":[{"href":"https:\/\/watchdeluxe.it\/fr\/wp-json\/wp\/v2\/types\/product"}],"wp:featuredmedia":[{"embeddable":true,"href":"https:\/\/watchdeluxe.it\/fr\/wp-json\/wp\/v2\/media\/62984"}],"wp:attachment":[{"href":"https:\/\/watchdeluxe.it\/fr\/wp-json\/wp\/v2\/media?parent=68527"}],"wp:term":[{"taxonomy":"product_brand","embeddable":true,"href":"https:\/\/watchdeluxe.it\/fr\/wp-json\/wp\/v2\/product_brand?post=68527"},{"taxonomy":"product_cat","embeddable":true,"href":"https:\/\/watchdeluxe.it\/fr\/wp-json\/wp\/v2\/product_cat?post=68527"},{"taxonomy":"product_tag","embeddable":true,"href":"https:\/\/watchdeluxe.it\/fr\/wp-json\/wp\/v2\/product_tag?post=68527"},{"taxonomy":"berocket_brand","embeddable":true,"href":"https:\/\/watchdeluxe.it\/fr\/wp-json\/wp\/v2\/berocket_brand?post=68527"},{"taxonomy":"woo-feed-brand","embeddable":true,"href":"https:\/\/watchdeluxe.it\/fr\/wp-json\/wp\/v2\/woo-feed-brand?post=68527"}],"curies":[{"name":"wp","href":"https:\/\/api.w.org\/{rel}","templated":true}]}}