{"id":68526,"date":"2023-03-22T10:36:52","date_gmt":"2023-03-22T09:36:52","guid":{"rendered":"https:\/\/watchdeluxe.it\/prodotto\/baume-merciere-classima-ref-m0a10330\/"},"modified":"2026-04-06T02:18:52","modified_gmt":"2026-04-06T00:18:52","slug":"baume-merciere-classima-ref-m0a10330","status":"publish","type":"product","link":"https:\/\/watchdeluxe.it\/fr\/prodotto\/baume-merciere-classima-ref-m0a10330\/","title":{"rendered":"BAUME &amp; MERCIERE CLASSIMA REF. M0A10330"},"content":{"rendered":"<p>BAUME &amp; MERCIERE CLASSIMA REF. 10330<\/p>\n<p>Ce chronographe automatique rond de 42 mm pr\u00e9sente un bo\u00eetier en acier poli, un cadran argent\u00e9 avec finition opaline et des aiguilles en acier bleui. Trois cadrans plus petits et un guichet de date sur fond de d\u00e9coration guilloch\u00e9e embl\u00e9matique soulignent la sophistication technique de ce chronographe automatique pour hommes. Les rep\u00e8res en relief sont accompagn\u00e9s d&#8217;autres signes graphiques sur le pourtour de la lunette. Le garde-temps en acier, dot\u00e9 d&#8217;un fond transparent en verre saphir, est parfaitement assorti \u00e0 un bracelet en alligator bleu.<\/p>\n<div class=\"product-specifications__list\">\n<h4 id=\"technicalitem0\" class=\"open\">Caract\u00e9ristiques<\/h4>\n<ul>\n<li>Montre Automatique, \u00e0 remontage automatique<\/li>\n<li>R\u00e9serve de marche : 48 heure(s)<\/li>\n<li>R\u00e9sistance \u00e0 l&#8217;eau : 5 ATM (environ 50 m\u00e8tres)<\/li>\n<li>Chronographe, Date<\/li>\n<li>Fond en verre saphir<\/li>\n<li>\n<div class=\"product-specifications__list\">\n<h4 id=\"technicalitem1\" class=\"open\">Mouvement<\/h4>\n<ul>\n<li>Fabriqu\u00e9 en Suisse<\/li>\n<li>\n<\/li>\n<li> <label> Energy <\/label> Automatic, remontage automatique<\/li>\n<li> <label> Fr\u00e9quence <\/label> 28800.0vph\/4.0hz<\/li>\n<li> <label> Rubis <\/label> 25<\/li>\n<li>\n<div class=\"product-specifications__list\">\n<h4 id=\"technicalitem2\" class=\"open\">Cas<\/h4>\n<ul>\n<li> <label> Forme <\/label> ronde<\/li>\n<li>  Diam\u00e8tre <label>: <\/label> 42 mm<\/li>\n<li> <label> \u00c9paisseur <\/label> 13,25 mm<\/li>\n<li> <label> Mat\u00e9riau et finition <\/label> Acier, poli<\/li>\n<li>  Fond de <label> bo\u00eetier <\/label> Fond de bo\u00eetier en verre saphir<\/li>\n<\/ul>\n<div class=\"product-specifications__list\">\n<h4 id=\"technicalitem3\" class=\"open\">Cadran<\/h4>\n<ul>\n<li> <label> Couleurs et finitions <\/label> argent\u00e9, opalin<\/li>\n<li> <label> Mains <\/label> Acier bleui, Feuille<\/li>\n<li>\n<div class=\"product-specifications__list\">\n<h4 id=\"technicalitem4\" class=\"open\">Courroie<\/h4>\n<ul>\n<li> <label> Mati\u00e8re <\/label> Cuir d&#8217;alligator, bleu<\/li>\n<li> <label> Boucle Bou <\/label> cle triple pliante r\u00e9glable avec cran de s\u00e9curit\u00e9, finition polie<\/li>\n<\/ul>\n<\/div>\n<\/li>\n<\/ul>\n<\/div>\n<\/div>\n<\/li>\n<\/ul>\n<\/div>\n<\/li>\n<\/ul>\n<\/div>\n","protected":false},"excerpt":{"rendered":"<p>BAUME &amp; MERCIERE CLASSIMA REF. 10330 Ce chronographe automatique rond de 42 mm pr\u00e9sente un bo\u00eetier en acier poli, un cadran argent\u00e9 avec finition opaline et des aiguilles en acier bleui. Trois cadrans plus petits et un guichet de date sur fond de d\u00e9coration guilloch\u00e9e embl\u00e9matique soulignent la sophistication technique de ce chronographe automatique pour [&hellip;]<\/p>\n","protected":false},"featured_media":168938,"template":"","meta":{"_crdt_document":"","advanced_seo_description":"","jetpack_seo_html_title":"","jetpack_seo_noindex":false},"product_brand":[],"product_cat":[5515],"product_tag":[2623],"berocket_brand":[],"woo-feed-brand":[],"class_list":{"0":"post-68526","1":"product","2":"type-product","3":"status-publish","4":"has-post-thumbnail","6":"product_cat-baume-mercier-fr2","7":"product_tag-classima-fr","9":"first","10":"instock","11":"sale","12":"taxable","13":"shipping-taxable","14":"purchasable","15":"product-type-simple"},"bundled_by":[],"bundle_stock_status":"instock","bundle_stock_quantity":1,"bundle_virtual":false,"bundle_layout":"","bundle_add_to_cart_form_location":"","bundle_editable_in_cart":false,"bundle_sold_individually_context":"","bundle_item_grouping":"","bundle_min_size":"","bundle_max_size":"","bundle_price":[],"bundled_items":[],"bundle_sell_ids":[],"group_of_quantity":0,"min_quantity":0,"max_quantity":"","exclude_order_quantity_value_rules":"no","exclude_category_quantity_rules":"no","combine_variations":"no","jetpack_sharing_enabled":true,"jetpack_likes_enabled":true,"_links":{"self":[{"href":"https:\/\/watchdeluxe.it\/fr\/wp-json\/wp\/v2\/product\/68526","targetHints":{"allow":["GET"]}}],"collection":[{"href":"https:\/\/watchdeluxe.it\/fr\/wp-json\/wp\/v2\/product"}],"about":[{"href":"https:\/\/watchdeluxe.it\/fr\/wp-json\/wp\/v2\/types\/product"}],"wp:featuredmedia":[{"embeddable":true,"href":"https:\/\/watchdeluxe.it\/fr\/wp-json\/wp\/v2\/media\/168938"}],"wp:attachment":[{"href":"https:\/\/watchdeluxe.it\/fr\/wp-json\/wp\/v2\/media?parent=68526"}],"wp:term":[{"taxonomy":"product_brand","embeddable":true,"href":"https:\/\/watchdeluxe.it\/fr\/wp-json\/wp\/v2\/product_brand?post=68526"},{"taxonomy":"product_cat","embeddable":true,"href":"https:\/\/watchdeluxe.it\/fr\/wp-json\/wp\/v2\/product_cat?post=68526"},{"taxonomy":"product_tag","embeddable":true,"href":"https:\/\/watchdeluxe.it\/fr\/wp-json\/wp\/v2\/product_tag?post=68526"},{"taxonomy":"berocket_brand","embeddable":true,"href":"https:\/\/watchdeluxe.it\/fr\/wp-json\/wp\/v2\/berocket_brand?post=68526"},{"taxonomy":"woo-feed-brand","embeddable":true,"href":"https:\/\/watchdeluxe.it\/fr\/wp-json\/wp\/v2\/woo-feed-brand?post=68526"}],"curies":[{"name":"wp","href":"https:\/\/api.w.org\/{rel}","templated":true}]}}