{"id":68523,"date":"2023-03-22T10:36:51","date_gmt":"2023-03-22T09:36:51","guid":{"rendered":"https:\/\/watchdeluxe.it\/prodotto\/baume-mercier-classima-ref-m0a10353\/"},"modified":"2026-04-06T02:12:49","modified_gmt":"2026-04-06T00:12:49","slug":"baume-mercier-classima-ref-10353","status":"publish","type":"product","link":"https:\/\/watchdeluxe.it\/fr\/prodotto\/baume-mercier-classima-ref-10353\/","title":{"rendered":"BAUME &amp; MERCIER CLASSIMA REF. M0A10353"},"content":{"rendered":"<p>BAUME &amp; MERCIER CLASSIMA REF. 10353<\/p>\n<p>Montre de luxe pour femme au style contemporain, la Classima 10353 est dot\u00e9e d&#8217;un bracelet en cuir bleu brillant avec motif alligator et d&#8217;un cadran blanc pur avec aiguilles rhodi\u00e9es et chiffres romains classiques \u00e0 6, 9 et 12 heures. \u00c9l\u00e9gamment \u00e9quilibr\u00e9e, cette montre en acier de 31 mm est dot\u00e9e d&#8217;un guichet de date \u00e0 3 heures. Elle est anim\u00e9e par un mouvement \u00e0 quartz, ce qui en fait un garde-temps de pr\u00e9cision pour les femmes d&#8217;aujourd&#8217;hui.<\/p>\n<div class=\"product-specifications__list\">\n<h4 id=\"technicalitem0\" class=\"open\">Caract\u00e9ristiques<\/h4>\n<ul>\n<li>Horloge \u00e0 quartz<\/li>\n<li>R\u00e9sistance \u00e0 l&#8217;eau : 5 ATM (environ 50 m\u00e8tres)<\/li>\n<li>Date<\/li>\n<li>\n<div class=\"product-specifications__list\">\n<h4 id=\"technicalitem1\" class=\"open\">Mouvement<\/h4>\n<ul>\n<li>Fabriqu\u00e9 en Suisse<\/li>\n<li>\n<\/li>\n<li>  Quartz <label> Energy <\/label> <\/li>\n<li>\n<div class=\"product-specifications__list\">\n<h4 id=\"technicalitem2\" class=\"open\">Cas<\/h4>\n<ul>\n<li> <label> Forme <\/label> ronde<\/li>\n<li>  Diam\u00e8tre <label>: <\/label> 31 mm<\/li>\n<li> <label> \u00c9paisseur <\/label> 5,95 mm<\/li>\n<li> <label> Mat\u00e9riau et finition <\/label> Acier, poli<\/li>\n<li> <label> Fond du <\/label> bo\u00eetier Fond ferm\u00e9 du bo\u00eetier<\/li>\n<li>\n<div class=\"product-specifications__list\">\n<h4 id=\"technicalitem3\" class=\"open\">Cadran<\/h4>\n<ul>\n<li> <label> Couleurs et finitions <\/label> Blanc, Non<\/li>\n<li> <label> Figures <\/label> romaines<\/li>\n<li> <label> Aiguilles <\/label> rhodi\u00e9es, Feuille<\/li>\n<li>\n<div class=\"product-specifications__list\">\n<h4 id=\"technicalitem4\" class=\"open\">Courroie<\/h4>\n<ul>\n<li> <label> Mati\u00e8re <\/label> veau, bleu<\/li>\n<li> <label> Boucle <\/label> Boucle \u00e0 ardillon, finition polie<\/li>\n<\/ul>\n<\/div>\n<\/li>\n<\/ul>\n<\/div>\n<\/li>\n<\/ul>\n<\/div>\n<\/li>\n<\/ul>\n<\/div>\n<\/li>\n<\/ul>\n<\/div>\n","protected":false},"excerpt":{"rendered":"<p>BAUME &amp; MERCIER CLASSIMA REF. 10353 Montre de luxe pour femme au style contemporain, la Classima 10353 est dot\u00e9e d&#8217;un bracelet en cuir bleu brillant avec motif alligator et d&#8217;un cadran blanc pur avec aiguilles rhodi\u00e9es et chiffres romains classiques \u00e0 6, 9 et 12 heures. \u00c9l\u00e9gamment \u00e9quilibr\u00e9e, cette montre en acier de 31 mm [&hellip;]<\/p>\n","protected":false},"featured_media":160543,"template":"","meta":{"_crdt_document":"","advanced_seo_description":"","jetpack_seo_html_title":"","jetpack_seo_noindex":false},"product_brand":[],"product_cat":[5515],"product_tag":[],"berocket_brand":[],"woo-feed-brand":[],"class_list":{"0":"post-68523","1":"product","2":"type-product","3":"status-publish","4":"has-post-thumbnail","6":"product_cat-baume-mercier-fr2","8":"first","9":"instock","10":"sale","11":"taxable","12":"shipping-taxable","13":"purchasable","14":"product-type-simple"},"bundled_by":[],"bundle_stock_status":"instock","bundle_stock_quantity":1,"bundle_virtual":false,"bundle_layout":"","bundle_add_to_cart_form_location":"","bundle_editable_in_cart":false,"bundle_sold_individually_context":"","bundle_item_grouping":"","bundle_min_size":"","bundle_max_size":"","bundle_price":[],"bundled_items":[],"bundle_sell_ids":[],"group_of_quantity":0,"min_quantity":0,"max_quantity":"","exclude_order_quantity_value_rules":"no","exclude_category_quantity_rules":"no","combine_variations":"no","jetpack_sharing_enabled":true,"jetpack_likes_enabled":true,"_links":{"self":[{"href":"https:\/\/watchdeluxe.it\/fr\/wp-json\/wp\/v2\/product\/68523","targetHints":{"allow":["GET"]}}],"collection":[{"href":"https:\/\/watchdeluxe.it\/fr\/wp-json\/wp\/v2\/product"}],"about":[{"href":"https:\/\/watchdeluxe.it\/fr\/wp-json\/wp\/v2\/types\/product"}],"wp:featuredmedia":[{"embeddable":true,"href":"https:\/\/watchdeluxe.it\/fr\/wp-json\/wp\/v2\/media\/160543"}],"wp:attachment":[{"href":"https:\/\/watchdeluxe.it\/fr\/wp-json\/wp\/v2\/media?parent=68523"}],"wp:term":[{"taxonomy":"product_brand","embeddable":true,"href":"https:\/\/watchdeluxe.it\/fr\/wp-json\/wp\/v2\/product_brand?post=68523"},{"taxonomy":"product_cat","embeddable":true,"href":"https:\/\/watchdeluxe.it\/fr\/wp-json\/wp\/v2\/product_cat?post=68523"},{"taxonomy":"product_tag","embeddable":true,"href":"https:\/\/watchdeluxe.it\/fr\/wp-json\/wp\/v2\/product_tag?post=68523"},{"taxonomy":"berocket_brand","embeddable":true,"href":"https:\/\/watchdeluxe.it\/fr\/wp-json\/wp\/v2\/berocket_brand?post=68523"},{"taxonomy":"woo-feed-brand","embeddable":true,"href":"https:\/\/watchdeluxe.it\/fr\/wp-json\/wp\/v2\/woo-feed-brand?post=68523"}],"curies":[{"name":"wp","href":"https:\/\/api.w.org\/{rel}","templated":true}]}}