{"id":68482,"date":"2023-03-22T10:36:51","date_gmt":"2023-03-22T09:36:51","guid":{"rendered":"https:\/\/watchdeluxe.it\/prodotto\/baume-mercier-calssima-ref-m0a10354\/"},"modified":"2026-04-06T02:12:49","modified_gmt":"2026-04-06T00:12:49","slug":"baume-mercier-calssima-ref-10354","status":"publish","type":"product","link":"https:\/\/watchdeluxe.it\/fr\/prodotto\/baume-mercier-calssima-ref-10354\/","title":{"rendered":"BAUME &amp; MERCIER CALSSIMA REF. M0A10354"},"content":{"rendered":"<p>BAUME &amp; MERCIER CALSSIMA REF. 10354<\/p>\n<p>De style contemporain, cette montre suisse pour homme avec un bo\u00eetier de 40 mm est d\u00e9di\u00e9e au professionnel moderne qui appr\u00e9cie une esth\u00e9tique plus sophistiqu\u00e9e. Un guichet de date est situ\u00e9 \u00e0 3 heures et des chiffres romains embl\u00e9matiques marquent les heures sur fond de cadran blanc. Le bracelet en acier poli avec triple boucle d\u00e9ployante de s\u00e9curit\u00e9 est parfaitement assorti au bo\u00eetier en acier. Con\u00e7ue pour marquer le temps avec pr\u00e9cision, la Classima 10354 est anim\u00e9e par un mouvement \u00e0 quartz de fabrication suisse.<\/p>\n<div class=\"product-specifications__list\">\n<h4 id=\"technicalitem0\" class=\"open\">Caract\u00e9ristiques<\/h4>\n<ul>\n<li>Horloge \u00e0 quartz<\/li>\n<li>R\u00e9sistance \u00e0 l&#8217;eau : 5 ATM (environ 50 m\u00e8tres)<\/li>\n<li>Date<\/li>\n<li>\n<h4 id=\"technicalitem1\" class=\"open\">Mouvement<\/h4>\n<ul>\n<li>Fabriqu\u00e9 en Suisse<\/li>\n<li><label>  L&#8217;\u00e9nergie  <\/label><\/li>\n<li>\n<div class=\"product-specifications__list\">\n<h4 id=\"technicalitem2\" class=\"open\">Cas<\/h4>\n<ul>\n<li> <label> Forme <\/label> ronde<\/li>\n<li>  Diam\u00e8tre <label>: <\/label> 40 mm<\/li>\n<li> <label> \u00c9paisseur <\/label> 5,95 mm<\/li>\n<li> <label> Mat\u00e9riau et finition <\/label> Acier<\/li>\n<li>\n<div class=\"product-specifications__list\">\n<h4 id=\"technicalitem3\" class=\"open\">Cadran<\/h4>\n<ul>\n<li> <label> Couleurs et finitions <\/label> Blanc, Non<\/li>\n<li> <label> Figures <\/label> romaines<\/li>\n<li> <label> Aiguilles <\/label> rhodi\u00e9es, Feuille<\/li>\n<li>\n<div class=\"product-specifications__list\">\n<h4 id=\"technicalitem4\" class=\"open\">Courroie<\/h4>\n<ul>\n<li> <label> Mat\u00e9riau <\/label> Acier, (finition) Satin\u00e9\/poli<\/li>\n<li> <label> Boucle <\/label> d\u00e9ployante triple avec fermoir de s\u00e9curit\u00e9, Acier, Poli<\/li>\n<\/ul>\n<\/div>\n<\/li>\n<\/ul>\n<\/div>\n<\/li>\n<\/ul>\n<\/div>\n<\/li>\n<\/ul>\n<\/li>\n<\/ul>\n<\/div>\n","protected":false},"excerpt":{"rendered":"<p>BAUME &amp; MERCIER CALSSIMA REF. 10354 De style contemporain, cette montre suisse pour homme avec un bo\u00eetier de 40 mm est d\u00e9di\u00e9e au professionnel moderne qui appr\u00e9cie une esth\u00e9tique plus sophistiqu\u00e9e. Un guichet de date est situ\u00e9 \u00e0 3 heures et des chiffres romains embl\u00e9matiques marquent les heures sur fond de cadran blanc. Le bracelet [&hellip;]<\/p>\n","protected":false},"featured_media":160537,"template":"","meta":{"_crdt_document":"","advanced_seo_description":"","jetpack_seo_html_title":"","jetpack_seo_noindex":false},"product_brand":[],"product_cat":[5515],"product_tag":[2623],"berocket_brand":[],"woo-feed-brand":[],"class_list":{"0":"post-68482","1":"product","2":"type-product","3":"status-publish","4":"has-post-thumbnail","6":"product_cat-baume-mercier-fr2","7":"product_tag-classima-fr","9":"first","10":"instock","11":"sale","12":"taxable","13":"shipping-taxable","14":"purchasable","15":"product-type-simple"},"bundled_by":[],"bundle_stock_status":"instock","bundle_stock_quantity":1,"bundle_virtual":false,"bundle_layout":"","bundle_add_to_cart_form_location":"","bundle_editable_in_cart":false,"bundle_sold_individually_context":"","bundle_item_grouping":"","bundle_min_size":"","bundle_max_size":"","bundle_price":[],"bundled_items":[],"bundle_sell_ids":[],"group_of_quantity":0,"min_quantity":0,"max_quantity":"","exclude_order_quantity_value_rules":"no","exclude_category_quantity_rules":"no","combine_variations":"no","jetpack_sharing_enabled":true,"jetpack_likes_enabled":true,"_links":{"self":[{"href":"https:\/\/watchdeluxe.it\/fr\/wp-json\/wp\/v2\/product\/68482","targetHints":{"allow":["GET"]}}],"collection":[{"href":"https:\/\/watchdeluxe.it\/fr\/wp-json\/wp\/v2\/product"}],"about":[{"href":"https:\/\/watchdeluxe.it\/fr\/wp-json\/wp\/v2\/types\/product"}],"wp:featuredmedia":[{"embeddable":true,"href":"https:\/\/watchdeluxe.it\/fr\/wp-json\/wp\/v2\/media\/160537"}],"wp:attachment":[{"href":"https:\/\/watchdeluxe.it\/fr\/wp-json\/wp\/v2\/media?parent=68482"}],"wp:term":[{"taxonomy":"product_brand","embeddable":true,"href":"https:\/\/watchdeluxe.it\/fr\/wp-json\/wp\/v2\/product_brand?post=68482"},{"taxonomy":"product_cat","embeddable":true,"href":"https:\/\/watchdeluxe.it\/fr\/wp-json\/wp\/v2\/product_cat?post=68482"},{"taxonomy":"product_tag","embeddable":true,"href":"https:\/\/watchdeluxe.it\/fr\/wp-json\/wp\/v2\/product_tag?post=68482"},{"taxonomy":"berocket_brand","embeddable":true,"href":"https:\/\/watchdeluxe.it\/fr\/wp-json\/wp\/v2\/berocket_brand?post=68482"},{"taxonomy":"woo-feed-brand","embeddable":true,"href":"https:\/\/watchdeluxe.it\/fr\/wp-json\/wp\/v2\/woo-feed-brand?post=68482"}],"curies":[{"name":"wp","href":"https:\/\/api.w.org\/{rel}","templated":true}]}}