{"id":68355,"date":"2023-03-22T10:36:58","date_gmt":"2023-03-22T09:36:58","guid":{"rendered":"https:\/\/watchdeluxe.it\/prodotto\/baume-mercier-hampton-ref-m0a10474\/"},"modified":"2026-03-27T13:56:59","modified_gmt":"2026-03-27T12:56:59","slug":"baume-mercier-hampton-ref-m0a10474","status":"publish","type":"product","link":"https:\/\/watchdeluxe.it\/fr\/prodotto\/baume-mercier-hampton-ref-m0a10474\/","title":{"rendered":"BAUME &amp; MERCIER HAMPTON REF. M0A10474"},"content":{"rendered":"<p>BAUME &amp; MERCIER HAMPTON REF. 10474<\/p>\n<p>La montre rectangulaire en nacre pour femmes pr\u00e9sente un cadran en diamants, des aiguilles rhodi\u00e9es en forme d&#8217;\u00e9p\u00e9e et des index rivet\u00e9s. Le bracelet \u00e0 3 rangs en acier inoxydable avec finition satin\u00e9e polie conf\u00e8re une touche d&#8217;\u00e9l\u00e9gance \u00e0 cette montre sophistiqu\u00e9e avec mouvement \u00e0 quartz.<\/p>\n<div class=\"product-specifications__list\">\n<h4 id=\"technicalitem0\" class=\"open\">Caract\u00e9ristiques<\/h4>\n<ul>\n<li>Horloge \u00e0 quartz<\/li>\n<li>R\u00e9sistance \u00e0 l&#8217;eau : 5 ATM (environ 50 m\u00e8tres)<\/li>\n<\/ul>\n<\/div>\n<div class=\"product-specifications__list\">\n<h4 id=\"technicalitem1\" class=\"open\">Mouvement<\/h4>\n<ul>\n<li>Fabriqu\u00e9 en Suisse<\/li>\n<li>MHH057<\/li>\n<li>  Quartz <label> Energy <\/label> <\/li>\n<li>\n<div class=\"product-specifications__list\">\n<h4 id=\"technicalitem2\" class=\"open\">Cas<\/h4>\n<ul>\n<li> <label> Forme <\/label> rectangulaire<\/li>\n<li> <label> Mesure <\/label> Largeur : 22,2 mm x Longueur : 34,9 mm<\/li>\n<li> <label> \u00c9paisseur <\/label> 6,92 mm<\/li>\n<li> <label> Mat\u00e9riau et finition <\/label> Acier, poli<\/li>\n<li> <label> Fond du <\/label> bo\u00eetier Fond ferm\u00e9 du bo\u00eetier<\/li>\n<li>\n<div class=\"product-specifications__list\">\n<h4 id=\"technicalitem3\" class=\"open\">Cadran<\/h4>\n<ul>\n<li> <label> Couleurs et finitions <\/label> Nacre blanche<\/li>\n<li> <label> Index <\/label> Index diamant\u00e9s, index rivet\u00e9s<\/li>\n<li> <label> Aiguilles <\/label> rhodi\u00e9es, Gladio<\/li>\n<li>\n<div class=\"product-specifications__list\">\n<h4 id=\"technicalitem4\" class=\"open\">Courroie<\/h4>\n<ul>\n<li> <label> Mat\u00e9riau <\/label> Acier, (finition) Satin\u00e9\/poli<\/li>\n<li> <label> Fermeture <\/label> en acier poli<\/li>\n<\/ul>\n<\/div>\n<\/li>\n<\/ul>\n<\/div>\n<\/li>\n<\/ul>\n<\/div>\n<\/li>\n<\/ul>\n<\/div>\n","protected":false},"excerpt":{"rendered":"<p>BAUME &amp; MERCIER HAMPTON REF. 10474 La montre rectangulaire en nacre pour femmes pr\u00e9sente un cadran en diamants, des aiguilles rhodi\u00e9es en forme d&#8217;\u00e9p\u00e9e et des index rivet\u00e9s. Le bracelet \u00e0 3 rangs en acier inoxydable avec finition satin\u00e9e polie conf\u00e8re une touche d&#8217;\u00e9l\u00e9gance \u00e0 cette montre sophistiqu\u00e9e avec mouvement \u00e0 quartz. Caract\u00e9ristiques Horloge \u00e0 [&hellip;]<\/p>\n","protected":false},"featured_media":62796,"template":"","meta":{"_crdt_document":"","advanced_seo_description":"","jetpack_seo_html_title":"","jetpack_seo_noindex":false},"product_brand":[],"product_cat":[5515],"product_tag":[4562],"berocket_brand":[],"woo-feed-brand":[],"class_list":{"0":"post-68355","1":"product","2":"type-product","3":"status-publish","4":"has-post-thumbnail","6":"product_cat-baume-mercier-fr2","7":"product_tag-hampton-fr-3","9":"first","10":"instock","11":"sale","12":"taxable","13":"shipping-taxable","14":"purchasable","15":"product-type-simple"},"bundled_by":[],"bundle_stock_status":"instock","bundle_stock_quantity":3,"bundle_virtual":false,"bundle_layout":"","bundle_add_to_cart_form_location":"","bundle_editable_in_cart":false,"bundle_sold_individually_context":"","bundle_item_grouping":"","bundle_min_size":"","bundle_max_size":"","bundle_price":[],"bundled_items":[],"bundle_sell_ids":[],"group_of_quantity":0,"min_quantity":0,"max_quantity":"","exclude_order_quantity_value_rules":"no","exclude_category_quantity_rules":"no","combine_variations":"no","jetpack_sharing_enabled":true,"jetpack_likes_enabled":true,"_links":{"self":[{"href":"https:\/\/watchdeluxe.it\/fr\/wp-json\/wp\/v2\/product\/68355","targetHints":{"allow":["GET"]}}],"collection":[{"href":"https:\/\/watchdeluxe.it\/fr\/wp-json\/wp\/v2\/product"}],"about":[{"href":"https:\/\/watchdeluxe.it\/fr\/wp-json\/wp\/v2\/types\/product"}],"wp:featuredmedia":[{"embeddable":true,"href":"https:\/\/watchdeluxe.it\/fr\/wp-json\/wp\/v2\/media\/62796"}],"wp:attachment":[{"href":"https:\/\/watchdeluxe.it\/fr\/wp-json\/wp\/v2\/media?parent=68355"}],"wp:term":[{"taxonomy":"product_brand","embeddable":true,"href":"https:\/\/watchdeluxe.it\/fr\/wp-json\/wp\/v2\/product_brand?post=68355"},{"taxonomy":"product_cat","embeddable":true,"href":"https:\/\/watchdeluxe.it\/fr\/wp-json\/wp\/v2\/product_cat?post=68355"},{"taxonomy":"product_tag","embeddable":true,"href":"https:\/\/watchdeluxe.it\/fr\/wp-json\/wp\/v2\/product_tag?post=68355"},{"taxonomy":"berocket_brand","embeddable":true,"href":"https:\/\/watchdeluxe.it\/fr\/wp-json\/wp\/v2\/berocket_brand?post=68355"},{"taxonomy":"woo-feed-brand","embeddable":true,"href":"https:\/\/watchdeluxe.it\/fr\/wp-json\/wp\/v2\/woo-feed-brand?post=68355"}],"curies":[{"name":"wp","href":"https:\/\/api.w.org\/{rel}","templated":true}]}}