{"id":68246,"date":"2023-05-22T11:35:02","date_gmt":"2023-05-22T09:35:02","guid":{"rendered":"https:\/\/watchdeluxe.it\/prodotto\/baume-mercier-riviera-33-mm-ref-m0a10728\/"},"modified":"2026-03-27T14:03:43","modified_gmt":"2026-03-27T13:03:43","slug":"baume-mercier-riviera-33-mm-ref-m0a10728","status":"publish","type":"product","link":"https:\/\/watchdeluxe.it\/fr\/prodotto\/baume-mercier-riviera-33-mm-ref-m0a10728\/","title":{"rendered":"Baume &amp; Mercier Riviera 33 Mm Ref. M0A10728"},"content":{"rendered":"<p>Baume &amp; Mercier Riviera 33 Mm Ref. M0A10728<\/p>\n<div class=\"short-description\">Anim\u00e9e par un mouvement automatique &#8220;Swiss Made&#8221;, cette Riviera est orn\u00e9e d&#8217;un cadran violet et accompagn\u00e9e d&#8217;un bracelet en m\u00e9tal qui lui conf\u00e8re une allure lumineuse. Un garde-temps de caract\u00e8re pour une personnalit\u00e9 d\u00e9termin\u00e9e.<\/div>\n<div class=\"additional-details\">\n<div class=\"manufacturer-part-number\"><\/div>\n<\/div>\n<p>&nbsp;<\/p>\n<div class=\"product-collateral\">\n<div class=\"product-specs-box\">\n<div class=\"title\"><strong>D\u00e9tails du produit<\/strong><\/div>\n<div class=\"table-wrapper\">\n<table class=\"data-table\">\n<colgroup>\n<col width=\"25%\">\n<col> <\/colgroup>\n<tbody>\n<tr class=\"odd\">\n<td class=\"spec-name\">Ligne<\/td>\n<td class=\"spec-value\">RIVIERA<\/td>\n<\/tr>\n<tr class=\"even\">\n<td class=\"spec-name\">Complication<\/td>\n<td class=\"spec-value\">TEMPS SEULEMENT<\/td>\n<\/tr>\n<tr class=\"odd\">\n<td class=\"spec-name\">Mouvement<\/td>\n<td class=\"spec-value\">AUTOMATIQUE<\/td>\n<\/tr>\n<tr class=\"even\">\n<td class=\"spec-name\">Dateur<\/td>\n<td class=\"spec-value\">DATE<\/td>\n<\/tr>\n<tr class=\"odd\">\n<td class=\"spec-name\">Forme<\/td>\n<td class=\"spec-value\">FORME<\/td>\n<\/tr>\n<tr class=\"even\">\n<td class=\"spec-name\">Taille<\/td>\n<td class=\"spec-value\">33 MM<\/td>\n<\/tr>\n<tr class=\"odd\">\n<td class=\"spec-name\">Mat\u00e9riau du bo\u00eetier<\/td>\n<td class=\"spec-value\">Acier<\/td>\n<\/tr>\n<tr class=\"even\">\n<td class=\"spec-name\">Cadran<\/td>\n<td class=\"spec-value\">VIOLET<\/td>\n<\/tr>\n<tr class=\"odd\">\n<td class=\"spec-name\">Bracelet<\/td>\n<td class=\"spec-value\">ACIER<\/td>\n<\/tr>\n<tr class=\"even\">\n<td class=\"spec-name\">R\u00e9sistance \u00e0 l&#8217;eau<\/td>\n<td class=\"spec-value\">50 M<\/td>\n<\/tr>\n<\/tbody>\n<\/table>\n<\/div>\n<\/div>\n<\/div>\n","protected":false},"excerpt":{"rendered":"<p>Baume &amp; Mercier Riviera 33 Mm Ref. M0A10728 Anim\u00e9e par un mouvement automatique &#8220;Swiss Made&#8221;, cette Riviera est orn\u00e9e d&#8217;un cadran violet et accompagn\u00e9e d&#8217;un bracelet en m\u00e9tal qui lui conf\u00e8re une allure lumineuse. Un garde-temps de caract\u00e8re pour une personnalit\u00e9 d\u00e9termin\u00e9e. &nbsp; D\u00e9tails du produit Ligne RIVIERA Complication TEMPS SEULEMENT Mouvement AUTOMATIQUE Dateur DATE [&hellip;]<\/p>\n","protected":false},"featured_media":66176,"template":"","meta":{"_crdt_document":"","advanced_seo_description":"","jetpack_seo_html_title":"","jetpack_seo_noindex":false},"product_brand":[],"product_cat":[5515],"product_tag":[2609],"berocket_brand":[],"woo-feed-brand":[],"class_list":{"0":"post-68246","1":"product","2":"type-product","3":"status-publish","4":"has-post-thumbnail","6":"product_cat-baume-mercier-fr2","7":"product_tag-riviera-fr","9":"first","10":"instock","11":"sale","12":"taxable","13":"shipping-taxable","14":"purchasable","15":"product-type-simple"},"bundled_by":[],"bundle_stock_status":"instock","bundle_stock_quantity":1,"bundle_virtual":false,"bundle_layout":"","bundle_add_to_cart_form_location":"","bundle_editable_in_cart":false,"bundle_sold_individually_context":"","bundle_item_grouping":"","bundle_min_size":"","bundle_max_size":"","bundle_price":[],"bundled_items":[],"bundle_sell_ids":[],"group_of_quantity":0,"min_quantity":0,"max_quantity":"","exclude_order_quantity_value_rules":"no","exclude_category_quantity_rules":"no","combine_variations":"no","jetpack_sharing_enabled":true,"jetpack_likes_enabled":true,"_links":{"self":[{"href":"https:\/\/watchdeluxe.it\/fr\/wp-json\/wp\/v2\/product\/68246","targetHints":{"allow":["GET"]}}],"collection":[{"href":"https:\/\/watchdeluxe.it\/fr\/wp-json\/wp\/v2\/product"}],"about":[{"href":"https:\/\/watchdeluxe.it\/fr\/wp-json\/wp\/v2\/types\/product"}],"wp:featuredmedia":[{"embeddable":true,"href":"https:\/\/watchdeluxe.it\/fr\/wp-json\/wp\/v2\/media\/66176"}],"wp:attachment":[{"href":"https:\/\/watchdeluxe.it\/fr\/wp-json\/wp\/v2\/media?parent=68246"}],"wp:term":[{"taxonomy":"product_brand","embeddable":true,"href":"https:\/\/watchdeluxe.it\/fr\/wp-json\/wp\/v2\/product_brand?post=68246"},{"taxonomy":"product_cat","embeddable":true,"href":"https:\/\/watchdeluxe.it\/fr\/wp-json\/wp\/v2\/product_cat?post=68246"},{"taxonomy":"product_tag","embeddable":true,"href":"https:\/\/watchdeluxe.it\/fr\/wp-json\/wp\/v2\/product_tag?post=68246"},{"taxonomy":"berocket_brand","embeddable":true,"href":"https:\/\/watchdeluxe.it\/fr\/wp-json\/wp\/v2\/berocket_brand?post=68246"},{"taxonomy":"woo-feed-brand","embeddable":true,"href":"https:\/\/watchdeluxe.it\/fr\/wp-json\/wp\/v2\/woo-feed-brand?post=68246"}],"curies":[{"name":"wp","href":"https:\/\/api.w.org\/{rel}","templated":true}]}}