{"id":68243,"date":"2023-04-03T18:05:18","date_gmt":"2023-04-03T16:05:18","guid":{"rendered":"https:\/\/watchdeluxe.it\/prodotto\/tag-heuer-aquaracer-200-chronographe-ref-wbp1411-ba0622\/"},"modified":"2026-04-14T14:20:04","modified_gmt":"2026-04-14T12:20:04","slug":"tag-heuer-aquaracer-200-cronografo-ref-wbp1411-ba0622","status":"publish","type":"product","link":"https:\/\/watchdeluxe.it\/fr\/prodotto\/tag-heuer-aquaracer-200-cronografo-ref-wbp1411-ba0622\/","title":{"rendered":"Tag Heuer Aquaracer 200 chronographe ref. WBP1411.BA0622"},"content":{"rendered":"<p>Tag Heuer Aquaracer 200 chronographe ref. WBP1411.BA0622<\/p>\n<div class=\"col-12 col-lg-6\">\n<p> <span class=\"spec-title\"> Taille <\/span> <span class=\"spec-value\"> 40 mm <\/span> <\/p>\n<\/div>\n<div class=\"col-12 col-lg-6\">\n<p> <span class=\"spec-title\"> R\u00e9sistance \u00e0 l&#8217;eau <\/span> <span class=\"spec-value\"> 200 m <\/span> <\/p>\n<\/div>\n<div class=\"col-12 col-lg-6\">\n<p> <span class=\"spec-title\"> Corps du bo\u00eetier <\/span> <span class=\"spec-value\"> Acier Finition satin\u00e9e\/polissage <\/span> <\/p>\n<\/div>\n<div class=\"col-12 col-lg-6\">\n<p> <span class=\"spec-title\"> Lunette <\/span> <span class=\"spec-value\"> Lunette tournante Acier <\/span> <\/p>\n<\/div>\n<div class=\"col-12 col-lg-6\">\n<p> <span class=\"spec-title\"> Retour <\/span> <span class=\"spec-value\"> L&#8217;acier <\/span> <\/p>\n<div class=\"col-12 col-lg-6\">\n<p> <span class=\"spec-title\"> Finitions <\/span> <span class=\"spec-value\"> Bross\u00e9 avec effet soleil <\/span> <\/p>\n<\/div>\n<div class=\"col-12 col-lg-6\">\n<p> <span class=\"spec-title\"> Couleur <\/span> <span class=\"spec-value\"> Gris <\/span> <\/p>\n<\/div>\n<div class=\"col-12 col-lg-6\">\n<p> <span class=\"spec-title\"> Index <\/span> <span class=\"spec-value\"> Appliqu\u00e9 <\/span> <\/p>\n<div class=\"col-12 col-lg-6\">\n<p> <span class=\"spec-title\"> Calibre <\/span> <span class=\"spec-value\"> Quartz <\/span> <\/p>\n<\/div>\n<div class=\"col-12 col-lg-6\">\n<p> <span class=\"spec-title\"> Mouvement <\/span> <span class=\"spec-value\"> Montre \u00e0 quartz <\/span> <\/p>\n<\/div>\n<div class=\"col-12 col-lg-6\">\n<p> <span class=\"spec-title\"> Fonctions <\/span> <span class=\"spec-value\"> Heures, minutes, secondes, date <\/span> <\/p>\n<\/div>\n<\/div>\n<\/div>\n","protected":false},"excerpt":{"rendered":"<p>Tag Heuer Aquaracer 200 chronographe ref. WBP1411.BA0622 Taille 40 mm R\u00e9sistance \u00e0 l&#8217;eau 200 m Corps du bo\u00eetier Acier Finition satin\u00e9e\/polissage Lunette Lunette tournante Acier Retour L&#8217;acier Finitions Bross\u00e9 avec effet soleil Couleur Gris Index Appliqu\u00e9 Calibre Quartz Mouvement Montre \u00e0 quartz Fonctions Heures, minutes, secondes, date<\/p>\n","protected":false},"featured_media":174716,"template":"","meta":{"_crdt_document":"","advanced_seo_description":"","jetpack_seo_html_title":"","jetpack_seo_noindex":false},"product_brand":[],"product_cat":[2243],"product_tag":[],"berocket_brand":[],"woo-feed-brand":[],"class_list":{"0":"post-68243","1":"product","2":"type-product","3":"status-publish","4":"has-post-thumbnail","6":"product_cat-tag-heuer-fr","8":"first","9":"instock","10":"sale","11":"taxable","12":"shipping-taxable","13":"purchasable","14":"product-type-simple"},"bundled_by":[],"bundle_stock_status":"instock","bundle_stock_quantity":1,"bundle_virtual":false,"bundle_layout":"","bundle_add_to_cart_form_location":"","bundle_editable_in_cart":false,"bundle_sold_individually_context":"","bundle_item_grouping":"","bundle_min_size":"","bundle_max_size":"","bundle_price":[],"bundled_items":[],"bundle_sell_ids":[],"group_of_quantity":0,"min_quantity":0,"max_quantity":"","exclude_order_quantity_value_rules":"no","exclude_category_quantity_rules":"no","combine_variations":"no","exclude_global_add_ons":[],"addons":[],"jetpack_sharing_enabled":true,"jetpack_likes_enabled":true,"_links":{"self":[{"href":"https:\/\/watchdeluxe.it\/fr\/wp-json\/wp\/v2\/product\/68243","targetHints":{"allow":["GET"]}}],"collection":[{"href":"https:\/\/watchdeluxe.it\/fr\/wp-json\/wp\/v2\/product"}],"about":[{"href":"https:\/\/watchdeluxe.it\/fr\/wp-json\/wp\/v2\/types\/product"}],"wp:featuredmedia":[{"embeddable":true,"href":"https:\/\/watchdeluxe.it\/fr\/wp-json\/wp\/v2\/media\/174716"}],"wp:attachment":[{"href":"https:\/\/watchdeluxe.it\/fr\/wp-json\/wp\/v2\/media?parent=68243"}],"wp:term":[{"taxonomy":"product_brand","embeddable":true,"href":"https:\/\/watchdeluxe.it\/fr\/wp-json\/wp\/v2\/product_brand?post=68243"},{"taxonomy":"product_cat","embeddable":true,"href":"https:\/\/watchdeluxe.it\/fr\/wp-json\/wp\/v2\/product_cat?post=68243"},{"taxonomy":"product_tag","embeddable":true,"href":"https:\/\/watchdeluxe.it\/fr\/wp-json\/wp\/v2\/product_tag?post=68243"},{"taxonomy":"berocket_brand","embeddable":true,"href":"https:\/\/watchdeluxe.it\/fr\/wp-json\/wp\/v2\/berocket_brand?post=68243"},{"taxonomy":"woo-feed-brand","embeddable":true,"href":"https:\/\/watchdeluxe.it\/fr\/wp-json\/wp\/v2\/woo-feed-brand?post=68243"}],"curies":[{"name":"wp","href":"https:\/\/api.w.org\/{rel}","templated":true}]}}