{"id":68064,"date":"2023-03-15T20:06:15","date_gmt":"2023-03-15T19:06:15","guid":{"rendered":"https:\/\/watchdeluxe.it\/prodotto\/bell-ross-br-126-sport-ref-brv126-bl-be-sca\/"},"modified":"2023-09-01T13:47:37","modified_gmt":"2023-09-01T11:47:37","slug":"bell-ross-br-126-sport-ref-brv126-bl-be-sca","status":"publish","type":"product","link":"https:\/\/watchdeluxe.it\/fr\/prodotto\/bell-ross-br-126-sport-ref-brv126-bl-be-sca\/","title":{"rendered":"Bell &amp; Ross BR 126 SPORT ref. BRV126-BL-BE\/SCA"},"content":{"rendered":"<p>Bell &amp; Ross BR 126 SPORT ref. BRV126-BL-BE\/SCA<\/p>\n<p>Mouvement : m\u00e9canique \u00e0 remontage automatique.<\/p>\n<p>Fonctions : heures, minutes, secondes. Dragueurs. Chronographe 2<\/p>\n<p>(totalisateurs de 60 s et 30 min).<\/p>\n<p>Bo\u00eetier : 43 mm de diam\u00e8tre, acier inoxydable satin\u00e9. Lunette<\/p>\n<p>fi ssa noir, avec \u00e9chelle de 60 minutes.<\/p>\n<p>Cadran : noir. Chiffres, index et mains recouvertes d&#8217;un<\/p>\n<p>rev\u00eatement photoluminescent.<\/p>\n<p>Verre : saphir ultra-bomb\u00e9 anti-reflet.<\/p>\n<p>R\u00e9sistance \u00e0 l&#8217;eau : 100 m.<\/p>\n<p>Bracelet : cuir de veau noir.<\/p>\n<p>Boucle : pliante. Acier poli.<\/p>\n<div><\/div>\n","protected":false},"excerpt":{"rendered":"<p>Bell &amp; Ross BR 126 SPORT ref. BRV126-BL-BE\/SCA Mouvement : m\u00e9canique \u00e0 remontage automatique. Fonctions : heures, minutes, secondes. Dragueurs. Chronographe 2 (totalisateurs de 60 s et 30 min). Bo\u00eetier : 43 mm de diam\u00e8tre, acier inoxydable satin\u00e9. Lunette fi ssa noir, avec \u00e9chelle de 60 minutes. Cadran : noir. Chiffres, index et mains recouvertes [&hellip;]<\/p>\n","protected":false},"featured_media":82116,"template":"","meta":{"_crdt_document":"","advanced_seo_description":"","jetpack_seo_html_title":"","jetpack_seo_noindex":false,"jetpack_post_was_ever_published":false},"product_brand":[2142],"product_cat":[2517],"product_tag":[2580],"berocket_brand":[],"woo-feed-brand":[],"class_list":{"0":"post-68064","1":"product","2":"type-product","3":"status-publish","4":"has-post-thumbnail","6":"product_brand-bell-ross","7":"product_cat-bell-ross-fr","8":"product_tag-br126-fr","10":"first","11":"instock","12":"sale","13":"taxable","14":"shipping-taxable","15":"purchasable","16":"product-type-simple"},"bundled_by":[],"bundle_stock_status":"instock","bundle_stock_quantity":1,"bundle_virtual":false,"bundle_layout":"","bundle_add_to_cart_form_location":"","bundle_editable_in_cart":false,"bundle_sold_individually_context":"","bundle_item_grouping":"","bundle_min_size":"","bundle_max_size":"","bundle_price":[],"bundled_items":[],"bundle_sell_ids":[],"group_of_quantity":0,"min_quantity":0,"max_quantity":"","exclude_order_quantity_value_rules":"no","exclude_category_quantity_rules":"no","combine_variations":"no","exclude_global_add_ons":[],"addons":[],"jetpack_sharing_enabled":true,"jetpack_likes_enabled":true,"_links":{"self":[{"href":"https:\/\/watchdeluxe.it\/fr\/wp-json\/wp\/v2\/product\/68064","targetHints":{"allow":["GET"]}}],"collection":[{"href":"https:\/\/watchdeluxe.it\/fr\/wp-json\/wp\/v2\/product"}],"about":[{"href":"https:\/\/watchdeluxe.it\/fr\/wp-json\/wp\/v2\/types\/product"}],"wp:featuredmedia":[{"embeddable":true,"href":"https:\/\/watchdeluxe.it\/fr\/wp-json\/wp\/v2\/media\/82116"}],"wp:attachment":[{"href":"https:\/\/watchdeluxe.it\/fr\/wp-json\/wp\/v2\/media?parent=68064"}],"wp:term":[{"taxonomy":"product_brand","embeddable":true,"href":"https:\/\/watchdeluxe.it\/fr\/wp-json\/wp\/v2\/product_brand?post=68064"},{"taxonomy":"product_cat","embeddable":true,"href":"https:\/\/watchdeluxe.it\/fr\/wp-json\/wp\/v2\/product_cat?post=68064"},{"taxonomy":"product_tag","embeddable":true,"href":"https:\/\/watchdeluxe.it\/fr\/wp-json\/wp\/v2\/product_tag?post=68064"},{"taxonomy":"berocket_brand","embeddable":true,"href":"https:\/\/watchdeluxe.it\/fr\/wp-json\/wp\/v2\/berocket_brand?post=68064"},{"taxonomy":"woo-feed-brand","embeddable":true,"href":"https:\/\/watchdeluxe.it\/fr\/wp-json\/wp\/v2\/woo-feed-brand?post=68064"}],"curies":[{"name":"wp","href":"https:\/\/api.w.org\/{rel}","templated":true}]}}