{"id":68033,"date":"2023-03-15T20:06:15","date_gmt":"2023-03-15T19:06:15","guid":{"rendered":"https:\/\/watchdeluxe.it\/prodotto\/bell-ross-br-03-92-diver-red-bronze-ref-br0392-d-r-br-sca\/"},"modified":"2026-03-27T14:08:50","modified_gmt":"2026-03-27T13:08:50","slug":"bell-ross-br-03-92-diver-red-bronze-ref-br0392-d-r-br-sca","status":"publish","type":"product","link":"https:\/\/watchdeluxe.it\/fr\/prodotto\/bell-ross-br-03-92-diver-red-bronze-ref-br0392-d-r-br-sca\/","title":{"rendered":"Bell &amp; Ross BR 03-92 DIVER RED BRONZE ref. BR0392-D-R-BR\/SCA"},"content":{"rendered":"<p>Bell &amp; Ross BR 03-92 DIVER RED BRONZE ref. BR0392-D-R-BR\/SCA<\/p>\n<p><span style=\"font-weight: bold;\">\u00c9dition limit\u00e9e \u00e0 999 pi\u00e8ces.<\/span><\/p>\n<p>Mouvement : BR-CAL.302 calibre. M\u00e9canique automatique.<\/p>\n<p>Fonctions : heures, minutes, secondes et date.<\/p>\n<p>Bo\u00eetier : largeur 42 mm. Bronze CuSn8 poli et satin\u00e9. Lunette tournante unidirectionnelle en bronze massif gradu\u00e9e 60 minutes avec anneau en aluminium anodis\u00e9 rouge. Couronne viss\u00e9e. Protecteur de couronne. Dos en acier.<\/p>\n<p>Cadran : rouge. Index appliqu\u00e9s plaqu\u00e9s or avec inserts <span style=\"vertical-align: super;\">Super-LumiNova\u00ae<\/span>. Aiguilles des heures, des minutes et des secondes en m\u00e9tal dor\u00e9, remplies de <span style=\"vertical-align: super;\">Super-LumiNova\u00ae<\/span>.<\/p>\n<p>Verre : saphir avec traitement antireflet.<\/p>\n<p>R\u00e9sistance \u00e0 l&#8217;eau : 300 m\u00e8tres<\/p>\n<p>Bracelet : cuir de veau brun et caoutchouc noir tress\u00e9.<\/p>\n<p>Boucle : boucle \u00e0 ardillon. Bronze poli et satin\u00e9.<\/p>\n","protected":false},"excerpt":{"rendered":"<p>Bell &amp; Ross BR 03-92 DIVER RED BRONZE ref. BR0392-D-R-BR\/SCA \u00c9dition limit\u00e9e \u00e0 999 pi\u00e8ces. Mouvement : BR-CAL.302 calibre. M\u00e9canique automatique. Fonctions : heures, minutes, secondes et date. Bo\u00eetier : largeur 42 mm. Bronze CuSn8 poli et satin\u00e9. Lunette tournante unidirectionnelle en bronze massif gradu\u00e9e 60 minutes avec anneau en aluminium anodis\u00e9 rouge. Couronne viss\u00e9e. [&hellip;]<\/p>\n","protected":false},"featured_media":82162,"template":"","meta":{"_crdt_document":"","advanced_seo_description":"","jetpack_seo_html_title":"","jetpack_seo_noindex":false},"product_brand":[],"product_cat":[2517],"product_tag":[2557],"berocket_brand":[],"woo-feed-brand":[],"class_list":{"0":"post-68033","1":"product","2":"type-product","3":"status-publish","4":"has-post-thumbnail","6":"product_cat-bell-ross-fr","7":"product_tag-br02-fr","9":"first","10":"outofstock","11":"sale","12":"taxable","13":"shipping-taxable","14":"purchasable","15":"product-type-simple"},"bundled_by":[],"bundle_stock_status":"outofstock","bundle_stock_quantity":0,"bundle_virtual":false,"bundle_layout":"","bundle_add_to_cart_form_location":"","bundle_editable_in_cart":false,"bundle_sold_individually_context":"","bundle_item_grouping":"","bundle_min_size":"","bundle_max_size":"","bundle_price":[],"bundled_items":[],"bundle_sell_ids":[],"group_of_quantity":0,"min_quantity":0,"max_quantity":"","exclude_order_quantity_value_rules":"no","exclude_category_quantity_rules":"no","combine_variations":"no","exclude_global_add_ons":[],"addons":[],"jetpack_sharing_enabled":true,"jetpack_likes_enabled":true,"_links":{"self":[{"href":"https:\/\/watchdeluxe.it\/fr\/wp-json\/wp\/v2\/product\/68033","targetHints":{"allow":["GET"]}}],"collection":[{"href":"https:\/\/watchdeluxe.it\/fr\/wp-json\/wp\/v2\/product"}],"about":[{"href":"https:\/\/watchdeluxe.it\/fr\/wp-json\/wp\/v2\/types\/product"}],"wp:featuredmedia":[{"embeddable":true,"href":"https:\/\/watchdeluxe.it\/fr\/wp-json\/wp\/v2\/media\/82162"}],"wp:attachment":[{"href":"https:\/\/watchdeluxe.it\/fr\/wp-json\/wp\/v2\/media?parent=68033"}],"wp:term":[{"taxonomy":"product_brand","embeddable":true,"href":"https:\/\/watchdeluxe.it\/fr\/wp-json\/wp\/v2\/product_brand?post=68033"},{"taxonomy":"product_cat","embeddable":true,"href":"https:\/\/watchdeluxe.it\/fr\/wp-json\/wp\/v2\/product_cat?post=68033"},{"taxonomy":"product_tag","embeddable":true,"href":"https:\/\/watchdeluxe.it\/fr\/wp-json\/wp\/v2\/product_tag?post=68033"},{"taxonomy":"berocket_brand","embeddable":true,"href":"https:\/\/watchdeluxe.it\/fr\/wp-json\/wp\/v2\/berocket_brand?post=68033"},{"taxonomy":"woo-feed-brand","embeddable":true,"href":"https:\/\/watchdeluxe.it\/fr\/wp-json\/wp\/v2\/woo-feed-brand?post=68033"}],"curies":[{"name":"wp","href":"https:\/\/api.w.org\/{rel}","templated":true}]}}