{"id":67982,"date":"2023-04-07T09:56:30","date_gmt":"2023-04-07T07:56:30","guid":{"rendered":"https:\/\/watchdeluxe.it\/prodotto\/tag-heuer-autavia-chronometre-flyback-ref-cbe511a-fc8279\/"},"modified":"2026-04-07T12:06:39","modified_gmt":"2026-04-07T10:06:39","slug":"tag-heuer-autavia-flyback-ref-cbe511a-fc8279","status":"publish","type":"product","link":"https:\/\/watchdeluxe.it\/fr\/prodotto\/tag-heuer-autavia-flyback-ref-cbe511a-fc8279\/","title":{"rendered":"Tag Heuer Autavia Chronom\u00e8tre flyback ref. CBE511A.FC8279"},"content":{"rendered":"<p>Tag Heuer Autavia Chronom\u00e8tre flyback ref. CBE511A.FC8279<\/p>\n<div class=\"col-12 col-lg-6\">\n<p> <span class=\"spec-title\"> Taille <\/span> <span class=\"spec-value\"> 42 mm <\/span> <\/p>\n<\/div>\n<div class=\"col-12 col-lg-6\">\n<p> <span class=\"spec-title\"> Epaisseur <\/span> <span class=\"spec-value\"> 15,68 mm <\/span> <\/p>\n<\/div>\n<div class=\"col-12 col-lg-6\">\n<p> <span class=\"spec-title\"> Distance entre les ergots <\/span> <span class=\"spec-value\"> 21 mm <\/span> <\/p>\n<\/div>\n<div class=\"col-12 col-lg-6\">\n<p> <span class=\"spec-title\"> R\u00e9sistance \u00e0 l&#8217;eau <\/span> <span class=\"spec-value\"> 100 m <\/span> <\/p>\n<\/div>\n<div class=\"col-12 col-lg-6\">\n<p> <span class=\"spec-title\"> Corps du bo\u00eetier <\/span> <span class=\"spec-value\"> Acier POLISSAGE\/SURFACTION <\/span> <\/p>\n<\/div>\n<div class=\"col-12 col-lg-6\">\n<p> <span class=\"spec-title\"> Lunette <\/span> <span class=\"spec-value\"> Lunette tournante C\u00e9ramique <\/span> <\/p>\n<\/div>\n<div class=\"col-12 col-lg-6\">\n<p> <span class=\"spec-title\"> Couronne <\/span> <span class=\"spec-value\"> Acier viss\u00e9 <\/span> <\/p>\n<\/div>\n<div class=\"col-12 col-lg-6\">\n<p> <span class=\"spec-title\"> Dos <\/span> <span class=\"spec-value\"> Verre saphir &#8211; Acier <\/span> <\/p>\n<p>Bracelet noir avec boucle<\/p>\n<div class=\"col-12 col-lg-6\">\n<p> <span class=\"spec-title\"> Calibre <\/span> <span class=\"spec-value\"> Heuer Calibre 02 COSC Flyback <\/span> <\/p>\n<\/div>\n<div class=\"col-12 col-lg-6\">\n<p> <span class=\"spec-title\"> Mouvement <\/span> <span class=\"spec-value\"> Chronographe automatique <\/span> <\/p>\n<\/div>\n<div class=\"col-12 col-lg-6\">\n<p> <span class=\"spec-title\"> Mouvement de manufacture <\/span> <span class=\"spec-value\"> Oui <\/span> <\/p>\n<\/div>\n<div class=\"col-12 col-lg-6\">\n<p> <span class=\"spec-title\"> R\u00e9serve de marche (heures) <\/span> <span class=\"spec-value\"> 80 <\/span> <\/p>\n<\/div>\n<div class=\"col-12 col-lg-6\">\n<p> <span class=\"spec-title\"> Fr\u00e9quence de la bascule <\/span> <span class=\"spec-value\"> 28&#8217;800 (4 Hz) <\/span> <\/p>\n<\/div>\n<div class=\"col-12 col-lg-6\">\n<p> <span class=\"spec-title\"> Fonctions <\/span> <span class=\"spec-value\"> Heures, minutes, secondes, chronographe : 1\/4 de seconde, compteur 30 minutes, compteur 12 heures <\/span> <\/p>\n<\/div>\n<\/div>\n","protected":false},"excerpt":{"rendered":"<p>Tag Heuer Autavia Chronom\u00e8tre flyback ref. CBE511A.FC8279 Taille 42 mm Epaisseur 15,68 mm Distance entre les ergots 21 mm R\u00e9sistance \u00e0 l&#8217;eau 100 m Corps du bo\u00eetier Acier POLISSAGE\/SURFACTION Lunette Lunette tournante C\u00e9ramique Couronne Acier viss\u00e9 Dos Verre saphir &#8211; Acier Bracelet noir avec boucle Calibre Heuer Calibre 02 COSC Flyback Mouvement Chronographe automatique Mouvement [&hellip;]<\/p>\n","protected":false},"featured_media":146661,"template":"","meta":{"_crdt_document":"","advanced_seo_description":"","jetpack_seo_html_title":"","jetpack_seo_noindex":false},"product_brand":[],"product_cat":[2243],"product_tag":[2543],"berocket_brand":[],"woo-feed-brand":[],"class_list":{"0":"post-67982","1":"product","2":"type-product","3":"status-publish","4":"has-post-thumbnail","6":"product_cat-tag-heuer-fr","7":"product_tag-autavia-fr","9":"first","10":"instock","11":"sale","12":"taxable","13":"shipping-taxable","14":"purchasable","15":"product-type-simple"},"bundled_by":[],"bundle_stock_status":"instock","bundle_stock_quantity":1,"bundle_virtual":false,"bundle_layout":"","bundle_add_to_cart_form_location":"","bundle_editable_in_cart":false,"bundle_sold_individually_context":"","bundle_item_grouping":"","bundle_min_size":"","bundle_max_size":"","bundle_price":[],"bundled_items":[],"bundle_sell_ids":[],"group_of_quantity":0,"min_quantity":0,"max_quantity":"","exclude_order_quantity_value_rules":"no","exclude_category_quantity_rules":"no","combine_variations":"no","exclude_global_add_ons":[],"addons":[],"jetpack_sharing_enabled":true,"jetpack_likes_enabled":true,"_links":{"self":[{"href":"https:\/\/watchdeluxe.it\/fr\/wp-json\/wp\/v2\/product\/67982","targetHints":{"allow":["GET"]}}],"collection":[{"href":"https:\/\/watchdeluxe.it\/fr\/wp-json\/wp\/v2\/product"}],"about":[{"href":"https:\/\/watchdeluxe.it\/fr\/wp-json\/wp\/v2\/types\/product"}],"wp:featuredmedia":[{"embeddable":true,"href":"https:\/\/watchdeluxe.it\/fr\/wp-json\/wp\/v2\/media\/146661"}],"wp:attachment":[{"href":"https:\/\/watchdeluxe.it\/fr\/wp-json\/wp\/v2\/media?parent=67982"}],"wp:term":[{"taxonomy":"product_brand","embeddable":true,"href":"https:\/\/watchdeluxe.it\/fr\/wp-json\/wp\/v2\/product_brand?post=67982"},{"taxonomy":"product_cat","embeddable":true,"href":"https:\/\/watchdeluxe.it\/fr\/wp-json\/wp\/v2\/product_cat?post=67982"},{"taxonomy":"product_tag","embeddable":true,"href":"https:\/\/watchdeluxe.it\/fr\/wp-json\/wp\/v2\/product_tag?post=67982"},{"taxonomy":"berocket_brand","embeddable":true,"href":"https:\/\/watchdeluxe.it\/fr\/wp-json\/wp\/v2\/berocket_brand?post=67982"},{"taxonomy":"woo-feed-brand","embeddable":true,"href":"https:\/\/watchdeluxe.it\/fr\/wp-json\/wp\/v2\/woo-feed-brand?post=67982"}],"curies":[{"name":"wp","href":"https:\/\/api.w.org\/{rel}","templated":true}]}}