{"id":67863,"date":"2023-05-03T10:32:09","date_gmt":"2023-05-03T08:32:09","guid":{"rendered":"https:\/\/watchdeluxe.it\/prodotto\/montblanc-meisterstuck-boutons-de-manchette-le-tour-du-monde-en-80-jours-ref-128387\/"},"modified":"2026-04-01T15:09:36","modified_gmt":"2026-04-01T13:09:36","slug":"montblanc-jewels-meisterstuck-le-tour-du-monde-en-80-jours-ref-128387","status":"publish","type":"product","link":"https:\/\/watchdeluxe.it\/fr\/prodotto\/montblanc-jewels-meisterstuck-le-tour-du-monde-en-80-jours-ref-128387\/","title":{"rendered":"Boutons de manchette Montblanc Meisterst\u00fcck LE TOUR DU MONDE EN 80 JOURS R\u00c9F. 128387"},"content":{"rendered":"<p>Boutons de manchette Montblanc Meisterst\u00fcck LE TOUR DU MONDE EN 80 JOURS R\u00c9F. 128387<\/p>\n<h1 class=\"h2 product-single__title\">Montblanc Meisterst\u00fcck boutons de manchette Hommage au livre &#8220;Le tour du monde en 80 jours&#8221; As d&#8217;\u00e9p\u00e9e et As de carreau 128387<\/h1>\n","protected":false},"excerpt":{"rendered":"<p>Boutons de manchette Montblanc Meisterst\u00fcck LE TOUR DU MONDE EN 80 JOURS R\u00c9F. 128387 Montblanc Meisterst\u00fcck boutons de manchette Hommage au livre &#8220;Le tour du monde en 80 jours&#8221; As d&#8217;\u00e9p\u00e9e et As de carreau 128387<\/p>\n","protected":false},"featured_media":65548,"template":"","meta":{"_crdt_document":"","advanced_seo_description":"","jetpack_seo_html_title":"","jetpack_seo_noindex":false},"product_brand":[],"product_cat":[2376],"product_tag":[5496],"berocket_brand":[],"woo-feed-brand":[],"class_list":{"0":"post-67863","1":"product","2":"type-product","3":"status-publish","4":"has-post-thumbnail","6":"product_cat-nomos-glashutte-fr","7":"product_tag-boutons-de-manchette-2","9":"first","10":"instock","11":"sale","12":"taxable","13":"shipping-taxable","14":"purchasable","15":"product-type-simple"},"bundled_by":[],"bundle_stock_status":"instock","bundle_stock_quantity":1,"bundle_virtual":false,"bundle_layout":"","bundle_add_to_cart_form_location":"","bundle_editable_in_cart":false,"bundle_sold_individually_context":"","bundle_item_grouping":"","bundle_min_size":"","bundle_max_size":"","bundle_price":[],"bundled_items":[],"bundle_sell_ids":[],"group_of_quantity":0,"min_quantity":0,"max_quantity":"","exclude_order_quantity_value_rules":"no","exclude_category_quantity_rules":"no","combine_variations":"no","exclude_global_add_ons":[],"addons":[],"jetpack_sharing_enabled":true,"jetpack_likes_enabled":true,"_links":{"self":[{"href":"https:\/\/watchdeluxe.it\/fr\/wp-json\/wp\/v2\/product\/67863","targetHints":{"allow":["GET"]}}],"collection":[{"href":"https:\/\/watchdeluxe.it\/fr\/wp-json\/wp\/v2\/product"}],"about":[{"href":"https:\/\/watchdeluxe.it\/fr\/wp-json\/wp\/v2\/types\/product"}],"wp:featuredmedia":[{"embeddable":true,"href":"https:\/\/watchdeluxe.it\/fr\/wp-json\/wp\/v2\/media\/65548"}],"wp:attachment":[{"href":"https:\/\/watchdeluxe.it\/fr\/wp-json\/wp\/v2\/media?parent=67863"}],"wp:term":[{"taxonomy":"product_brand","embeddable":true,"href":"https:\/\/watchdeluxe.it\/fr\/wp-json\/wp\/v2\/product_brand?post=67863"},{"taxonomy":"product_cat","embeddable":true,"href":"https:\/\/watchdeluxe.it\/fr\/wp-json\/wp\/v2\/product_cat?post=67863"},{"taxonomy":"product_tag","embeddable":true,"href":"https:\/\/watchdeluxe.it\/fr\/wp-json\/wp\/v2\/product_tag?post=67863"},{"taxonomy":"berocket_brand","embeddable":true,"href":"https:\/\/watchdeluxe.it\/fr\/wp-json\/wp\/v2\/berocket_brand?post=67863"},{"taxonomy":"woo-feed-brand","embeddable":true,"href":"https:\/\/watchdeluxe.it\/fr\/wp-json\/wp\/v2\/woo-feed-brand?post=67863"}],"curies":[{"name":"wp","href":"https:\/\/api.w.org\/{rel}","templated":true}]}}