{"id":67846,"date":"2023-05-09T11:23:50","date_gmt":"2023-05-09T09:23:50","guid":{"rendered":"https:\/\/watchdeluxe.it\/prodotto\/tag-heuer-carrera-date-ref-wbn2311-ba0001\/"},"modified":"2026-04-10T18:30:53","modified_gmt":"2026-04-10T16:30:53","slug":"tag-heuer-carrera-date-ref-wbn2311-ba0001","status":"publish","type":"product","link":"https:\/\/watchdeluxe.it\/fr\/prodotto\/tag-heuer-carrera-date-ref-wbn2311-ba0001\/","title":{"rendered":"Tag Heuer Carrera Date r\u00e9f. WBN2311.BA0001"},"content":{"rendered":"<p>TAG Heuer Carrera Date REF. WBN2311.BA0001<\/p>\n<div class=\"col-12 col-lg-6\">\n<p> <span class=\"spec-title\"> Taille <\/span> <span class=\"spec-value\"> 36 mm <\/span> <\/p>\n<\/div>\n<div class=\"col-12 col-lg-6\">\n<p> <span class=\"spec-title\"> R\u00e9sistance \u00e0 l&#8217;eau <\/span> <span class=\"spec-value\"> 50 m <\/span> <\/p>\n<\/div>\n<div class=\"col-12 col-lg-6\">\n<p> <span class=\"spec-title\"> Corps du bo\u00eetier <\/span> <span class=\"spec-value\"> Acier Finition satin\u00e9e\/polissage <\/span> <\/p>\n<\/div>\n<div class=\"col-12 col-lg-6\">\n<p> <span class=\"spec-title\"> Lunette <\/span> <span class=\"spec-value\"> Lunette fixe Acier <\/span> <\/p>\n<\/div>\n<div class=\"col-12 col-lg-6\">\n<p> <span class=\"spec-title\"> Couronne <\/span> <span class=\"spec-value\"> Acier <\/span> <\/p>\n<\/div>\n<div class=\"col-12 col-lg-6\">\n<p> <span class=\"spec-title\"> Dos <\/span> <span class=\"spec-value\"> Verre saphir &#8211; Acier <\/span> <\/p>\n<p>CEINTURE<\/p>\n<div class=\"col-12 col-lg-6\">\n<p> <span class=\"spec-title\"> Mat\u00e9riau <\/span> <span class=\"spec-value\"> Acier <\/span> <\/p>\n<\/div>\n<div class=\"col-12 col-lg-6\">\n<p> <span class=\"spec-title\"> Finitions <\/span> <span class=\"spec-value\"> Satinage\/polissage <\/span> <\/p>\n<\/div>\n<div class=\"col-12 col-lg-6\">\n<p> <span class=\"spec-title\"> Boucle <\/span> <span class=\"spec-value\"> Boucle d\u00e9ployante avec boutons &#8211; Acier <\/span> <\/p>\n<div class=\"card\">\n<div id=\"headingmovement\" class=\"card-header\">\n<h3 class=\"mb-0\"><\/h3>\n<\/div>\n<div id=\"collapsemovement\" class=\"collapse show\" aria-labelledby=\"headingmovement\" data-parent=\"#tech-accordion\">\n<div class=\"card-body\">\n<div class=\"row\">\n<div class=\"col-12 col-lg-6\">\n<p> <span class=\"spec-title\"> Calibre <\/span> <span class=\"spec-value\"> Calibre 7 automatique <\/span> <\/p>\n<\/div>\n<div class=\"col-12 col-lg-6\">\n<p> <span class=\"spec-title\"> Mouvement <\/span> <span class=\"spec-value\"> Montre automatique <\/span> <\/p>\n<\/div>\n<div class=\"col-12 col-lg-6\">\n<p> <span class=\"spec-title\"> R\u00e9serve de marche (heures) <\/span> <span class=\"spec-value\"> 56 <\/span> <\/p>\n<\/div>\n<div class=\"col-12 col-lg-6\">\n<p> <span class=\"spec-title\"> Fonctions <\/span> <span class=\"spec-value\"> Heures, minutes, secondes, date <\/span> <\/p>\n<\/div>\n<\/div>\n<\/div>\n<\/div>\n<\/div>\n<\/div>\n<\/div>\n","protected":false},"excerpt":{"rendered":"<p>TAG Heuer Carrera Date REF. WBN2311.BA0001 Taille 36 mm R\u00e9sistance \u00e0 l&#8217;eau 50 m Corps du bo\u00eetier Acier Finition satin\u00e9e\/polissage Lunette Lunette fixe Acier Couronne Acier Dos Verre saphir &#8211; Acier CEINTURE Mat\u00e9riau Acier Finitions Satinage\/polissage Boucle Boucle d\u00e9ployante avec boutons &#8211; Acier Calibre Calibre 7 automatique Mouvement Montre automatique R\u00e9serve de marche (heures) 56 [&hellip;]<\/p>\n","protected":false},"featured_media":27336,"template":"","meta":{"_crdt_document":"","advanced_seo_description":"","jetpack_seo_html_title":"","jetpack_seo_noindex":false},"product_brand":[],"product_cat":[2243],"product_tag":[2362],"berocket_brand":[],"woo-feed-brand":[],"class_list":{"0":"post-67846","1":"product","2":"type-product","3":"status-publish","4":"has-post-thumbnail","6":"product_cat-tag-heuer-fr","7":"product_tag-carrera-fr","9":"first","10":"instock","11":"sale","12":"taxable","13":"shipping-taxable","14":"purchasable","15":"product-type-simple"},"bundled_by":[],"bundle_stock_status":"instock","bundle_stock_quantity":1,"bundle_virtual":false,"bundle_layout":"","bundle_add_to_cart_form_location":"","bundle_editable_in_cart":false,"bundle_sold_individually_context":"","bundle_item_grouping":"","bundle_min_size":"","bundle_max_size":"","bundle_price":[],"bundled_items":[],"bundle_sell_ids":[],"group_of_quantity":0,"min_quantity":0,"max_quantity":"","exclude_order_quantity_value_rules":"no","exclude_category_quantity_rules":"no","combine_variations":"no","exclude_global_add_ons":[],"addons":[],"jetpack_sharing_enabled":true,"jetpack_likes_enabled":true,"_links":{"self":[{"href":"https:\/\/watchdeluxe.it\/fr\/wp-json\/wp\/v2\/product\/67846","targetHints":{"allow":["GET"]}}],"collection":[{"href":"https:\/\/watchdeluxe.it\/fr\/wp-json\/wp\/v2\/product"}],"about":[{"href":"https:\/\/watchdeluxe.it\/fr\/wp-json\/wp\/v2\/types\/product"}],"wp:featuredmedia":[{"embeddable":true,"href":"https:\/\/watchdeluxe.it\/fr\/wp-json\/wp\/v2\/media\/27336"}],"wp:attachment":[{"href":"https:\/\/watchdeluxe.it\/fr\/wp-json\/wp\/v2\/media?parent=67846"}],"wp:term":[{"taxonomy":"product_brand","embeddable":true,"href":"https:\/\/watchdeluxe.it\/fr\/wp-json\/wp\/v2\/product_brand?post=67846"},{"taxonomy":"product_cat","embeddable":true,"href":"https:\/\/watchdeluxe.it\/fr\/wp-json\/wp\/v2\/product_cat?post=67846"},{"taxonomy":"product_tag","embeddable":true,"href":"https:\/\/watchdeluxe.it\/fr\/wp-json\/wp\/v2\/product_tag?post=67846"},{"taxonomy":"berocket_brand","embeddable":true,"href":"https:\/\/watchdeluxe.it\/fr\/wp-json\/wp\/v2\/berocket_brand?post=67846"},{"taxonomy":"woo-feed-brand","embeddable":true,"href":"https:\/\/watchdeluxe.it\/fr\/wp-json\/wp\/v2\/woo-feed-brand?post=67846"}],"curies":[{"name":"wp","href":"https:\/\/api.w.org\/{rel}","templated":true}]}}