{"id":67618,"date":"2023-05-22T15:44:53","date_gmt":"2023-05-22T13:44:53","guid":{"rendered":"https:\/\/watchdeluxe.it\/prodotto\/nomos-tetra-die-unerreichbare-ref-477\/"},"modified":"2026-04-01T12:02:12","modified_gmt":"2026-04-01T10:02:12","slug":"nomos-tetra-die-unerreichbare-ref-477","status":"publish","type":"product","link":"https:\/\/watchdeluxe.it\/fr\/prodotto\/nomos-tetra-die-unerreichbare-ref-477\/","title":{"rendered":"Nomos Tetra &#8211; Die Unerreichbare ref. 477"},"content":{"rendered":"<p>Nomos Tetra &#8211; Die Unerreichbare ref. 477<\/p>\n<div class=\"list-couple\">\n<div class=\"specs-list\">\n<dl>\n<dt>Cas<\/dt>\n<dd>acier inoxydable, bipartite<br \/>\nverre saphir dos<br \/>\nfix\u00e9 par quatre vis<\/dd>\n<\/dl>\n<dl>\n<dt>Verre<\/dt>\n<dd>verre saphir<\/dd>\n<\/dl>\n<dl>\n<dt>Charge<\/dt>\n<dd>manuel<\/dd>\n<\/dl>\n<dl>\n<dt>Dimensions<\/dt>\n<dd>dimensions <span class=\"size-property\"> 29,5 mm \u00d7 29,5 mm <\/span><br \/>\n\u00e9paisseur <span class=\"size-property\"> 6,5 mm <\/span><br \/>\ntaille de la boucle ext\u00e9rieure <span class=\"size-property\"> 40,5 mm <\/span><\/dd>\n<\/dl>\n<dl>\n<dt>R\u00e9sistance \u00e0 l&#8217;eau<\/dt>\n<dd>3 atm (r\u00e9sistant aux \u00e9claboussures)<\/dd>\n<\/dl>\n<\/div>\n<div class=\"specs-list\">\n<dl>\n<dt>Cadran<\/dt>\n<dd>argent brillant, secondina rose<\/dd>\n<\/dl>\n<dl>\n<dt>Mains<\/dt>\n<dd>Rhodi\u00e9e, aiguille des secondes turquoise<\/dd>\n<\/dl>\n<dl>\n<dt>sangle<\/dt>\n<dd>Daim v\u00e9g\u00e9tal, rechampi, gris velout\u00e9<br \/>\n<span class=\"size-property\"> Largeur de la boucle 18 mm <\/span><\/dd>\n<\/dl>\n<\/div>\n<\/div>\n","protected":false},"excerpt":{"rendered":"<p>Nomos Tetra &#8211; Die Unerreichbare ref. 477 Cas acier inoxydable, bipartite verre saphir dos fix\u00e9 par quatre vis Verre verre saphir Charge manuel Dimensions dimensions 29,5 mm \u00d7 29,5 mm \u00e9paisseur 6,5 mm taille de la boucle ext\u00e9rieure 40,5 mm R\u00e9sistance \u00e0 l&#8217;eau 3 atm (r\u00e9sistant aux \u00e9claboussures) Cadran argent brillant, secondina rose Mains Rhodi\u00e9e, [&hellip;]<\/p>\n","protected":false},"featured_media":66216,"template":"","meta":{"_crdt_document":"","advanced_seo_description":"","jetpack_seo_html_title":"","jetpack_seo_noindex":false,"jetpack_post_was_ever_published":false},"product_brand":[],"product_cat":[2376],"product_tag":[4190],"berocket_brand":[],"woo-feed-brand":[],"class_list":{"0":"post-67618","1":"product","2":"type-product","3":"status-publish","4":"has-post-thumbnail","6":"product_cat-nomos-glashutte-fr","7":"product_tag-tetra-fr-2","9":"first","10":"instock","11":"sale","12":"taxable","13":"shipping-taxable","14":"purchasable","15":"product-type-simple"},"bundled_by":[],"bundle_stock_status":"instock","bundle_stock_quantity":1,"bundle_virtual":false,"bundle_layout":"","bundle_add_to_cart_form_location":"","bundle_editable_in_cart":false,"bundle_sold_individually_context":"","bundle_item_grouping":"","bundle_min_size":"","bundle_max_size":"","bundle_price":[],"bundled_items":[],"bundle_sell_ids":[],"group_of_quantity":0,"min_quantity":0,"max_quantity":"","exclude_order_quantity_value_rules":"no","exclude_category_quantity_rules":"no","combine_variations":"no","exclude_global_add_ons":[],"addons":[],"jetpack_sharing_enabled":true,"jetpack_likes_enabled":true,"_links":{"self":[{"href":"https:\/\/watchdeluxe.it\/fr\/wp-json\/wp\/v2\/product\/67618","targetHints":{"allow":["GET"]}}],"collection":[{"href":"https:\/\/watchdeluxe.it\/fr\/wp-json\/wp\/v2\/product"}],"about":[{"href":"https:\/\/watchdeluxe.it\/fr\/wp-json\/wp\/v2\/types\/product"}],"wp:featuredmedia":[{"embeddable":true,"href":"https:\/\/watchdeluxe.it\/fr\/wp-json\/wp\/v2\/media\/66216"}],"wp:attachment":[{"href":"https:\/\/watchdeluxe.it\/fr\/wp-json\/wp\/v2\/media?parent=67618"}],"wp:term":[{"taxonomy":"product_brand","embeddable":true,"href":"https:\/\/watchdeluxe.it\/fr\/wp-json\/wp\/v2\/product_brand?post=67618"},{"taxonomy":"product_cat","embeddable":true,"href":"https:\/\/watchdeluxe.it\/fr\/wp-json\/wp\/v2\/product_cat?post=67618"},{"taxonomy":"product_tag","embeddable":true,"href":"https:\/\/watchdeluxe.it\/fr\/wp-json\/wp\/v2\/product_tag?post=67618"},{"taxonomy":"berocket_brand","embeddable":true,"href":"https:\/\/watchdeluxe.it\/fr\/wp-json\/wp\/v2\/berocket_brand?post=67618"},{"taxonomy":"woo-feed-brand","embeddable":true,"href":"https:\/\/watchdeluxe.it\/fr\/wp-json\/wp\/v2\/woo-feed-brand?post=67618"}],"curies":[{"name":"wp","href":"https:\/\/api.w.org\/{rel}","templated":true}]}}