{"id":67459,"date":"2025-04-10T16:45:05","date_gmt":"2025-04-10T14:45:05","guid":{"rendered":"https:\/\/watchdeluxe.it\/prodotto\/panerai-luminor-1950-8-days-chrono-monupulsante-gmt-pam00311\/"},"modified":"2026-03-31T17:23:04","modified_gmt":"2026-03-31T15:23:04","slug":"panerai-luminor-1950-8-days-chrono-monupulsante-gmt-pam00311","status":"publish","type":"product","link":"https:\/\/watchdeluxe.it\/fr\/prodotto\/panerai-luminor-1950-8-days-chrono-monupulsante-gmt-pam00311\/","title":{"rendered":"Panerai Luminor 1950 8 Days Chrono Monupulsante GMT PAM00311"},"content":{"rendered":"<p>Panerai Luminor 1950 8 Days Chrono Monupulsante GMT PAM00311<\/p>\n<h4 class=\"descrizione\">Panerai Luminor 1950 avec mouvement m\u00e9canique \u00e0 remontage manuel calibre P.2004 avec fonction GMT et indicateur de r\u00e9serve de marche de 8 jours.<\/h4>\n<h4 class=\"descrizione\">Bo\u00eetier en titane de 44 mm,<\/h4>\n<h4 class=\"descrizione\">cadran brun et bracelet en cuir avec boucle ardillon.<\/h4>\n","protected":false},"excerpt":{"rendered":"<p>Panerai Luminor 1950 8 Days Chrono Monupulsante GMT PAM00311 Panerai Luminor 1950 avec mouvement m\u00e9canique \u00e0 remontage manuel calibre P.2004 avec fonction GMT et indicateur de r\u00e9serve de marche de 8 jours. Bo\u00eetier en titane de 44 mm, cadran brun et bracelet en cuir avec boucle ardillon.<\/p>\n","protected":false},"featured_media":66572,"template":"","meta":{"_crdt_document":"","advanced_seo_description":"","jetpack_seo_html_title":"","jetpack_seo_noindex":false},"product_brand":[],"product_cat":[2183],"product_tag":[1828],"berocket_brand":[],"woo-feed-brand":[],"class_list":{"0":"post-67459","1":"product","2":"type-product","3":"status-publish","4":"has-post-thumbnail","6":"product_cat-panerai","7":"product_tag-luminor","9":"first","10":"instock","11":"sale","12":"taxable","13":"shipping-taxable","14":"purchasable","15":"product-type-simple"},"bundled_by":[],"bundle_stock_status":"instock","bundle_stock_quantity":1,"bundle_virtual":false,"bundle_layout":"","bundle_add_to_cart_form_location":"","bundle_editable_in_cart":false,"bundle_sold_individually_context":"","bundle_item_grouping":"","bundle_min_size":"","bundle_max_size":"","bundle_price":[],"bundled_items":[],"bundle_sell_ids":[],"group_of_quantity":0,"min_quantity":0,"max_quantity":"","exclude_order_quantity_value_rules":"no","exclude_category_quantity_rules":"no","combine_variations":"no","exclude_global_add_ons":[],"addons":[],"jetpack_sharing_enabled":true,"jetpack_likes_enabled":true,"_links":{"self":[{"href":"https:\/\/watchdeluxe.it\/fr\/wp-json\/wp\/v2\/product\/67459","targetHints":{"allow":["GET"]}}],"collection":[{"href":"https:\/\/watchdeluxe.it\/fr\/wp-json\/wp\/v2\/product"}],"about":[{"href":"https:\/\/watchdeluxe.it\/fr\/wp-json\/wp\/v2\/types\/product"}],"wp:featuredmedia":[{"embeddable":true,"href":"https:\/\/watchdeluxe.it\/fr\/wp-json\/wp\/v2\/media\/66572"}],"wp:attachment":[{"href":"https:\/\/watchdeluxe.it\/fr\/wp-json\/wp\/v2\/media?parent=67459"}],"wp:term":[{"taxonomy":"product_brand","embeddable":true,"href":"https:\/\/watchdeluxe.it\/fr\/wp-json\/wp\/v2\/product_brand?post=67459"},{"taxonomy":"product_cat","embeddable":true,"href":"https:\/\/watchdeluxe.it\/fr\/wp-json\/wp\/v2\/product_cat?post=67459"},{"taxonomy":"product_tag","embeddable":true,"href":"https:\/\/watchdeluxe.it\/fr\/wp-json\/wp\/v2\/product_tag?post=67459"},{"taxonomy":"berocket_brand","embeddable":true,"href":"https:\/\/watchdeluxe.it\/fr\/wp-json\/wp\/v2\/berocket_brand?post=67459"},{"taxonomy":"woo-feed-brand","embeddable":true,"href":"https:\/\/watchdeluxe.it\/fr\/wp-json\/wp\/v2\/woo-feed-brand?post=67459"}],"curies":[{"name":"wp","href":"https:\/\/api.w.org\/{rel}","templated":true}]}}