{"id":67445,"date":"2023-06-23T17:54:54","date_gmt":"2023-06-23T15:54:54","guid":{"rendered":"https:\/\/watchdeluxe.it\/prodotto\/panerai-submersible-mike-horn-edition-pam-984\/"},"modified":"2026-04-01T11:34:36","modified_gmt":"2026-04-01T09:34:36","slug":"panerai-submersible-mike-horn-edition-pam-984","status":"publish","type":"product","link":"https:\/\/watchdeluxe.it\/fr\/prodotto\/panerai-submersible-mike-horn-edition-pam-984\/","title":{"rendered":"Panerai Submersible \u00c9dition Mike Horn PAM0984"},"content":{"rendered":"<p>Panerai Submersible Mike Horn Edition PAM 984<\/p>\n<div class=\"pan-technical-spec-left\">\n<div class=\"pan-technical-spec-list\">\n<h4 class=\"pan-technical-spec-list-heading\" data-gtm-vis-recent-on-screen-8130187_229=\"3024\" data-gtm-vis-first-on-screen-8130187_229=\"3024\" data-gtm-vis-total-visible-time-8130187_229=\"100\" data-gtm-vis-has-fired-8130187_229=\"1\">Mouvement<\/h4>\n<p class=\"pan-technical-spec-list-detail\">Automatique, calibre P.9010, enti\u00e8rement r\u00e9alis\u00e9 par Panerai, 13\u00be lignes, 6,0 mm d&#8217;\u00e9paisseur, 31 rubis, balancier Glucydur\u00ae, 28&#8217;800 alternances par heure. Dispositif antichoc Incabloc\u00ae. R\u00e9serve de marche de 3 jours, deux barillets. 200 composants<\/p>\n<\/div>\n<div class=\"pan-technical-spec-list\">\n<h4 class=\"pan-technical-spec-list-heading\" data-gtm-vis-has-fired-8130187_229=\"1\">Fonctions<\/h4>\n<p class=\"pan-technical-spec-list-detail\">Date \u00e0 guichet, Minutes, Petites secondes, Heures<\/p>\n<\/div>\n<div class=\"pan-technical-spec-list\">\n<h4 class=\"pan-technical-spec-list-heading\" data-gtm-vis-has-fired-8130187_229=\"1\">Lunette<\/h4>\n<p class=\"pan-technical-spec-list-detail\">EcoTitanium\u2122. Lunette tournante unidirectionnelle dans le sens inverse des aiguilles d&#8217;une montre avec \u00e9chelle gradu\u00e9e<\/p>\n<\/div>\n<\/div>\n<div class=\"pan-technical-spec-right\">\n<div class=\"pan-technical-spec-list\">\n<h4 class=\"pan-technical-spec-list-heading\" data-gtm-vis-has-fired-8130187_229=\"1\">Cadran<\/h4>\n<p class=\"pan-technical-spec-list-detail\">Noir avec rep\u00e8res et points luminescents. Date \u00e0 3 heures, petite seconde \u00e0 9 heures<\/p>\n<\/div>\n<div class=\"pan-technical-spec-list\">\n<h4 class=\"pan-technical-spec-list-heading\" data-gtm-vis-has-fired-8130187_229=\"1\">Imperm\u00e9able \u00e0 l&#8217;eau<\/h4>\n<p class=\"pan-technical-spec-list-detail\">&#8220;30.0 bar (~300.0 m\u00e8tres)&#8221;<\/p>\n<\/div>\n<div class=\"pan-technical-spec-list\">\n<h4 class=\"pan-technical-spec-list-heading\" data-gtm-vis-has-fired-8130187_229=\"1\">Courroie<\/h4>\n<p class=\"pan-technical-spec-list-detail\">PET recycl\u00e9 noir, coutures noires, 26.0\/22.0 dimensions standard<\/p>\n<\/div>\n<\/div>\n","protected":false},"excerpt":{"rendered":"<p>Panerai Submersible Mike Horn Edition PAM 984 Mouvement Automatique, calibre P.9010, enti\u00e8rement r\u00e9alis\u00e9 par Panerai, 13\u00be lignes, 6,0 mm d&#8217;\u00e9paisseur, 31 rubis, balancier Glucydur\u00ae, 28&#8217;800 alternances par heure. Dispositif antichoc Incabloc\u00ae. R\u00e9serve de marche de 3 jours, deux barillets. 200 composants Fonctions Date \u00e0 guichet, Minutes, Petites secondes, Heures Lunette EcoTitanium\u2122. Lunette tournante unidirectionnelle dans [&hellip;]<\/p>\n","protected":false},"featured_media":66628,"template":"","meta":{"_crdt_document":"","advanced_seo_description":"","jetpack_seo_html_title":"","jetpack_seo_noindex":false},"product_brand":[],"product_cat":[2376],"product_tag":[2285],"berocket_brand":[],"woo-feed-brand":[],"class_list":{"0":"post-67445","1":"product","2":"type-product","3":"status-publish","4":"has-post-thumbnail","6":"product_cat-nomos-glashutte-fr","7":"product_tag-submersible-fr","9":"first","10":"instock","11":"sale","12":"taxable","13":"shipping-taxable","14":"purchasable","15":"product-type-simple"},"bundled_by":[],"bundle_stock_status":"instock","bundle_stock_quantity":1,"bundle_virtual":false,"bundle_layout":"","bundle_add_to_cart_form_location":"","bundle_editable_in_cart":false,"bundle_sold_individually_context":"","bundle_item_grouping":"","bundle_min_size":"","bundle_max_size":"","bundle_price":[],"bundled_items":[],"bundle_sell_ids":[],"group_of_quantity":0,"min_quantity":0,"max_quantity":"","exclude_order_quantity_value_rules":"no","exclude_category_quantity_rules":"no","combine_variations":"no","jetpack_sharing_enabled":true,"jetpack_likes_enabled":true,"_links":{"self":[{"href":"https:\/\/watchdeluxe.it\/fr\/wp-json\/wp\/v2\/product\/67445","targetHints":{"allow":["GET"]}}],"collection":[{"href":"https:\/\/watchdeluxe.it\/fr\/wp-json\/wp\/v2\/product"}],"about":[{"href":"https:\/\/watchdeluxe.it\/fr\/wp-json\/wp\/v2\/types\/product"}],"wp:featuredmedia":[{"embeddable":true,"href":"https:\/\/watchdeluxe.it\/fr\/wp-json\/wp\/v2\/media\/66628"}],"wp:attachment":[{"href":"https:\/\/watchdeluxe.it\/fr\/wp-json\/wp\/v2\/media?parent=67445"}],"wp:term":[{"taxonomy":"product_brand","embeddable":true,"href":"https:\/\/watchdeluxe.it\/fr\/wp-json\/wp\/v2\/product_brand?post=67445"},{"taxonomy":"product_cat","embeddable":true,"href":"https:\/\/watchdeluxe.it\/fr\/wp-json\/wp\/v2\/product_cat?post=67445"},{"taxonomy":"product_tag","embeddable":true,"href":"https:\/\/watchdeluxe.it\/fr\/wp-json\/wp\/v2\/product_tag?post=67445"},{"taxonomy":"berocket_brand","embeddable":true,"href":"https:\/\/watchdeluxe.it\/fr\/wp-json\/wp\/v2\/berocket_brand?post=67445"},{"taxonomy":"woo-feed-brand","embeddable":true,"href":"https:\/\/watchdeluxe.it\/fr\/wp-json\/wp\/v2\/woo-feed-brand?post=67445"}],"curies":[{"name":"wp","href":"https:\/\/api.w.org\/{rel}","templated":true}]}}