{"id":67238,"date":"2023-07-03T15:46:54","date_gmt":"2023-07-03T13:46:54","guid":{"rendered":"https:\/\/watchdeluxe.it\/prodotto\/montblanc-meisterstuck-rose-gold-coated-legrand-biros-ref-132481\/"},"modified":"2026-01-21T18:06:15","modified_gmt":"2026-01-21T17:06:15","slug":"montblanc-meisterstuck-rose-or-coated-legrand-ref-132481","status":"publish","type":"product","link":"https:\/\/watchdeluxe.it\/fr\/prodotto\/montblanc-meisterstuck-rose-or-coated-legrand-ref-132481\/","title":{"rendered":"Montblanc Meisterst\u00fcck Rose Gold-Coated LeGrand biros ref. 132481"},"content":{"rendered":"<p>Montblanc Meisterst\u00fcck Rose Gold-Coated LeGrand biros ref. 13248<\/p>\n<p><span class=\"clip_description\">Clip \u00e0<span class=\"key\">l\u00e8vres<\/span> en finition or rose avec num\u00e9ro de s\u00e9rie individuel <\/span> <span class=\"barrel_description\"> <span class=\"key\">Corps<\/span> R\u00e9sine noire pr\u00e9cieuse <\/span> <span class=\"cap_description\"> <span class=\"key\">Capuchon<\/span> R\u00e9sine pr\u00e9cieuse noire incrust\u00e9e de l&#8217;embl\u00e8me Montblanc <\/span> <span class=\"brand_colour\"> <span class=\"key\">Couleur<\/span> Noir <\/span><\/p>\n<div id=\"dimensions_content\" class=\"accordion__content\" role=\"region\" aria-labelledby=\"dimensions\"> <span class=\"length first\"> <span class=\"key\">Dimensions<\/span> 147,9 <\/span> <span class=\"width last\"> 15,5 <span class=\"unit\">mm<\/span> <\/span> <span class=\"physicalweight\"> <span class=\"key\">Poids<\/span> 29,87 <span class=\"unit\">g<\/span> <\/span> <\/div>\n","protected":false},"excerpt":{"rendered":"<p>Montblanc Meisterst\u00fcck Rose Gold-Coated LeGrand biros ref. 13248 Clip \u00e0l\u00e8vres en finition or rose avec num\u00e9ro de s\u00e9rie individuel Corps R\u00e9sine noire pr\u00e9cieuse Capuchon R\u00e9sine pr\u00e9cieuse noire incrust\u00e9e de l&#8217;embl\u00e8me Montblanc Couleur Noir Dimensions 147,9 15,5 mm Poids 29,87 g<\/p>\n","protected":false},"featured_media":66872,"template":"","meta":{"_crdt_document":"","advanced_seo_description":"","jetpack_seo_html_title":"","jetpack_seo_noindex":false},"product_brand":[],"product_cat":[2241],"product_tag":[2252],"berocket_brand":[],"woo-feed-brand":[],"class_list":{"0":"post-67238","1":"product","2":"type-product","3":"status-publish","4":"has-post-thumbnail","6":"product_cat-montblanc-fr","7":"product_tag-stylos","9":"first","10":"instock","11":"sale","12":"taxable","13":"shipping-taxable","14":"purchasable","15":"product-type-simple"},"bundled_by":[],"bundle_stock_status":"instock","bundle_stock_quantity":1,"bundle_virtual":false,"bundle_layout":"","bundle_add_to_cart_form_location":"","bundle_editable_in_cart":false,"bundle_sold_individually_context":"","bundle_item_grouping":"","bundle_min_size":"","bundle_max_size":"","bundle_price":[],"bundled_items":[],"bundle_sell_ids":[],"group_of_quantity":0,"min_quantity":0,"max_quantity":"","exclude_order_quantity_value_rules":"no","exclude_category_quantity_rules":"no","combine_variations":"no","jetpack_sharing_enabled":true,"jetpack_likes_enabled":true,"_links":{"self":[{"href":"https:\/\/watchdeluxe.it\/fr\/wp-json\/wp\/v2\/product\/67238","targetHints":{"allow":["GET"]}}],"collection":[{"href":"https:\/\/watchdeluxe.it\/fr\/wp-json\/wp\/v2\/product"}],"about":[{"href":"https:\/\/watchdeluxe.it\/fr\/wp-json\/wp\/v2\/types\/product"}],"wp:featuredmedia":[{"embeddable":true,"href":"https:\/\/watchdeluxe.it\/fr\/wp-json\/wp\/v2\/media\/66872"}],"wp:attachment":[{"href":"https:\/\/watchdeluxe.it\/fr\/wp-json\/wp\/v2\/media?parent=67238"}],"wp:term":[{"taxonomy":"product_brand","embeddable":true,"href":"https:\/\/watchdeluxe.it\/fr\/wp-json\/wp\/v2\/product_brand?post=67238"},{"taxonomy":"product_cat","embeddable":true,"href":"https:\/\/watchdeluxe.it\/fr\/wp-json\/wp\/v2\/product_cat?post=67238"},{"taxonomy":"product_tag","embeddable":true,"href":"https:\/\/watchdeluxe.it\/fr\/wp-json\/wp\/v2\/product_tag?post=67238"},{"taxonomy":"berocket_brand","embeddable":true,"href":"https:\/\/watchdeluxe.it\/fr\/wp-json\/wp\/v2\/berocket_brand?post=67238"},{"taxonomy":"woo-feed-brand","embeddable":true,"href":"https:\/\/watchdeluxe.it\/fr\/wp-json\/wp\/v2\/woo-feed-brand?post=67238"}],"curies":[{"name":"wp","href":"https:\/\/api.w.org\/{rel}","templated":true}]}}