{"id":182549,"date":"2026-05-02T11:03:16","date_gmt":"2026-05-02T09:03:16","guid":{"rendered":"https:\/\/watchdeluxe.it\/prodotto\/longines-conquest-heritage-ref-l16118784\/"},"modified":"2026-05-02T11:03:46","modified_gmt":"2026-05-02T09:03:46","slug":"longines-conquest-heritage-ref-l16118784","status":"publish","type":"product","link":"https:\/\/watchdeluxe.it\/fr\/prodotto\/longines-conquest-heritage-ref-l16118784\/","title":{"rendered":"Longines Conquest Heritage r\u00e9f. L16118784"},"content":{"rendered":"<p>Longines Conquest Heritage r\u00e9f. L16118784<\/p>\n<p>&lt;<\/p>\n<p>ul><\/p>\n<li>Mat\u00e9riau du bo\u00eetier : Or rose 18 carats<\/li>\n<li>Diam\u00e8tre du bo\u00eetier : 35 mm<\/li>\n<li>\u00c9paisseur : 10 mm<\/li>\n<li>Mouvement : M\u00e9canique \u00e0 remontage automatique, calibre L633<\/li>\n<li>\u00c9tanch\u00e9it\u00e9 : 3 bar (30 m\u00e8tres)<\/li>\n<li>Verre : Hesalite<\/li>\n<li>Bracelet : Bracelet en cuir d&#8217;alligator<\/li>\n<p>\/ul&gt;<\/p>\n","protected":false},"excerpt":{"rendered":"<p>\u00c9l\u00e9gante montre vintage en or rose 18 carats<\/p>\n","protected":false},"featured_media":182543,"template":"","meta":{"_crdt_document":"","advanced_seo_description":"","jetpack_seo_html_title":"","jetpack_seo_noindex":false},"product_brand":[],"product_cat":[1923],"product_tag":[4060,3884],"berocket_brand":[],"woo-feed-brand":[],"class_list":{"0":"post-182549","1":"product","2":"type-product","3":"status-publish","4":"has-post-thumbnail","6":"product_cat-longines","7":"product_tag-conquest-2","8":"product_tag-heritage-2","10":"first","11":"instock","12":"sale","13":"taxable","14":"shipping-taxable","15":"purchasable","16":"product-type-simple"},"bundled_by":[],"bundle_stock_status":"instock","bundle_stock_quantity":1,"bundle_virtual":false,"bundle_layout":"","bundle_add_to_cart_form_location":"","bundle_editable_in_cart":false,"bundle_sold_individually_context":"","bundle_item_grouping":"","bundle_min_size":"","bundle_max_size":"","bundle_price":[],"bundled_items":[],"bundle_sell_ids":[],"group_of_quantity":0,"min_quantity":0,"max_quantity":"","exclude_order_quantity_value_rules":"no","exclude_category_quantity_rules":"no","combine_variations":"no","jetpack_sharing_enabled":true,"jetpack_likes_enabled":true,"_links":{"self":[{"href":"https:\/\/watchdeluxe.it\/fr\/wp-json\/wp\/v2\/product\/182549","targetHints":{"allow":["GET"]}}],"collection":[{"href":"https:\/\/watchdeluxe.it\/fr\/wp-json\/wp\/v2\/product"}],"about":[{"href":"https:\/\/watchdeluxe.it\/fr\/wp-json\/wp\/v2\/types\/product"}],"wp:featuredmedia":[{"embeddable":true,"href":"https:\/\/watchdeluxe.it\/fr\/wp-json\/wp\/v2\/media\/182543"}],"wp:attachment":[{"href":"https:\/\/watchdeluxe.it\/fr\/wp-json\/wp\/v2\/media?parent=182549"}],"wp:term":[{"taxonomy":"product_brand","embeddable":true,"href":"https:\/\/watchdeluxe.it\/fr\/wp-json\/wp\/v2\/product_brand?post=182549"},{"taxonomy":"product_cat","embeddable":true,"href":"https:\/\/watchdeluxe.it\/fr\/wp-json\/wp\/v2\/product_cat?post=182549"},{"taxonomy":"product_tag","embeddable":true,"href":"https:\/\/watchdeluxe.it\/fr\/wp-json\/wp\/v2\/product_tag?post=182549"},{"taxonomy":"berocket_brand","embeddable":true,"href":"https:\/\/watchdeluxe.it\/fr\/wp-json\/wp\/v2\/berocket_brand?post=182549"},{"taxonomy":"woo-feed-brand","embeddable":true,"href":"https:\/\/watchdeluxe.it\/fr\/wp-json\/wp\/v2\/woo-feed-brand?post=182549"}],"curies":[{"name":"wp","href":"https:\/\/api.w.org\/{rel}","templated":true}]}}