{"id":182481,"date":"2026-05-02T10:49:39","date_gmt":"2026-05-02T08:49:39","guid":{"rendered":"https:\/\/watchdeluxe.it\/prodotto\/longines-la-grande-classique-ref-l45230502\/"},"modified":"2026-05-02T10:49:39","modified_gmt":"2026-05-02T08:49:39","slug":"longines-la-grande-classique-ref-l45230502","status":"publish","type":"product","link":"https:\/\/watchdeluxe.it\/fr\/prodotto\/longines-la-grande-classique-ref-l45230502\/","title":{"rendered":"Longines La Grande Classique r\u00e9f. L45230502"},"content":{"rendered":"<p>Longines La Grande Classique r\u00e9f. L45230502<\/p>\n<ul>\n<li>Mat\u00e9riau du bo\u00eetier : acier inoxydable avec 44 diamants Top Wesselton IF-VVS (0,369 ct)<\/li>\n<li>Diam\u00e8tre du bo\u00eetier : 29,00 mm<\/li>\n<li>\u00c9paisseur : 4,50 mm<\/li>\n<li>Mouvement : Quartz (Calibre L420)<\/li>\n<li>\u00c9tanch\u00e9it\u00e9 : 3 bar (30 m\u00e8tres)<\/li>\n<li>Cristal : Verre saphir inrayable<\/li>\n<li>Bracelet : cuir d\u2019alligator noir<\/li>\n<\/ul>\n","protected":false},"excerpt":{"rendered":"<p>\u00c9l\u00e9gante montre habill\u00e9e ultra-plate avec lunette sertie de diamants<\/p>\n","protected":false},"featured_media":182477,"template":"","meta":{"_crdt_document":"","advanced_seo_description":"","jetpack_seo_html_title":"","jetpack_seo_noindex":false},"product_brand":[],"product_cat":[1923],"product_tag":[1619],"berocket_brand":[],"woo-feed-brand":[],"class_list":{"0":"post-182481","1":"product","2":"type-product","3":"status-publish","4":"has-post-thumbnail","6":"product_cat-longines","7":"product_tag-la-grande-classique","9":"first","10":"instock","11":"sale","12":"taxable","13":"shipping-taxable","14":"purchasable","15":"product-type-simple"},"bundled_by":[],"bundle_stock_status":"instock","bundle_stock_quantity":1,"bundle_virtual":false,"bundle_layout":"","bundle_add_to_cart_form_location":"","bundle_editable_in_cart":false,"bundle_sold_individually_context":"","bundle_item_grouping":"","bundle_min_size":"","bundle_max_size":"","bundle_price":[],"bundled_items":[],"bundle_sell_ids":[],"group_of_quantity":0,"min_quantity":0,"max_quantity":"","exclude_order_quantity_value_rules":"no","exclude_category_quantity_rules":"no","combine_variations":"no","jetpack_sharing_enabled":true,"jetpack_likes_enabled":true,"_links":{"self":[{"href":"https:\/\/watchdeluxe.it\/fr\/wp-json\/wp\/v2\/product\/182481","targetHints":{"allow":["GET"]}}],"collection":[{"href":"https:\/\/watchdeluxe.it\/fr\/wp-json\/wp\/v2\/product"}],"about":[{"href":"https:\/\/watchdeluxe.it\/fr\/wp-json\/wp\/v2\/types\/product"}],"wp:featuredmedia":[{"embeddable":true,"href":"https:\/\/watchdeluxe.it\/fr\/wp-json\/wp\/v2\/media\/182477"}],"wp:attachment":[{"href":"https:\/\/watchdeluxe.it\/fr\/wp-json\/wp\/v2\/media?parent=182481"}],"wp:term":[{"taxonomy":"product_brand","embeddable":true,"href":"https:\/\/watchdeluxe.it\/fr\/wp-json\/wp\/v2\/product_brand?post=182481"},{"taxonomy":"product_cat","embeddable":true,"href":"https:\/\/watchdeluxe.it\/fr\/wp-json\/wp\/v2\/product_cat?post=182481"},{"taxonomy":"product_tag","embeddable":true,"href":"https:\/\/watchdeluxe.it\/fr\/wp-json\/wp\/v2\/product_tag?post=182481"},{"taxonomy":"berocket_brand","embeddable":true,"href":"https:\/\/watchdeluxe.it\/fr\/wp-json\/wp\/v2\/berocket_brand?post=182481"},{"taxonomy":"woo-feed-brand","embeddable":true,"href":"https:\/\/watchdeluxe.it\/fr\/wp-json\/wp\/v2\/woo-feed-brand?post=182481"}],"curies":[{"name":"wp","href":"https:\/\/api.w.org\/{rel}","templated":true}]}}