{"id":181407,"date":"2026-04-30T10:09:55","date_gmt":"2026-04-30T08:09:55","guid":{"rendered":"https:\/\/watchdeluxe.it\/prodotto\/longines-elegant-collection-ref-l48104116\/"},"modified":"2026-04-30T10:09:55","modified_gmt":"2026-04-30T08:09:55","slug":"longines-elegant-collection-ref-l48104116","status":"publish","type":"product","link":"https:\/\/watchdeluxe.it\/fr\/prodotto\/longines-elegant-collection-ref-l48104116\/","title":{"rendered":"Longines elegant collection r\u00e9f. L48104116"},"content":{"rendered":"<p>L48104116<\/p>\n<ul>\n<li>Acier inoxydable<\/li>\n<li>37,00 mm<\/li>\n<li>8,40 mm<\/li>\n<li>M\u00e9canique \u00e0 remontage automatique, calibre L888<\/li>\n<li>3 bar (30 m\u00e8tres)<\/li>\n<li>Verre saphir inrayable<\/li>\n<li>Acier inoxydable<\/li>\n<li>Collection contemporaine<\/li>\n<\/ul>\n","protected":false},"excerpt":{"rendered":"<p>Montre habill\u00e9e au style classique et \u00e9pur\u00e9.<\/p>\n","protected":false},"featured_media":181388,"template":"","meta":{"_crdt_document":"","advanced_seo_description":"","jetpack_seo_html_title":"","jetpack_seo_noindex":false},"product_brand":[],"product_cat":[1923],"product_tag":[1427],"berocket_brand":[],"woo-feed-brand":[],"class_list":{"0":"post-181407","1":"product","2":"type-product","3":"status-publish","4":"has-post-thumbnail","6":"product_cat-longines","7":"product_tag-elegant","9":"first","10":"instock","11":"sale","12":"taxable","13":"shipping-taxable","14":"purchasable","15":"product-type-simple"},"bundled_by":[],"bundle_stock_status":"instock","bundle_stock_quantity":1,"bundle_virtual":false,"bundle_layout":"","bundle_add_to_cart_form_location":"","bundle_editable_in_cart":false,"bundle_sold_individually_context":"","bundle_item_grouping":"","bundle_min_size":"","bundle_max_size":"","bundle_price":[],"bundled_items":[],"bundle_sell_ids":[],"group_of_quantity":0,"min_quantity":0,"max_quantity":"","exclude_order_quantity_value_rules":"no","exclude_category_quantity_rules":"no","combine_variations":"no","jetpack_sharing_enabled":true,"jetpack_likes_enabled":true,"_links":{"self":[{"href":"https:\/\/watchdeluxe.it\/fr\/wp-json\/wp\/v2\/product\/181407","targetHints":{"allow":["GET"]}}],"collection":[{"href":"https:\/\/watchdeluxe.it\/fr\/wp-json\/wp\/v2\/product"}],"about":[{"href":"https:\/\/watchdeluxe.it\/fr\/wp-json\/wp\/v2\/types\/product"}],"wp:featuredmedia":[{"embeddable":true,"href":"https:\/\/watchdeluxe.it\/fr\/wp-json\/wp\/v2\/media\/181388"}],"wp:attachment":[{"href":"https:\/\/watchdeluxe.it\/fr\/wp-json\/wp\/v2\/media?parent=181407"}],"wp:term":[{"taxonomy":"product_brand","embeddable":true,"href":"https:\/\/watchdeluxe.it\/fr\/wp-json\/wp\/v2\/product_brand?post=181407"},{"taxonomy":"product_cat","embeddable":true,"href":"https:\/\/watchdeluxe.it\/fr\/wp-json\/wp\/v2\/product_cat?post=181407"},{"taxonomy":"product_tag","embeddable":true,"href":"https:\/\/watchdeluxe.it\/fr\/wp-json\/wp\/v2\/product_tag?post=181407"},{"taxonomy":"berocket_brand","embeddable":true,"href":"https:\/\/watchdeluxe.it\/fr\/wp-json\/wp\/v2\/berocket_brand?post=181407"},{"taxonomy":"woo-feed-brand","embeddable":true,"href":"https:\/\/watchdeluxe.it\/fr\/wp-json\/wp\/v2\/woo-feed-brand?post=181407"}],"curies":[{"name":"wp","href":"https:\/\/api.w.org\/{rel}","templated":true}]}}